{"id":7603,"date":"2022-05-02T13:23:53","date_gmt":"2022-05-02T12:23:53","guid":{"rendered":"https:\/\/www.globe-shopper.fr\/?page_id=7603"},"modified":"2024-01-09T14:06:34","modified_gmt":"2024-01-09T13:06:34","slug":"ese","status":"publish","type":"page","link":"https:\/\/www.globe-shopper.fr\/fr\/","title":{"rendered":"Accueil"},"content":{"rendered":"<p>[vc_row][vc_column]\n    <div class=\"story-telling l-width\">\n        <p class=\"title\">globe<\/p>\n        <div class=\"subtitle\"><p>From story telling<\/p>\n<p>To story selling<\/p>\n<\/div>\n    <\/div>\n\n    [vc_column_text]<strong>Les marques ne font plus seulement partie du quotidien, elles sont LE quotidien des consommateurs.<\/strong> Dans un monde toujours plus complexe, ils cherchent du sens, du concret, des preuves pour accorder leur confiance et passer \u00e0 l\u2019acte d\u2019achat.<\/p>\n<p>Ces nouveaux consommateurs entendent \u00eatre valoris\u00e9s quand ils veulent, o\u00f9 ils veulent. Aux marques de savoir se montrer accessibles et dignes d\u2019int\u00e9r\u00eat pour engager la conversation.[\/vc_column_text][\/vc_column][\/vc_row][vc_row][vc_column]\n    <div class=\"bubules l-width\">\n                <div class=\"content row-3\">\n                            <div class=\"bubule\">\n                    <p class=\"title\">Augmenter le Sell Out; Recruter de nouveaux Acheteurs<\/p>\n                <\/div>\n                                        <div class=\"bubule\">\n                    <p class=\"title\">S\u2019adapter aux attentes des Shoppers et des Retailers<\/p>\n                <\/div>\n                                        <div class=\"bubule\">\n                    <p class=\"title\">Am\u00e9liorer la rentabilit\u00e9 des investissements Shoppers<\/p>\n                <\/div>\n                                <\/div>\n<\/div>\n\n    [vc_column_text]<strong>Chez Globe nous sommes convaincus que la croissance passe par la conqu\u00eate permanente.<\/strong> C\u2019est pourquoi nous d\u00e9ployons tout notre savoir-faire du Shopper Marketing pour adresser l\u2019audience pertinente la plus vaste et activer toutes les \u00e9tapes du parcours d\u2019achat. En r\u00e9enchantant l\u2019exp\u00e9rience-client, nous transformons chaque anonyme en shopper s\u00e9duit &amp; convaincu\u2026 Finalement le meilleur des ambassadeurs.[\/vc_column_text][\/vc_column][\/vc_row][vc_row][vc_column]\n    <div class=\"separateur\"><span class=\"one\"><\/span><span class=\"two\"><\/span><\/div>\n\n    <div class=\"l-width\">\n        <div class=\"returns-wrapper\">\n                            <div class=\"returns\">\n    <a href=\"https:\/\/globe-groupe.com\/fr\/agence-shopper-marketing\/\" class=\"returns__link\">\n        <div class=\"returns__link-background\" style=\"background-image: url('https:\/\/www.globe-shopper.fr\/wp-content\/uploads\/2018\/10\/agence.jpg')\"><\/div>\n        <p class=\"returns__link-title\">L'agence<\/p>\n    <\/a>\n<\/div>\n            \n                            <div class=\"returns\">\n    <a href=\"https:\/\/www.globe-shopper.fr\/fr\/modele-shopper- centric\/\" class=\"returns__link\">\n        <div class=\"returns__link-background\" style=\"background-image: url('https:\/\/www.globe-shopper.fr\/wp-content\/uploads\/2018\/10\/modele-shopper.jpg')\"><\/div>\n        <p class=\"returns__link-title\">Mod\u00e8le Shopper<\/p>\n    <\/a>\n<\/div>\n            \n                            <div class=\"returns\">\n    <a href=\"https:\/\/globe-groupe.com\/fr\/activation-marketing\/\" class=\"returns__link\">\n        <div class=\"returns__link-background\" style=\"background-image: url('https:\/\/www.globe-shopper.fr\/wp-content\/uploads\/2018\/10\/stories.jpg')\"><\/div>\n        <p class=\"returns__link-title\">Stories<\/p>\n    <\/a>\n<\/div>\n                    <\/div>\n    <\/div>\n\n    [\/vc_column][\/vc_row][vc_row][vc_column]\n    <div class=\"slider images\">\n        <div class=\"carousel-wrap\">\n            <div class=\"owl-carousel mains-slider\">\n                                                            <div class=\"item\"><img src=\"https:\/\/www.globe-shopper.fr\/wp-content\/uploads\/2018\/11\/033-scaled.jpg\" alt=\"033\"><\/div>\n                                                                                <div class=\"item\"><img src=\"https:\/\/www.globe-shopper.fr\/wp-content\/uploads\/2018\/11\/CARTE-NOIRE-TEMPS-FORT-resized.jpg\" alt=\"CARTE NOIRE TEMPS FORT\"><\/div>\n                                                                                <div class=\"item\"><img src=\"https:\/\/www.globe-shopper.fr\/wp-content\/uploads\/2018\/11\/ST-LAZ-MARKET-resized.jpg\" alt=\"ST LAZ MARKET resized\"><\/div>\n                                                                                <div class=\"item\"><img src=\"https:\/\/www.globe-shopper.fr\/wp-content\/uploads\/2019\/01\/EVIAN-SLIDER-1-e1452265907563-1.jpg\" alt=\"EVIAN-SLIDER-1-e1452265907563\"><\/div>\n                                                <\/div>\n        <\/div>\n    <\/div>\n\n\n    [\/vc_column][\/vc_row][vc_row][vc_column]\n    <div class=\"button\">\n        <a href=\"https:\/\/globe-groupe.com\/fr\/contact\/\">Contactez nous<\/a>\n    <\/div>\n\n    [\/vc_column][\/vc_row][vc_row][vc_column]\n            <div class=\"last-news l-width\">\n            <div class=\"separateur\"><span class=\"one\"><\/span><span class=\"two\"><\/span><\/div>\n\n            <h2 class=\"last-news__title\"><\/h2>\n\n            <div class=\"news-content\">\n                \n                                    <a href=\"https:\/\/www.globe-shopper.fr\/fr\/presse\/lsa-live-2020-les-5-points-cles-a-retenir-de-linterview-de-jeremy-dahan\/\" class=\"new\">\n                        <div class=\"img\">\n                            <img width=\"400\" height=\"320\" src=\"https:\/\/www.globe-shopper.fr\/wp-content\/uploads\/2021\/02\/000491391_5-400x320.jpg\" class=\"attachment-single-blog-thumb size-single-blog-thumb wp-post-image\" alt=\"Jeremy Dahan GLOBE GROUPE LSA Live\" decoding=\"async\" \/>                        <\/div>\n                        <div class=\"title\">LSA Live 2020 : les 5 points cl\u00e9s \u00e0 retenir de l'interview de Jeremy Dahan<\/div>\n                        <div class=\"text\">\n                                                    <\/div>\n                    <\/a>\n                                    <a href=\"https:\/\/www.globe-shopper.fr\/fr\/article\/green-commerce-les-retailers-passent-au-vert\/\" class=\"new\">\n                        <div class=\"img\">\n                            <img width=\"400\" height=\"282\" src=\"https:\/\/www.globe-shopper.fr\/wp-content\/uploads\/2022\/11\/52-400x282.jpeg\" class=\"attachment-single-blog-thumb size-single-blog-thumb wp-post-image\" alt=\"\" decoding=\"async\" \/>                        <\/div>\n                        <div class=\"title\">Green commerce : les retailers passent au vert !<\/div>\n                        <div class=\"text\">\n                                                    <\/div>\n                    <\/a>\n                                    <a href=\"https:\/\/www.globe-shopper.fr\/fr\/presse\/live-shopping-et-digital-globe-groupe-veut-humaniser-le-web\/\" class=\"new\">\n                        <div class=\"img\">\n                            <img width=\"400\" height=\"320\" src=\"https:\/\/www.globe-shopper.fr\/wp-content\/uploads\/2021\/03\/john-schnobrich-2FPjlAyMQTA-unsplash-400x320.jpg\" class=\"attachment-single-blog-thumb size-single-blog-thumb wp-post-image\" alt=\"GLOBE LIVE SHOPPING\" decoding=\"async\" \/>                        <\/div>\n                        <div class=\"title\">Live shopping et digital : GLOBE GROUPE veut humaniser le web<\/div>\n                        <div class=\"text\">\n                                                    <\/div>\n                    <\/a>\n                \n                            <\/div>\n        <\/div>\n    \n    [\/vc_column][\/vc_row]<\/p>\n","protected":false},"excerpt":{"rendered":"<p>[vc_row][vc_column][vc_column_text]Les marques ne font plus seulement partie du quotidien, elles sont LE quotidien des consommateurs. Dans un monde toujours plus complexe, ils cherchent du sens, du concret, des preuves pour accorder leur confiance et passer \u00e0 l\u2019acte d\u2019achat. Ces nouveaux consommateurs entendent \u00eatre valoris\u00e9s quand ils veulent, o\u00f9 ils veulent. Aux marques de savoir se [&hellip;]<\/p>\n","protected":false},"author":1,"featured_media":0,"parent":0,"menu_order":0,"comment_status":"closed","ping_status":"closed","template":"page-templates\/page-ese.php","meta":{"footnotes":""},"acf":[],"yoast_head":"<!-- This site is optimized with the Yoast SEO plugin v19.13 - https:\/\/yoast.com\/wordpress\/plugins\/seo\/ -->\n<title>Shopper Marketing - 1\u00e8re Agence Marketing Exp\u00e9rientiel - GLOBE<\/title>\n<meta name=\"description\" content=\"1\u00e8re agence int\u00e9gr\u00e9e de shopper marketing,\u00a0GLOBE\u00a0imagine et produit des exp\u00e9riences pour transformer le consommateur en shopper.\" \/>\n<meta name=\"robots\" content=\"index, follow, max-snippet:-1, max-image-preview:large, max-video-preview:-1\" \/>\n<link rel=\"canonical\" href=\"https:\/\/www.globe-shopper.fr\/fr\/ese\/\" \/>\n<meta property=\"og:locale\" content=\"fr_FR\" \/>\n<meta property=\"og:type\" content=\"article\" \/>\n<meta property=\"og:title\" content=\"Shopper Marketing - 1\u00e8re Agence Marketing Exp\u00e9rientiel - GLOBE\" \/>\n<meta property=\"og:description\" content=\"1\u00e8re agence int\u00e9gr\u00e9e de shopper marketing,\u00a0GLOBE\u00a0imagine et produit des exp\u00e9riences pour transformer le consommateur en shopper.\" \/>\n<meta property=\"og:url\" content=\"https:\/\/www.globe-shopper.fr\/fr\/ese\/\" \/>\n<meta property=\"og:site_name\" content=\"Globe Groupe\" \/>\n<meta property=\"article:modified_time\" content=\"2024-01-09T13:06:34+00:00\" \/>\n<meta name=\"twitter:card\" content=\"summary_large_image\" \/>\n<meta name=\"twitter:label1\" content=\"Dur\u00e9e de lecture est.\" \/>\n\t<meta name=\"twitter:data1\" content=\"1 minute\" \/>\n<script type=\"application\/ld+json\" class=\"yoast-schema-graph\">{\"@context\":\"https:\/\/schema.org\",\"@graph\":[{\"@type\":\"WebPage\",\"@id\":\"https:\/\/www.globe-shopper.fr\/fr\/ese\/\",\"url\":\"https:\/\/www.globe-shopper.fr\/fr\/ese\/\",\"name\":\"Shopper Marketing - 1\u00e8re Agence Marketing Exp\u00e9rientiel - GLOBE\",\"isPartOf\":{\"@id\":\"https:\/\/www.globe-shopper.fr\/fr\/#website\"},\"datePublished\":\"2022-05-02T12:23:53+00:00\",\"dateModified\":\"2024-01-09T13:06:34+00:00\",\"description\":\"1\u00e8re agence int\u00e9gr\u00e9e de shopper marketing,\u00a0GLOBE\u00a0imagine et produit des exp\u00e9riences pour transformer le consommateur en shopper.\",\"breadcrumb\":{\"@id\":\"https:\/\/www.globe-shopper.fr\/fr\/ese\/#breadcrumb\"},\"inLanguage\":\"fr-FR\",\"potentialAction\":[{\"@type\":\"ReadAction\",\"target\":[\"https:\/\/www.globe-shopper.fr\/fr\/ese\/\"]}]},{\"@type\":\"BreadcrumbList\",\"@id\":\"https:\/\/www.globe-shopper.fr\/fr\/ese\/#breadcrumb\",\"itemListElement\":[{\"@type\":\"ListItem\",\"position\":1,\"name\":\"Home\",\"item\":\"https:\/\/www.globe-shopper.fr\/fr\/ese\/\"},{\"@type\":\"ListItem\",\"position\":2,\"name\":\"Accueil\"}]},{\"@type\":\"WebSite\",\"@id\":\"https:\/\/www.globe-shopper.fr\/fr\/#website\",\"url\":\"https:\/\/www.globe-shopper.fr\/fr\/\",\"name\":\"Globe Groupe\",\"description\":\"Effective Shopper Experience\",\"publisher\":{\"@id\":\"https:\/\/www.globe-shopper.fr\/fr\/#organization\"},\"potentialAction\":[{\"@type\":\"SearchAction\",\"target\":{\"@type\":\"EntryPoint\",\"urlTemplate\":\"https:\/\/www.globe-shopper.fr\/fr\/?s={search_term_string}\"},\"query-input\":\"required name=search_term_string\"}],\"inLanguage\":\"fr-FR\"},{\"@type\":\"Organization\",\"@id\":\"https:\/\/www.globe-shopper.fr\/fr\/#organization\",\"name\":\"Groupe Globe\",\"url\":\"https:\/\/www.globe-shopper.fr\/fr\/\",\"logo\":{\"@type\":\"ImageObject\",\"inLanguage\":\"fr-FR\",\"@id\":\"https:\/\/www.globe-shopper.fr\/fr\/#\/schema\/logo\/image\/\",\"url\":\"https:\/\/www.globe-shopper.fr\/wp-content\/uploads\/2021\/08\/globe-groupe.png\",\"contentUrl\":\"https:\/\/www.globe-shopper.fr\/wp-content\/uploads\/2021\/08\/globe-groupe.png\",\"width\":1269,\"height\":1024,\"caption\":\"Groupe Globe\"},\"image\":{\"@id\":\"https:\/\/www.globe-shopper.fr\/fr\/#\/schema\/logo\/image\/\"},\"sameAs\":[\"https:\/\/www.instagram.com\/globe_deutschland\/\",\"https:\/\/www.linkedin.com\/company\/globe-group-deutschland\/\"]}]}<\/script>\n<!-- \/ Yoast SEO plugin. -->","yoast_head_json":{"title":"Shopper Marketing - 1\u00e8re Agence Marketing Exp\u00e9rientiel - GLOBE","description":"1\u00e8re agence int\u00e9gr\u00e9e de shopper marketing,\u00a0GLOBE\u00a0imagine et produit des exp\u00e9riences pour transformer le consommateur en shopper.","robots":{"index":"index","follow":"follow","max-snippet":"max-snippet:-1","max-image-preview":"max-image-preview:large","max-video-preview":"max-video-preview:-1"},"canonical":"https:\/\/www.globe-shopper.fr\/fr\/ese\/","og_locale":"fr_FR","og_type":"article","og_title":"Shopper Marketing - 1\u00e8re Agence Marketing Exp\u00e9rientiel - GLOBE","og_description":"1\u00e8re agence int\u00e9gr\u00e9e de shopper marketing,\u00a0GLOBE\u00a0imagine et produit des exp\u00e9riences pour transformer le consommateur en shopper.","og_url":"https:\/\/www.globe-shopper.fr\/fr\/ese\/","og_site_name":"Globe Groupe","article_modified_time":"2024-01-09T13:06:34+00:00","twitter_card":"summary_large_image","twitter_misc":{"Dur\u00e9e de lecture est.":"1 minute"},"schema":{"@context":"https:\/\/schema.org","@graph":[{"@type":"WebPage","@id":"https:\/\/www.globe-shopper.fr\/fr\/ese\/","url":"https:\/\/www.globe-shopper.fr\/fr\/ese\/","name":"Shopper Marketing - 1\u00e8re Agence Marketing Exp\u00e9rientiel - GLOBE","isPartOf":{"@id":"https:\/\/www.globe-shopper.fr\/fr\/#website"},"datePublished":"2022-05-02T12:23:53+00:00","dateModified":"2024-01-09T13:06:34+00:00","description":"1\u00e8re agence int\u00e9gr\u00e9e de shopper marketing,\u00a0GLOBE\u00a0imagine et produit des exp\u00e9riences pour transformer le consommateur en shopper.","breadcrumb":{"@id":"https:\/\/www.globe-shopper.fr\/fr\/ese\/#breadcrumb"},"inLanguage":"fr-FR","potentialAction":[{"@type":"ReadAction","target":["https:\/\/www.globe-shopper.fr\/fr\/ese\/"]}]},{"@type":"BreadcrumbList","@id":"https:\/\/www.globe-shopper.fr\/fr\/ese\/#breadcrumb","itemListElement":[{"@type":"ListItem","position":1,"name":"Home","item":"https:\/\/www.globe-shopper.fr\/fr\/ese\/"},{"@type":"ListItem","position":2,"name":"Accueil"}]},{"@type":"WebSite","@id":"https:\/\/www.globe-shopper.fr\/fr\/#website","url":"https:\/\/www.globe-shopper.fr\/fr\/","name":"Globe Groupe","description":"Effective Shopper Experience","publisher":{"@id":"https:\/\/www.globe-shopper.fr\/fr\/#organization"},"potentialAction":[{"@type":"SearchAction","target":{"@type":"EntryPoint","urlTemplate":"https:\/\/www.globe-shopper.fr\/fr\/?s={search_term_string}"},"query-input":"required name=search_term_string"}],"inLanguage":"fr-FR"},{"@type":"Organization","@id":"https:\/\/www.globe-shopper.fr\/fr\/#organization","name":"Groupe Globe","url":"https:\/\/www.globe-shopper.fr\/fr\/","logo":{"@type":"ImageObject","inLanguage":"fr-FR","@id":"https:\/\/www.globe-shopper.fr\/fr\/#\/schema\/logo\/image\/","url":"https:\/\/www.globe-shopper.fr\/wp-content\/uploads\/2021\/08\/globe-groupe.png","contentUrl":"https:\/\/www.globe-shopper.fr\/wp-content\/uploads\/2021\/08\/globe-groupe.png","width":1269,"height":1024,"caption":"Groupe Globe"},"image":{"@id":"https:\/\/www.globe-shopper.fr\/fr\/#\/schema\/logo\/image\/"},"sameAs":["https:\/\/www.instagram.com\/globe_deutschland\/","https:\/\/www.linkedin.com\/company\/globe-group-deutschland\/"]}]}},"_links":{"self":[{"href":"https:\/\/www.globe-shopper.fr\/fr\/wp-json\/wp\/v2\/pages\/7603"}],"collection":[{"href":"https:\/\/www.globe-shopper.fr\/fr\/wp-json\/wp\/v2\/pages"}],"about":[{"href":"https:\/\/www.globe-shopper.fr\/fr\/wp-json\/wp\/v2\/types\/page"}],"author":[{"embeddable":true,"href":"https:\/\/www.globe-shopper.fr\/fr\/wp-json\/wp\/v2\/users\/1"}],"replies":[{"embeddable":true,"href":"https:\/\/www.globe-shopper.fr\/fr\/wp-json\/wp\/v2\/comments?post=7603"}],"version-history":[{"count":2,"href":"https:\/\/www.globe-shopper.fr\/fr\/wp-json\/wp\/v2\/pages\/7603\/revisions"}],"predecessor-version":[{"id":7808,"href":"https:\/\/www.globe-shopper.fr\/fr\/wp-json\/wp\/v2\/pages\/7603\/revisions\/7808"}],"wp:attachment":[{"href":"https:\/\/www.globe-shopper.fr\/fr\/wp-json\/wp\/v2\/media?parent=7603"}],"curies":[{"name":"wp","href":"https:\/\/api.w.org\/{rel}","templated":true}]}}