{"id":749,"date":"2018-12-06T15:35:57","date_gmt":"2018-12-06T14:35:57","guid":{"rendered":"https:\/\/globe-group.com\/plan-du-site\/"},"modified":"2018-12-18T15:47:25","modified_gmt":"2018-12-18T14:47:25","slug":"plan-du-site","status":"publish","type":"page","link":"https:\/\/www.globe-shopper.fr\/fr\/plan-du-site\/","title":{"rendered":"Plan du site"},"content":{"rendered":"<div class=\"wsp-container\"><h2 class=\"wsp-pages-title\">Pages<\/h2>\n<ul class=\"wsp-pages-list\">\n<li class=\"page_item page-item-30\"><a href=\"https:\/\/www.globe-shopper.fr\/fr\/agence-shopper-marketing\/\">L&rsquo;agence<\/a><\/li>\n<li class=\"page_item page-item-32\"><a href=\"https:\/\/www.globe-shopper.fr\/fr\/modele-shopper-centric\/\">Mod\u00e8le shopper<\/a><\/li>\n<li class=\"page_item page-item-36\"><a href=\"https:\/\/www.globe-shopper.fr\/fr\/actualites\/\">News<\/a><\/li>\n<li class=\"page_item page-item-38\"><a href=\"https:\/\/www.globe-shopper.fr\/fr\/recrutement\/\">Rejoignez-nous, Postulez chez GLOBE<\/a><\/li>\n<li class=\"page_item page-item-40\"><a href=\"https:\/\/www.globe-shopper.fr\/fr\/contact\/\">Contactez-nous<\/a><\/li>\n<li class=\"page_item page-item-42\"><a href=\"https:\/\/www.globe-shopper.fr\/fr\/activation-marketing\/\">Work<\/a><\/li>\n<li class=\"page_item page-item-75\"><a href=\"https:\/\/www.globe-shopper.fr\/fr\/mentions-legales\/\">Mentions l\u00e9gales<\/a><\/li>\n<li class=\"page_item page-item-591\"><a href=\"https:\/\/www.globe-shopper.fr\/fr\/activation-marketing-secteur\/\">Playground<\/a><\/li>\n<li class=\"page_item page-item-3531\"><a href=\"https:\/\/www.globe-shopper.fr\/fr\/lagence\/\">L&rsquo;agence<\/a><\/li>\n<li class=\"page_item page-item-7133\"><a href=\"https:\/\/www.globe-shopper.fr\/fr\/postulez\/\">Postulez<\/a><\/li>\n<li class=\"page_item page-item-7384\"><a href=\"https:\/\/www.globe-shopper.fr\/fr\/reglement-du-jeu-concours-spottedglobegroupe\/\">R\u00e9glement du Jeu-concours #SPOTTEDGLOBEGROUPE<\/a><\/li>\n<li class=\"page_item page-item-7603\"><a href=\"https:\/\/www.globe-shopper.fr\/fr\/\">Accueil<\/a><\/li>\n<\/ul>\n<\/div>\n","protected":false},"excerpt":{"rendered":"Pages L&rsquo;agence Mod\u00e8le shopper News Rejoignez-nous, Postulez chez GLOBE Contactez-nous Work Mentions l\u00e9gales Playground L&rsquo;agence Postulez R\u00e9glement du Jeu-concours #SPOTTEDGLOBEGROUPE Accueil","protected":false},"author":10,"featured_media":0,"parent":0,"menu_order":0,"comment_status":"closed","ping_status":"closed","template":"page-templates\/page-plan-du-site.php","meta":{"footnotes":""},"acf":[],"yoast_head":"<!-- This site is optimized with the Yoast SEO plugin v19.13 - https:\/\/yoast.com\/wordpress\/plugins\/seo\/ -->\n<title>Plan du site - Globe Groupe<\/title>\n<meta name=\"robots\" content=\"index, follow, max-snippet:-1, max-image-preview:large, max-video-preview:-1\" \/>\n<link rel=\"canonical\" href=\"https:\/\/www.globe-shopper.fr\/fr\/plan-du-site\/\" \/>\n<meta property=\"og:locale\" content=\"fr_FR\" \/>\n<meta property=\"og:type\" content=\"article\" \/>\n<meta property=\"og:title\" content=\"Plan du site - Globe Groupe\" \/>\n<meta property=\"og:url\" content=\"https:\/\/www.globe-shopper.fr\/fr\/plan-du-site\/\" \/>\n<meta property=\"og:site_name\" content=\"Globe Groupe\" \/>\n<meta property=\"article:modified_time\" content=\"2018-12-18T14:47:25+00:00\" \/>\n<meta name=\"twitter:card\" content=\"summary_large_image\" \/>\n<script type=\"application\/ld+json\" class=\"yoast-schema-graph\">{\"@context\":\"https:\/\/schema.org\",\"@graph\":[{\"@type\":\"WebPage\",\"@id\":\"https:\/\/www.globe-shopper.fr\/fr\/plan-du-site\/\",\"url\":\"https:\/\/www.globe-shopper.fr\/fr\/plan-du-site\/\",\"name\":\"Plan du site - Globe Groupe\",\"isPartOf\":{\"@id\":\"https:\/\/www.globe-shopper.fr\/fr\/#website\"},\"datePublished\":\"2018-12-06T14:35:57+00:00\",\"dateModified\":\"2018-12-18T14:47:25+00:00\",\"breadcrumb\":{\"@id\":\"https:\/\/www.globe-shopper.fr\/fr\/plan-du-site\/#breadcrumb\"},\"inLanguage\":\"fr-FR\",\"potentialAction\":[{\"@type\":\"ReadAction\",\"target\":[\"https:\/\/www.globe-shopper.fr\/fr\/plan-du-site\/\"]}]},{\"@type\":\"BreadcrumbList\",\"@id\":\"https:\/\/www.globe-shopper.fr\/fr\/plan-du-site\/#breadcrumb\",\"itemListElement\":[{\"@type\":\"ListItem\",\"position\":1,\"name\":\"Home\",\"item\":\"https:\/\/www.globe-shopper.fr\/fr\/ese\/\"},{\"@type\":\"ListItem\",\"position\":2,\"name\":\"Plan du site\"}]},{\"@type\":\"WebSite\",\"@id\":\"https:\/\/www.globe-shopper.fr\/fr\/#website\",\"url\":\"https:\/\/www.globe-shopper.fr\/fr\/\",\"name\":\"Globe Groupe\",\"description\":\"Effective Shopper Experience\",\"publisher\":{\"@id\":\"https:\/\/www.globe-shopper.fr\/fr\/#organization\"},\"potentialAction\":[{\"@type\":\"SearchAction\",\"target\":{\"@type\":\"EntryPoint\",\"urlTemplate\":\"https:\/\/www.globe-shopper.fr\/fr\/?s={search_term_string}\"},\"query-input\":\"required name=search_term_string\"}],\"inLanguage\":\"fr-FR\"},{\"@type\":\"Organization\",\"@id\":\"https:\/\/www.globe-shopper.fr\/fr\/#organization\",\"name\":\"Groupe Globe\",\"url\":\"https:\/\/www.globe-shopper.fr\/fr\/\",\"logo\":{\"@type\":\"ImageObject\",\"inLanguage\":\"fr-FR\",\"@id\":\"https:\/\/www.globe-shopper.fr\/fr\/#\/schema\/logo\/image\/\",\"url\":\"https:\/\/www.globe-shopper.fr\/wp-content\/uploads\/2021\/08\/globe-groupe.png\",\"contentUrl\":\"https:\/\/www.globe-shopper.fr\/wp-content\/uploads\/2021\/08\/globe-groupe.png\",\"width\":1269,\"height\":1024,\"caption\":\"Groupe Globe\"},\"image\":{\"@id\":\"https:\/\/www.globe-shopper.fr\/fr\/#\/schema\/logo\/image\/\"},\"sameAs\":[\"https:\/\/www.instagram.com\/globe_deutschland\/\",\"https:\/\/www.linkedin.com\/company\/globe-group-deutschland\/\"]}]}<\/script>\n<!-- \/ Yoast SEO plugin. -->","yoast_head_json":{"title":"Plan du site - Globe Groupe","robots":{"index":"index","follow":"follow","max-snippet":"max-snippet:-1","max-image-preview":"max-image-preview:large","max-video-preview":"max-video-preview:-1"},"canonical":"https:\/\/www.globe-shopper.fr\/fr\/plan-du-site\/","og_locale":"fr_FR","og_type":"article","og_title":"Plan du site - Globe Groupe","og_url":"https:\/\/www.globe-shopper.fr\/fr\/plan-du-site\/","og_site_name":"Globe Groupe","article_modified_time":"2018-12-18T14:47:25+00:00","twitter_card":"summary_large_image","schema":{"@context":"https:\/\/schema.org","@graph":[{"@type":"WebPage","@id":"https:\/\/www.globe-shopper.fr\/fr\/plan-du-site\/","url":"https:\/\/www.globe-shopper.fr\/fr\/plan-du-site\/","name":"Plan du site - Globe Groupe","isPartOf":{"@id":"https:\/\/www.globe-shopper.fr\/fr\/#website"},"datePublished":"2018-12-06T14:35:57+00:00","dateModified":"2018-12-18T14:47:25+00:00","breadcrumb":{"@id":"https:\/\/www.globe-shopper.fr\/fr\/plan-du-site\/#breadcrumb"},"inLanguage":"fr-FR","potentialAction":[{"@type":"ReadAction","target":["https:\/\/www.globe-shopper.fr\/fr\/plan-du-site\/"]}]},{"@type":"BreadcrumbList","@id":"https:\/\/www.globe-shopper.fr\/fr\/plan-du-site\/#breadcrumb","itemListElement":[{"@type":"ListItem","position":1,"name":"Home","item":"https:\/\/www.globe-shopper.fr\/fr\/ese\/"},{"@type":"ListItem","position":2,"name":"Plan du site"}]},{"@type":"WebSite","@id":"https:\/\/www.globe-shopper.fr\/fr\/#website","url":"https:\/\/www.globe-shopper.fr\/fr\/","name":"Globe Groupe","description":"Effective Shopper Experience","publisher":{"@id":"https:\/\/www.globe-shopper.fr\/fr\/#organization"},"potentialAction":[{"@type":"SearchAction","target":{"@type":"EntryPoint","urlTemplate":"https:\/\/www.globe-shopper.fr\/fr\/?s={search_term_string}"},"query-input":"required name=search_term_string"}],"inLanguage":"fr-FR"},{"@type":"Organization","@id":"https:\/\/www.globe-shopper.fr\/fr\/#organization","name":"Groupe Globe","url":"https:\/\/www.globe-shopper.fr\/fr\/","logo":{"@type":"ImageObject","inLanguage":"fr-FR","@id":"https:\/\/www.globe-shopper.fr\/fr\/#\/schema\/logo\/image\/","url":"https:\/\/www.globe-shopper.fr\/wp-content\/uploads\/2021\/08\/globe-groupe.png","contentUrl":"https:\/\/www.globe-shopper.fr\/wp-content\/uploads\/2021\/08\/globe-groupe.png","width":1269,"height":1024,"caption":"Groupe Globe"},"image":{"@id":"https:\/\/www.globe-shopper.fr\/fr\/#\/schema\/logo\/image\/"},"sameAs":["https:\/\/www.instagram.com\/globe_deutschland\/","https:\/\/www.linkedin.com\/company\/globe-group-deutschland\/"]}]}},"_links":{"self":[{"href":"https:\/\/www.globe-shopper.fr\/fr\/wp-json\/wp\/v2\/pages\/749"}],"collection":[{"href":"https:\/\/www.globe-shopper.fr\/fr\/wp-json\/wp\/v2\/pages"}],"about":[{"href":"https:\/\/www.globe-shopper.fr\/fr\/wp-json\/wp\/v2\/types\/page"}],"author":[{"embeddable":true,"href":"https:\/\/www.globe-shopper.fr\/fr\/wp-json\/wp\/v2\/users\/10"}],"replies":[{"embeddable":true,"href":"https:\/\/www.globe-shopper.fr\/fr\/wp-json\/wp\/v2\/comments?post=749"}],"version-history":[{"count":2,"href":"https:\/\/www.globe-shopper.fr\/fr\/wp-json\/wp\/v2\/pages\/749\/revisions"}],"predecessor-version":[{"id":982,"href":"https:\/\/www.globe-shopper.fr\/fr\/wp-json\/wp\/v2\/pages\/749\/revisions\/982"}],"wp:attachment":[{"href":"https:\/\/www.globe-shopper.fr\/fr\/wp-json\/wp\/v2\/media?parent=749"}],"curies":[{"name":"wp","href":"https:\/\/api.w.org\/{rel}","templated":true}]}}