{"id":7384,"date":"2021-12-01T16:02:27","date_gmt":"2021-12-01T15:02:27","guid":{"rendered":"https:\/\/www.globe-shopper.fr\/?page_id=7384"},"modified":"2021-12-01T16:39:33","modified_gmt":"2021-12-01T15:39:33","slug":"reglement-du-jeu-concours-spottedglobegroupe","status":"publish","type":"page","link":"https:\/\/www.globe-shopper.fr\/fr\/reglement-du-jeu-concours-spottedglobegroupe\/","title":{"rendered":"R\u00e9glement du Jeu-concours #SPOTTEDGLOBEGROUPE"},"content":{"rendered":"<p>[vc_row][vc_column][vc_column_text]<strong>\u00a0<\/strong><strong>REGLEMENT COMPLET <\/strong><strong>JEU <\/strong><\/p>\n<p><strong>\u00ab\u00a0#SPOTTEDGLOBEGROUPE &#8211; 2021\u00a0\u00bb<\/strong><\/p>\n<p>&nbsp;<\/p>\n<p><strong><u>Article 1<\/u><\/strong> : Soci\u00e9t\u00e9 Organisatrice<\/p>\n<p>La soci\u00e9t\u00e9 HAWKER, soci\u00e9t\u00e9 par actions simplifi\u00e9e au capital de 24.527.288,00 Euros, enregistr\u00e9e au registre du commerce et des soci\u00e9t\u00e9s de Paris sous le num\u00e9ro 831 813 977, dont le si\u00e8ge social se trouve 38 rue Boissi\u00e8re 75116 PARIS\u00a0(Ci-apr\u00e8s la \u00ab\u00a0Soci\u00e9t\u00e9 Organisatrice\u00a0\u00bb) organise un jeu intitul\u00e9 \u00ab <strong>#SPOTTEDGLOBEGROUPE<\/strong><strong>\u00a0<\/strong>\u00bb (Ci-apr\u00e8s le \u00ab\u00a0Jeu\u00a0\u00bb).<\/p>\n<p>&nbsp;<\/p>\n<p><strong><u>Article 2<\/u><\/strong> : Supports du Jeu<\/p>\n<p>Le Jeu se d\u00e9roulera du 01\/12\/2021 au 24\/12\/2021 inclus et sera annonc\u00e9 sur\u00a0:<\/p>\n<ul>\n<li>R\u00e9seaux sociaux<\/li>\n<\/ul>\n<p>&nbsp;<\/p>\n<p><strong><u>Article 3<\/u><\/strong> : Conditions d\u2019acc\u00e8s au Jeu<\/p>\n<p>Le Jeu est ouvert \u00e0 toute personne physique majeure (\u00e0 la date de participation au Jeu) r\u00e9sidant en France m\u00e9tropolitaine, Corse Comprise, \u00e0 l\u2019exclusion des membres du personnel de la Soci\u00e9t\u00e9 Organisatrice, des points de vente et de leurs familles respectives, et de toute entit\u00e9 ayant particip\u00e9 directement ou indirectement \u00e0 la conception, l\u2019organisation, la r\u00e9alisation et\/ou la gestion du Jeu.<\/p>\n<p>&nbsp;<\/p>\n<p><strong><u>Article 4<\/u><\/strong> : Dotations<\/p>\n<p><u>4.1\u00a0: D\u00e9finition des dotations et d\u00e9termination des gagnants<\/u><\/p>\n<p>A gagner pendant toute la dur\u00e9e du Jeu : 4 dotations<\/p>\n<p>&#8211; <em>4 ch\u00e8ques Kad\u00e9os Infini <\/em>d\u2019une valeur unitaire commerciale de 100 \u20ac.<\/p>\n<p>&nbsp;<\/p>\n<ul>\n<li><u>\u00a0D\u00e9tail et prestations comprises : <\/u><\/li>\n<\/ul>\n<p>&#8211; Les <strong>ch\u00e8ques<\/strong> cadeaux sont valables 12 mois \u00e0 partir de la date d&rsquo;\u00e9mission.<\/p>\n<p>&#8211; Valable dans plus de 800 enseignes et 60 400 points d\u2019acceptation<\/p>\n<p><em>\u00a0<\/em>Le(s) gagnant(s) sera(ont) contact\u00e9(s) <em>ET<\/em> inform\u00e9(s) de son (leur) gain par email ou par t\u00e9l\u00e9phone, et recevra(ont) sa(leur) dotation(s) par courrier envoy\u00e9 \u00e0 l\u2019adresse communiqu\u00e9e dans un d\u00e9lai approximatif de 2 semaines \u00e0 compter de la date du tirage au sort.<em>\u00a0 <\/em><\/p>\n<p><em>\u00a0<\/em><\/p>\n<p><u>4.2\u00a0: Pr\u00e9cisions sur les dotations <\/u><\/p>\n<p>Les dotations sont non modifiables, non \u00e9changeables et non remboursables.<\/p>\n<p><em>\u00a0<\/em>Si le gagnant souhaite des prestations suppl\u00e9mentaires non comprises dans le descriptif de la dotation ou si les prestations li\u00e9es choisies par le gagnant correspondent \u00e0 une valeur commerciale plus \u00e9lev\u00e9e que celle initialement pr\u00e9vue par la Soci\u00e9t\u00e9 Organisatrice, le surco\u00fbt sera alors \u00e0 la charge personnelle exclusive du gagnant.<\/p>\n<p><strong>La valeur des dotations est d\u00e9termin\u00e9e au moment de la r\u00e9daction du pr\u00e9sent r\u00e8glement et ne saurait faire l\u2019objet d\u2019une contestation quant \u00e0 son \u00e9valuation.<\/strong><\/p>\n<p><strong>Les pr\u00e9sentes dotations ne peuvent faire l\u2019objet d\u2019une demande de contrepartie financi\u00e8re, d\u2019\u00e9change ou de reprise, pour quelque raison que se soit. <\/strong><\/p>\n<p>La Soci\u00e9t\u00e9 Organisatrice se r\u00e9serve la possibilit\u00e9, si les circonstances l&rsquo;exigent, de substituer, \u00e0 tout moment, \u00e0 la dotation, une dotation d&rsquo;une valeur unitaire commerciale et de caract\u00e9ristiques \u00e9quivalentes.<\/p>\n<p>&nbsp;<\/p>\n<p><strong><u>Article 5<\/u><\/strong> : Modalit\u00e9s et d\u00e9termination des gagnants<\/p>\n<p>Pour participer au Jeu, il suffit \u00e0 la personne int\u00e9ress\u00e9e de\u00a0:<\/p>\n<ul>\n<li>Prendre en photo une affiche GLOBE GROUPE expos\u00e9e dans Paris<\/li>\n<li>Poster la photo de l\u2019affiche dans sa story publique Instagram<\/li>\n<li>Mentionner le compte Instagram de GLOBE GROUPE @globe.groupe<\/li>\n<\/ul>\n<p>En cas de gain, le gagnant tir\u00e9 au sort sera contact\u00e9 par le service communication de la soci\u00e9t\u00e9 via le service de messagerie de l\u2019application Instagram afin de confirmer la dotation et les modalit\u00e9s associ\u00e9s.<\/p>\n<p>Si le participant n\u2019a pas \u00e9t\u00e9 tir\u00e9 au sort, il a donc perdu et ne sera pas contact\u00e9 par le service communication de la soci\u00e9t\u00e9.<\/p>\n<p>La soci\u00e9t\u00e9 tirera de mani\u00e8re al\u00e9atoires cinq gagnants par semaine parmi les participants au jeu.<\/p>\n<p>Dans un souci de confidentialit\u00e9, il ne sera effectu\u00e9 aucun envoi ni communication t\u00e9l\u00e9phonique de la liste de gagnants.<\/p>\n<p>&nbsp;<\/p>\n<p><strong><u>Article 6<\/u><\/strong> : R\u00e8glement<\/p>\n<p>La participation au Jeu implique l\u2019acceptation pleine et enti\u00e8re du pr\u00e9sent r\u00e8glement.<\/p>\n<p>Il ne sera r\u00e9pondu \u00e0 aucune demande (par courrier \u00e9lectronique ou par t\u00e9l\u00e9phone) concernant l\u2019interpr\u00e9tation ou l\u2019application du r\u00e8glement, concernant les modalit\u00e9s et m\u00e9canismes du Jeu.<\/p>\n<p>Le pr\u00e9sent r\u00e8glement a \u00e9t\u00e9 d\u00e9pos\u00e9 chez\u00a0:<\/p>\n<p>Ma\u00eetre CHERKI, Huissier de Justice au sein de la SELARL CHERKI &amp; RIGOT, dont le si\u00e8ge se trouve au 119 avenue de Flandre 75019 PARIS.<\/p>\n<p>Il est disponible sur <a href=\"https:\/\/www.globe-shopper.fr\/fr\/\">https:\/\/www.globe-shopper.fr\/fr\/<\/a> pendant toute la dur\u00e9e du Jeu.<\/p>\n<p>Le pr\u00e9sent r\u00e8glement peut \u00e9galement \u00eatre obtenu, jusqu\u2019au 24\/12\/2021 inclus, sur simple demande \u00e9crite au service communication de la soci\u00e9t\u00e9 (<a href=\"mailto:mduquesne@globe-groupe.com\">mduquesne@globe-groupe.com<\/a>)<\/p>\n<p>&nbsp;<\/p>\n<p><strong><u>Article 7<\/u><\/strong>\u00a0: \u00a0\u00a0\u00a0\u00a0\u00a0 Non Remboursement des frais de participation<\/p>\n<p>Les frais de participation au Jeu quels qu\u2019ils soient (frais d\u2019affranchissement, frais de connexion internet\u2026) ne sont pas rembours\u00e9s par la Soci\u00e9t\u00e9 Organisatrice.<\/p>\n<p>&nbsp;<\/p>\n<p><strong><u>Article 8<\/u><\/strong>\u00a0: Limite de responsabilit\u00e9<\/p>\n<p>8.1. La Soci\u00e9t\u00e9 Organisatrice ne saurait \u00eatre tenue responsable de probl\u00e8mes inh\u00e9rents \u00e0 la connexion internet, communication t\u00e9l\u00e9phonique ou du mauvais acheminement du courrier ou de tout autre probl\u00e8me qui ne lui serait pas imputable et qui interviendrait pendant la dur\u00e9e du Jeu.<\/p>\n<p>&nbsp;<\/p>\n<p>La Soci\u00e9t\u00e9 Organisatrice met tout en \u0153uvre pour offrir aux participants et maintenir des infrastructures, informations et outils fonctionnels et v\u00e9rifi\u00e9s.<\/p>\n<p>Elle ne saurait toutefois \u00eatre tenue responsable de la d\u00e9faillance du mat\u00e9riel des participants (ordinateur, logiciels, outils de connexion internet, t\u00e9l\u00e9phone, serveurs\u2026), de la perte de donn\u00e9es susceptibles d&rsquo;en r\u00e9sulter pour une cause non imputable \u00e0 la Soci\u00e9t\u00e9 Organisatrice et de l&rsquo;incidence de ces d\u00e9faillances sur leur participation au Jeu.<\/p>\n<p>Il appartient donc \u00e0 tout participant de prendre toutes les mesures appropri\u00e9es de fa\u00e7on \u00e0 prot\u00e9ger son mat\u00e9riel et les donn\u00e9es stock\u00e9es sur ses \u00e9quipements (informatique et t\u00e9l\u00e9phonique) contre tout atteinte. La participation au Jeu implique notamment la connaissance et l&rsquo;acceptation des caract\u00e9ristiques et des limites du r\u00e9seau Internet, de l&rsquo;absence de protection de certaines donn\u00e9es contre des d\u00e9tournements \u00e9ventuels ou piratage \u00e9manant de tiers et les risques de contamination par des \u00e9ventuels virus circulants sur le r\u00e9seau, ou de tout autres al\u00e9as li\u00e9s aux services postaux.<\/p>\n<p>&nbsp;<\/p>\n<p>8.2. Les participants acceptent que les donn\u00e9es contenues dans les syst\u00e8mes d&rsquo;information de la Soci\u00e9t\u00e9 Organisatrice aient force probante jusqu\u2019\u00e0 preuve du contraire, quant aux \u00e9l\u00e9ments de connexion et aux informations r\u00e9sultant d&rsquo;un traitement informatique relatif au Jeu.<\/p>\n<p>&nbsp;<\/p>\n<p>8.3. La Soci\u00e9t\u00e9 Organisatrice s&rsquo;engage \u00e0 mettre tous les moyens en \u0153uvre avec ses prestataires pour assurer le bon d\u00e9roulement du jeu. N\u00e9anmoins, si une d\u00e9faillance technique survenait et affectait le bon d\u00e9roulement du jeu dans des conditions ind\u00e9pendantes de la volont\u00e9 de la Soci\u00e9t\u00e9 Organisatrice, cette derni\u00e8re ne saurait \u00eatre engag\u00e9e \u00e0 l&rsquo;\u00e9gard des participants.<\/p>\n<p>&nbsp;<\/p>\n<p>8.4 Si les coordonn\u00e9es d\u2019un gagnant sont inexploitables ou si le gagnant ne peut \u00eatre identifi\u00e9 ni par son nom, ni son adresse, ni son num\u00e9ro de t\u00e9l\u00e9phone, il n\u2019appartient pas \u00e0 la Soci\u00e9t\u00e9 Organisatrice de faire des recherches compl\u00e9mentaires afin de retrouver le gagnant indisponible, qui ne recevra ni sa dotation ni aucun d\u00e9dommagement ou indemnit\u00e9.<\/p>\n<p>&nbsp;<\/p>\n<p>8.5. Le gagnant sera contact\u00e9 par email OU par t\u00e9l\u00e9phone. Le gagnant aura alors 2 semaines \u00e0 compter de la r\u00e9ception de l&#8217;email ou du message t\u00e9l\u00e9phonique lui notifiant son gain pour confirmer par email ou t\u00e9l\u00e9phone l&rsquo;acceptation de la dotation.\u00a0 Il recevra sa dotation \u00e0 l\u2019adresse postale indiqu\u00e9e dans le formulaire d\u2019inscription dans un d\u00e9lai approximatif de 4 semaines \u00e0 compter de la date de fin du Jeu.<\/p>\n<p>Dans le cas o\u00f9 la Soci\u00e9t\u00e9 Organisatrice ne parviendrait pas \u00e0 joindre le gagnant, ni par email, ni par t\u00e9l\u00e9phone (conform\u00e9ment aux coordonn\u00e9es indiqu\u00e9es dans le formulaire d&rsquo;inscription) apr\u00e8s 2 tentatives (en laissant des messages sur la bo\u00eete email <em>OU <\/em>sur le r\u00e9pondeur t\u00e9l\u00e9phonique du gagnant), le gagnant n&rsquo;ayant pas r\u00e9clam\u00e9 son gain dans un d\u00e9lai de 2 semaines suivant la date de l&#8217;email ou du message t\u00e9l\u00e9phonique lui notifiant son gain <em>OU<\/em> n\u2019aurait pas retir\u00e9 sa dotation pendant les d\u00e9lais impartis \u00e0 la Poste, sera consid\u00e9r\u00e9 comme ayant renonc\u00e9 purement et simplement \u00e0 sa dotation. La dotation ne sera pas attribu\u00e9e et ne pourra en aucun cas \u00eatre r\u00e9clam\u00e9e ult\u00e9rieurement. Elle restera de la propri\u00e9t\u00e9 de la Soci\u00e9t\u00e9 Organisatrice.<\/p>\n<p>&nbsp;<\/p>\n<p>8.6 En cas de renonciation expresse du gagnant \u00e0 b\u00e9n\u00e9ficier de sa dotation, celle-ci sera conserv\u00e9e par la Soci\u00e9t\u00e9 Organisatrice et pourra \u00eatre utilis\u00e9e dans le cadre d&rsquo;une op\u00e9ration ult\u00e9rieure, si la nature de la dotation le permet, et sans que la responsabilit\u00e9 de la Soci\u00e9t\u00e9 Organisatrice ne puisse \u00eatre engag\u00e9e de ce fait.<\/p>\n<p>&nbsp;<\/p>\n<p><strong><u>Article 9<\/u><\/strong>\u00a0: Correspondances<\/p>\n<p>Aucune correspondance ou demande de remboursement non conforme (incompl\u00e8te, illisible, erron\u00e9e, insuffisamment affranchie, exp\u00e9di\u00e9e en recommand\u00e9, renvoy\u00e9e hors d\u00e9lai ou parvenue par courrier \u00e9lectronique) ne sera prise en compte.<\/p>\n<p>&nbsp;<\/p>\n<p><strong><u>Article 10<\/u><\/strong>\u00a0: Disqualification<\/p>\n<p>Les participants autorisent toutes v\u00e9rifications concernant leur identit\u00e9, leur \u00e2ge, leur adresse et leur num\u00e9ro de t\u00e9l\u00e9phone dans le cadre du Jeu. Toute participation non conforme au pr\u00e9sent r\u00e8glement, incompl\u00e8te ou avec des coordonn\u00e9es erron\u00e9es sera consid\u00e9r\u00e9e comme nulle.<\/p>\n<p><strong>L&rsquo;utilisation de robots ou de tout autre proc\u00e9d\u00e9 similaire permettant de jouer au Jeu de fa\u00e7on m\u00e9canique ou autre est proscrite, la violation de cette r\u00e8gle entra\u00eenant l&rsquo;\u00e9limination d\u00e9finitive de son auteur ou utilisateur. La Soci\u00e9t\u00e9 Organisatrice pourra annuler tout ou partie du Jeu s&rsquo;il appara\u00eet que des fraudes sont intervenues sous quelque forme que ce soit, notamment de mani\u00e8re informatique ou du fait de la participation sous l&rsquo;identit\u00e9 d&rsquo;un tiers dans le cadre de la participation au Jeu et\/ou de la d\u00e9termination des gagnants. Elle se r\u00e9serve, dans cette hypoth\u00e8se, le droit de ne pas attribuer les dotations aux fraudeurs ou de poursuivre devant les juridictions comp\u00e9tentes les auteurs de ces fraudes.<\/strong><\/p>\n<p><strong>\u00a0<\/strong><\/p>\n<p><strong>\u00a0<\/strong><strong><u>Article 11<\/u><\/strong>\u00a0: Force majeure<\/p>\n<p>La Soci\u00e9t\u00e9 Organisatrice ne saurait encourir une quelconque responsabilit\u00e9 si, en cas de force majeure ou d\u2019\u00e9v\u00e8nements ind\u00e9pendants de sa volont\u00e9 ou si les circonstances l\u2019exigent, elle \u00e9tait amen\u00e9e \u00e0 annuler le pr\u00e9sent Jeu, \u00e0 l\u2019\u00e9courter, le proroger, le reporter, le suspendre ou \u00e0 en modifier les conditions, sa responsabilit\u00e9 ne pouvant \u00eatre engag\u00e9e de ce fait.<\/p>\n<p>Elle se r\u00e9serve, dans tous les cas, la possibilit\u00e9 de prolonger la p\u00e9riode de participation.<\/p>\n<p>&nbsp;<\/p>\n<p><strong><u>Article 12<\/u><\/strong>\u00a0: Exon\u00e9ration de responsabilit\u00e9<\/p>\n<p>La Soci\u00e9t\u00e9 Organisatrice ne saurait \u00eatre tenue responsable de tout d\u00e9faut ou dysfonctionnement des dotations qui rel\u00e8vent de la seule responsabilit\u00e9 du fabricant.<\/p>\n<p>La Soci\u00e9t\u00e9 Organisatrice d\u00e9cline toute responsabilit\u00e9 pour tous les incidents ou accidents qui pourraient survenir au(x) gagnant(s) pendant l\u2019utilisation et\/ou la jouissance des dotations.<\/p>\n<p>&nbsp;<\/p>\n<p><strong><u>Article 13<\/u><\/strong> : Autorisation d\u2019utilisation des noms, adresses et images des gagnants<\/p>\n<p>Sous r\u00e9serve d\u2019avoir obtenu l\u2019autorisation expresse du participant, la Soci\u00e9t\u00e9 Organisatrice pourra utiliser \u00e0 titre publicitaire, les nom, adresse, et photographie des participants, sans que cela leur conf\u00e8re un droit \u00e0 r\u00e9mun\u00e9ration, ou un avantage quelconque autre que la remise de leur dotation.<\/p>\n<p>&nbsp;<\/p>\n<p><strong><u>Article 14<\/u><\/strong><u>\u00a0<\/u>: Droits de propri\u00e9t\u00e9 intellectuelle et droits d\u2019auteur<u>\u00a0 <\/u><\/p>\n<p>Conform\u00e9ment aux lois r\u00e9gissant les droits de propri\u00e9t\u00e9 intellectuelle et le droit d\u2019auteur, l\u2019utilisation de tout ou partie des \u00e9l\u00e9ments faisant l\u2019objet d\u2019un droit de propri\u00e9t\u00e9 intellectuelle ou prot\u00e9g\u00e9 par le droit d\u2019auteur reproduit dans le cadre de ce Jeu est strictement interdite, sauf autorisation expresse et pr\u00e9alable de la Soci\u00e9t\u00e9 Organisatrice.<\/p>\n<p>&nbsp;<\/p>\n<p><strong><u>Article 15\u00a0<\/u><\/strong><strong>:<\/strong> Droit applicable et Litiges<\/p>\n<p>Le Jeu est soumis au droit fran\u00e7ais.<\/p>\n<p>Tout litige concernant l\u2019interpr\u00e9tation du r\u00e8glement et\/ou les cas non pr\u00e9vus par le pr\u00e9sent r\u00e8glement feront l\u2019objet d\u2019un r\u00e8glement amiable. A d\u00e9faut, il sera soumis aux juridictions du ressort de la Cour d\u2019appel de Paris.<\/p>\n<p>&nbsp;<\/p>\n<p><strong><u>Article 16<\/u><\/strong> : Protection des donn\u00e9es \u00e0 caract\u00e8re personnel<\/p>\n<p>Conform\u00e9ment au R\u00e8glement UE 2016\/679, les donn\u00e9es personnelles de chaque participant sont collect\u00e9es aux fins de gestion du Jeu et sont destin\u00e9es \u00e0 la soci\u00e9t\u00e9 HAWKER, responsable du traitement. Les donn\u00e9es des participants sont destin\u00e9es \u00e0 nos prestataires qui agissent en tant que sous-traitants et sont conserv\u00e9es pendant toute la dur\u00e9e du Jeu et apr\u00e8s la fin du Jeu afin d\u2019assurer sa bonne ex\u00e9cution. Si le participant a \u00e9galement accept\u00e9 de recevoir des propositions commerciales sur les services du groupe GLOBE GROUPE, ses donn\u00e9es seront conserv\u00e9es pendant une dur\u00e9e maximum de deux ans. Chaque participant dispose de droits d\u2019acc\u00e8s, d\u2019int\u00e9gration, de rectification, d\u2019effacement, de limitation du traitement effectu\u00e9, de blocage, d\u2019opposition et du droit \u00e0 la portabilit\u00e9 des donn\u00e9es le concernant en adressant une demande \u00e0 contact@globe-groupe.com. Chaque participant dispose \u00e9galement du droit d\u2019introduire une r\u00e9clamation aupr\u00e8s de la CNIL.[\/vc_column_text][\/vc_column][\/vc_row]<\/p>\n","protected":false},"excerpt":{"rendered":"<p>[vc_row][vc_column][vc_column_text]\u00a0REGLEMENT COMPLET JEU \u00ab\u00a0#SPOTTEDGLOBEGROUPE &#8211; 2021\u00a0\u00bb &nbsp; Article 1 : Soci\u00e9t\u00e9 Organisatrice La soci\u00e9t\u00e9 HAWKER, soci\u00e9t\u00e9 par actions simplifi\u00e9e au capital de 24.527.288,00 Euros, enregistr\u00e9e au registre du commerce et des soci\u00e9t\u00e9s de Paris sous le num\u00e9ro 831 813 977, dont le si\u00e8ge social se trouve 38 rue Boissi\u00e8re 75116 PARIS\u00a0(Ci-apr\u00e8s la \u00ab\u00a0Soci\u00e9t\u00e9 Organisatrice\u00a0\u00bb) organise [&hellip;]<\/p>\n","protected":false},"author":24,"featured_media":0,"parent":0,"menu_order":0,"comment_status":"closed","ping_status":"closed","template":"","meta":{"footnotes":""},"acf":[],"yoast_head":"<!-- This site is optimized with the Yoast SEO plugin v19.13 - https:\/\/yoast.com\/wordpress\/plugins\/seo\/ -->\n<title>R\u00e9glement du Jeu-concours #SPOTTEDGLOBEGROUPE - Globe Groupe<\/title>\n<meta name=\"robots\" content=\"index, follow, max-snippet:-1, max-image-preview:large, max-video-preview:-1\" \/>\n<link rel=\"canonical\" href=\"https:\/\/www.globe-shopper.fr\/fr\/reglement-du-jeu-concours-spottedglobegroupe\/\" \/>\n<meta property=\"og:locale\" content=\"fr_FR\" \/>\n<meta property=\"og:type\" content=\"article\" \/>\n<meta property=\"og:title\" content=\"R\u00e9glement du Jeu-concours #SPOTTEDGLOBEGROUPE - Globe Groupe\" \/>\n<meta property=\"og:description\" content=\"[vc_row][vc_column][vc_column_text]\u00a0REGLEMENT COMPLET JEU \u00ab\u00a0#SPOTTEDGLOBEGROUPE &#8211; 2021\u00a0\u00bb &nbsp; Article 1 : Soci\u00e9t\u00e9 Organisatrice La soci\u00e9t\u00e9 HAWKER, soci\u00e9t\u00e9 par actions simplifi\u00e9e au capital de 24.527.288,00 Euros, enregistr\u00e9e au registre du commerce et des soci\u00e9t\u00e9s de Paris sous le num\u00e9ro 831 813 977, dont le si\u00e8ge social se trouve 38 rue Boissi\u00e8re 75116 PARIS\u00a0(Ci-apr\u00e8s la \u00ab\u00a0Soci\u00e9t\u00e9 Organisatrice\u00a0\u00bb) organise [&hellip;]\" \/>\n<meta property=\"og:url\" content=\"https:\/\/www.globe-shopper.fr\/fr\/reglement-du-jeu-concours-spottedglobegroupe\/\" \/>\n<meta property=\"og:site_name\" content=\"Globe Groupe\" \/>\n<meta property=\"article:modified_time\" content=\"2021-12-01T15:39:33+00:00\" \/>\n<meta name=\"twitter:card\" content=\"summary_large_image\" \/>\n<meta name=\"twitter:label1\" content=\"Dur\u00e9e de lecture est.\" \/>\n\t<meta name=\"twitter:data1\" content=\"11 minutes\" \/>\n<script type=\"application\/ld+json\" class=\"yoast-schema-graph\">{\"@context\":\"https:\/\/schema.org\",\"@graph\":[{\"@type\":\"WebPage\",\"@id\":\"https:\/\/www.globe-shopper.fr\/fr\/reglement-du-jeu-concours-spottedglobegroupe\/\",\"url\":\"https:\/\/www.globe-shopper.fr\/fr\/reglement-du-jeu-concours-spottedglobegroupe\/\",\"name\":\"R\u00e9glement du Jeu-concours #SPOTTEDGLOBEGROUPE - Globe Groupe\",\"isPartOf\":{\"@id\":\"https:\/\/www.globe-shopper.fr\/fr\/#website\"},\"datePublished\":\"2021-12-01T15:02:27+00:00\",\"dateModified\":\"2021-12-01T15:39:33+00:00\",\"breadcrumb\":{\"@id\":\"https:\/\/www.globe-shopper.fr\/fr\/reglement-du-jeu-concours-spottedglobegroupe\/#breadcrumb\"},\"inLanguage\":\"fr-FR\",\"potentialAction\":[{\"@type\":\"ReadAction\",\"target\":[\"https:\/\/www.globe-shopper.fr\/fr\/reglement-du-jeu-concours-spottedglobegroupe\/\"]}]},{\"@type\":\"BreadcrumbList\",\"@id\":\"https:\/\/www.globe-shopper.fr\/fr\/reglement-du-jeu-concours-spottedglobegroupe\/#breadcrumb\",\"itemListElement\":[{\"@type\":\"ListItem\",\"position\":1,\"name\":\"Home\",\"item\":\"https:\/\/www.globe-shopper.fr\/fr\/ese\/\"},{\"@type\":\"ListItem\",\"position\":2,\"name\":\"R\u00e9glement du Jeu-concours #SPOTTEDGLOBEGROUPE\"}]},{\"@type\":\"WebSite\",\"@id\":\"https:\/\/www.globe-shopper.fr\/fr\/#website\",\"url\":\"https:\/\/www.globe-shopper.fr\/fr\/\",\"name\":\"Globe Groupe\",\"description\":\"Effective Shopper Experience\",\"publisher\":{\"@id\":\"https:\/\/www.globe-shopper.fr\/fr\/#organization\"},\"potentialAction\":[{\"@type\":\"SearchAction\",\"target\":{\"@type\":\"EntryPoint\",\"urlTemplate\":\"https:\/\/www.globe-shopper.fr\/fr\/?s={search_term_string}\"},\"query-input\":\"required name=search_term_string\"}],\"inLanguage\":\"fr-FR\"},{\"@type\":\"Organization\",\"@id\":\"https:\/\/www.globe-shopper.fr\/fr\/#organization\",\"name\":\"Groupe Globe\",\"url\":\"https:\/\/www.globe-shopper.fr\/fr\/\",\"logo\":{\"@type\":\"ImageObject\",\"inLanguage\":\"fr-FR\",\"@id\":\"https:\/\/www.globe-shopper.fr\/fr\/#\/schema\/logo\/image\/\",\"url\":\"https:\/\/www.globe-shopper.fr\/wp-content\/uploads\/2021\/08\/globe-groupe.png\",\"contentUrl\":\"https:\/\/www.globe-shopper.fr\/wp-content\/uploads\/2021\/08\/globe-groupe.png\",\"width\":1269,\"height\":1024,\"caption\":\"Groupe Globe\"},\"image\":{\"@id\":\"https:\/\/www.globe-shopper.fr\/fr\/#\/schema\/logo\/image\/\"},\"sameAs\":[\"https:\/\/www.instagram.com\/globe_deutschland\/\",\"https:\/\/www.linkedin.com\/company\/globe-group-deutschland\/\"]}]}<\/script>\n<!-- \/ Yoast SEO plugin. -->","yoast_head_json":{"title":"R\u00e9glement du Jeu-concours #SPOTTEDGLOBEGROUPE - Globe Groupe","robots":{"index":"index","follow":"follow","max-snippet":"max-snippet:-1","max-image-preview":"max-image-preview:large","max-video-preview":"max-video-preview:-1"},"canonical":"https:\/\/www.globe-shopper.fr\/fr\/reglement-du-jeu-concours-spottedglobegroupe\/","og_locale":"fr_FR","og_type":"article","og_title":"R\u00e9glement du Jeu-concours #SPOTTEDGLOBEGROUPE - Globe Groupe","og_description":"[vc_row][vc_column][vc_column_text]\u00a0REGLEMENT COMPLET JEU \u00ab\u00a0#SPOTTEDGLOBEGROUPE &#8211; 2021\u00a0\u00bb &nbsp; Article 1 : Soci\u00e9t\u00e9 Organisatrice La soci\u00e9t\u00e9 HAWKER, soci\u00e9t\u00e9 par actions simplifi\u00e9e au capital de 24.527.288,00 Euros, enregistr\u00e9e au registre du commerce et des soci\u00e9t\u00e9s de Paris sous le num\u00e9ro 831 813 977, dont le si\u00e8ge social se trouve 38 rue Boissi\u00e8re 75116 PARIS\u00a0(Ci-apr\u00e8s la \u00ab\u00a0Soci\u00e9t\u00e9 Organisatrice\u00a0\u00bb) organise [&hellip;]","og_url":"https:\/\/www.globe-shopper.fr\/fr\/reglement-du-jeu-concours-spottedglobegroupe\/","og_site_name":"Globe Groupe","article_modified_time":"2021-12-01T15:39:33+00:00","twitter_card":"summary_large_image","twitter_misc":{"Dur\u00e9e de lecture est.":"11 minutes"},"schema":{"@context":"https:\/\/schema.org","@graph":[{"@type":"WebPage","@id":"https:\/\/www.globe-shopper.fr\/fr\/reglement-du-jeu-concours-spottedglobegroupe\/","url":"https:\/\/www.globe-shopper.fr\/fr\/reglement-du-jeu-concours-spottedglobegroupe\/","name":"R\u00e9glement du Jeu-concours #SPOTTEDGLOBEGROUPE - Globe Groupe","isPartOf":{"@id":"https:\/\/www.globe-shopper.fr\/fr\/#website"},"datePublished":"2021-12-01T15:02:27+00:00","dateModified":"2021-12-01T15:39:33+00:00","breadcrumb":{"@id":"https:\/\/www.globe-shopper.fr\/fr\/reglement-du-jeu-concours-spottedglobegroupe\/#breadcrumb"},"inLanguage":"fr-FR","potentialAction":[{"@type":"ReadAction","target":["https:\/\/www.globe-shopper.fr\/fr\/reglement-du-jeu-concours-spottedglobegroupe\/"]}]},{"@type":"BreadcrumbList","@id":"https:\/\/www.globe-shopper.fr\/fr\/reglement-du-jeu-concours-spottedglobegroupe\/#breadcrumb","itemListElement":[{"@type":"ListItem","position":1,"name":"Home","item":"https:\/\/www.globe-shopper.fr\/fr\/ese\/"},{"@type":"ListItem","position":2,"name":"R\u00e9glement du Jeu-concours #SPOTTEDGLOBEGROUPE"}]},{"@type":"WebSite","@id":"https:\/\/www.globe-shopper.fr\/fr\/#website","url":"https:\/\/www.globe-shopper.fr\/fr\/","name":"Globe Groupe","description":"Effective Shopper Experience","publisher":{"@id":"https:\/\/www.globe-shopper.fr\/fr\/#organization"},"potentialAction":[{"@type":"SearchAction","target":{"@type":"EntryPoint","urlTemplate":"https:\/\/www.globe-shopper.fr\/fr\/?s={search_term_string}"},"query-input":"required name=search_term_string"}],"inLanguage":"fr-FR"},{"@type":"Organization","@id":"https:\/\/www.globe-shopper.fr\/fr\/#organization","name":"Groupe Globe","url":"https:\/\/www.globe-shopper.fr\/fr\/","logo":{"@type":"ImageObject","inLanguage":"fr-FR","@id":"https:\/\/www.globe-shopper.fr\/fr\/#\/schema\/logo\/image\/","url":"https:\/\/www.globe-shopper.fr\/wp-content\/uploads\/2021\/08\/globe-groupe.png","contentUrl":"https:\/\/www.globe-shopper.fr\/wp-content\/uploads\/2021\/08\/globe-groupe.png","width":1269,"height":1024,"caption":"Groupe Globe"},"image":{"@id":"https:\/\/www.globe-shopper.fr\/fr\/#\/schema\/logo\/image\/"},"sameAs":["https:\/\/www.instagram.com\/globe_deutschland\/","https:\/\/www.linkedin.com\/company\/globe-group-deutschland\/"]}]}},"_links":{"self":[{"href":"https:\/\/www.globe-shopper.fr\/fr\/wp-json\/wp\/v2\/pages\/7384"}],"collection":[{"href":"https:\/\/www.globe-shopper.fr\/fr\/wp-json\/wp\/v2\/pages"}],"about":[{"href":"https:\/\/www.globe-shopper.fr\/fr\/wp-json\/wp\/v2\/types\/page"}],"author":[{"embeddable":true,"href":"https:\/\/www.globe-shopper.fr\/fr\/wp-json\/wp\/v2\/users\/24"}],"replies":[{"embeddable":true,"href":"https:\/\/www.globe-shopper.fr\/fr\/wp-json\/wp\/v2\/comments?post=7384"}],"version-history":[{"count":4,"href":"https:\/\/www.globe-shopper.fr\/fr\/wp-json\/wp\/v2\/pages\/7384\/revisions"}],"predecessor-version":[{"id":7389,"href":"https:\/\/www.globe-shopper.fr\/fr\/wp-json\/wp\/v2\/pages\/7384\/revisions\/7389"}],"wp:attachment":[{"href":"https:\/\/www.globe-shopper.fr\/fr\/wp-json\/wp\/v2\/media?parent=7384"}],"curies":[{"name":"wp","href":"https:\/\/api.w.org\/{rel}","templated":true}]}}