{"id":7133,"date":"2021-07-20T16:14:21","date_gmt":"2021-07-20T15:14:21","guid":{"rendered":"https:\/\/www.globe-shopper.fr\/?page_id=7133"},"modified":"2021-07-20T17:00:59","modified_gmt":"2021-07-20T16:00:59","slug":"postulez","status":"publish","type":"page","link":"https:\/\/www.globe-shopper.fr\/fr\/postulez\/","title":{"rendered":"Postulez"},"content":{"rendered":"<p>[vc_row][vc_column][vc_column_text]<\/p>\n<h3>Pour postuler<\/h3>\n<h4>Veuillez remplir le questionnaire ci-dessous :<\/h4>\n<p>[\/vc_column_text][\/vc_column][\/vc_row][vc_row][vc_column][vc_column_text]<\/p>\n<div class=\"caldera-grid\" id=\"caldera_form_1\" data-cf-ver=\"1.9.7\" data-cf-form-id=\"CF60f6e8df92e97\"><div id=\"caldera_notices_1\" data-spinner=\"https:\/\/www.globe-shopper.fr\/wp-admin\/images\/spinner.gif\"><\/div><form data-instance=\"1\" class=\"CF60f6e8df92e97 caldera_forms_form cfajax-trigger\" method=\"POST\" enctype=\"multipart\/form-data\" id=\"CF60f6e8df92e97_1\" data-form-id=\"CF60f6e8df92e97\" aria-label=\"Formulaire candidature\" data-target=\"#caldera_notices_1\" data-template=\"#cfajax_CF60f6e8df92e97-tmpl\" data-cfajax=\"CF60f6e8df92e97\" data-load-element=\"_parent\" data-load-class=\"cf_processing\" data-post-disable=\"0\" data-action=\"cf_process_ajax_submit\" data-request=\"https:\/\/www.globe-shopper.fr\/fr\/\/cf-api\/CF60f6e8df92e97\" data-hiderows=\"true\">\r\n<input type=\"hidden\" id=\"_cf_verify_CF60f6e8df92e97\" name=\"_cf_verify\" value=\"26022dd9e2\"  data-nonce-time=\"1776612919\" \/><input type=\"hidden\" name=\"_wp_http_referer\" value=\"\/fr\/wp-json\/wp\/v2\/pages\/7133\" \/><div id=\"cf2-CF60f6e8df92e97_1\"><\/div><input type=\"hidden\" name=\"_cf_frm_id\" value=\"CF60f6e8df92e97\">\r\n<input type=\"hidden\" name=\"_cf_frm_ct\" value=\"1\">\r\n<input type=\"hidden\" name=\"cfajax\" value=\"CF60f6e8df92e97\">\r\n<input type=\"hidden\" name=\"_cf_cr_pst\" value=\"7133\">\r\n<div class=\"hide\" style=\"display:none; overflow:hidden;height:0;width:0;\">\r\n<label>Nom<\/label><input type=\"text\" name=\"name\" value=\"\" autocomplete=\"off\">\r\n<\/div><div id=\"CF60f6e8df92e97_1-row-1\"  class=\"row  first_row\"><div  class=\"col-sm-12  single\"><\/div><\/div><div id=\"CF60f6e8df92e97_1-row-2\"  class=\"row \"><div  class=\"col-sm-6  first_col\"><div data-field-wrapper=\"fld_8768091\" class=\"form-group\" id=\"fld_8768091_1-wrap\">\r\n\t<label id=\"fld_8768091Label\" for=\"fld_8768091_1\" class=\"control-label\">Pr\u00e9nom <span aria-hidden=\"true\" role=\"presentation\" class=\"field_required\" style=\"color:#ee0000;\">*<\/span><\/label>\r\n\t<div class=\"\">\r\n\t\t<input   required type=\"text\" data-field=\"fld_8768091\" class=\" form-control\" id=\"fld_8768091_1\" name=\"fld_8768091\" value=\"\" data-type=\"text\" aria-required=\"true\"   aria-labelledby=\"fld_8768091Label\" >\t\t\t<\/div>\r\n<\/div>\r\n<\/div><div  class=\"col-sm-6  last_col\"><div data-field-wrapper=\"fld_9970286\" class=\"form-group\" id=\"fld_9970286_1-wrap\">\r\n\t<label id=\"fld_9970286Label\" for=\"fld_9970286_1\" class=\"control-label\">Nom de famille <span aria-hidden=\"true\" role=\"presentation\" class=\"field_required\" style=\"color:#ee0000;\">*<\/span><\/label>\r\n\t<div class=\"\">\r\n\t\t<input   required type=\"text\" data-field=\"fld_9970286\" class=\" form-control\" id=\"fld_9970286_1\" name=\"fld_9970286\" value=\"\" data-type=\"text\" aria-required=\"true\"   aria-labelledby=\"fld_9970286Label\" >\t\t\t<\/div>\r\n<\/div>\r\n<\/div><\/div><div id=\"CF60f6e8df92e97_1-row-3\"  class=\"row \"><div  class=\"col-sm-6  first_col\"><div data-field-wrapper=\"fld_147319\" class=\"form-group\" id=\"fld_147319_1-wrap\">\r\n\t<label id=\"fld_147319Label\" for=\"fld_147319_1\" class=\"control-label\">Adresse <span aria-hidden=\"true\" role=\"presentation\" class=\"field_required\" style=\"color:#ee0000;\">*<\/span><\/label>\r\n\t<div class=\"\">\r\n\t\t<input   required type=\"text\" data-field=\"fld_147319\" class=\" form-control\" id=\"fld_147319_1\" name=\"fld_147319\" value=\"\" data-type=\"text\" aria-required=\"true\"   aria-labelledby=\"fld_147319Label\" >\t\t\t<\/div>\r\n<\/div>\r\n<\/div><div  class=\"col-sm-3 \"><div data-field-wrapper=\"fld_7390332\" class=\"form-group\" id=\"fld_7390332_1-wrap\">\r\n\t<label id=\"fld_7390332Label\" for=\"fld_7390332_1\" class=\"control-label\">Code Postal <span aria-hidden=\"true\" role=\"presentation\" class=\"field_required\" style=\"color:#ee0000;\">*<\/span><\/label>\r\n\t<div class=\"\">\r\n\t\t<input   required type=\"number\" data-field=\"fld_7390332\" class=\" form-control\" id=\"fld_7390332_1\" name=\"fld_7390332\" value=\"\" data-type=\"number\" data-parsley-type=\"number\" aria-required=\"true\"   aria-labelledby=\"fld_7390332Label\" >\t\t\t<\/div>\r\n<\/div>\r\n<\/div><div  class=\"col-sm-3  last_col\"><div data-field-wrapper=\"fld_3970825\" class=\"form-group\" id=\"fld_3970825_1-wrap\">\r\n\t<label id=\"fld_3970825Label\" for=\"fld_3970825_1\" class=\"control-label\">Ville <span aria-hidden=\"true\" role=\"presentation\" class=\"field_required\" style=\"color:#ee0000;\">*<\/span><\/label>\r\n\t<div class=\"\">\r\n\t\t<input   required type=\"text\" data-field=\"fld_3970825\" class=\" form-control\" id=\"fld_3970825_1\" name=\"fld_3970825\" value=\"\" data-type=\"text\" aria-required=\"true\"   aria-labelledby=\"fld_3970825Label\" >\t\t\t<\/div>\r\n<\/div>\r\n<\/div><\/div><div id=\"CF60f6e8df92e97_1-row-4\"  class=\"row \"><div  class=\"col-sm-6  first_col\"><div data-field-wrapper=\"fld_3504254\" class=\"form-group\" id=\"fld_3504254_1-wrap\">\r\n\t<label id=\"fld_3504254Label\" for=\"fld_3504254_1\" class=\"control-label\">Nationalit\u00e9 <span aria-hidden=\"true\" role=\"presentation\" class=\"field_required\" style=\"color:#ee0000;\">*<\/span><\/label>\r\n\t<div class=\"\">\r\n\t\t<input   required type=\"text\" data-field=\"fld_3504254\" class=\" form-control\" id=\"fld_3504254_1\" name=\"fld_3504254\" value=\"\" data-type=\"text\" aria-required=\"true\"   aria-labelledby=\"fld_3504254Label\" >\t\t\t<\/div>\r\n<\/div>\r\n<\/div><div  class=\"col-sm-3 \">\n<div data-field-wrapper=\"fld_4850468\" class=\"form-group\" id=\"fld_4850468_1-wrap\">\r\n  <label id=\"fld_4850468Label\" for=\"fld_4850468_1\" class=\"control-label\">Date de naissance <span aria-hidden=\"true\" role=\"presentation\" class=\"field_required\" style=\"color:#ee0000;\">*<\/span><\/label>\r\n  <div class=\"\">\r\n    <input type=\"datetime-local\" name=\"fld_4850468\" value=\"\" id=\"fld_4850468_1\" data-field=\"fld_4850468\" class=\"form-control\" required=\"1\"  data-datepicker-config='{\"custom_class\":\"\",\"default\":\"\",\"format\":\"F, j Y - H:i\",\"timepicker\":\"none\",\"timepicker_format\":\"12h\",\"start_date\":\"\",\"end_date\":\"\",\"first_day_of_the_week\":\"monday\",\"style\":\"\",\"language\":\"\",\"email_identifier\":0,\"personally_identifying\":0}'  aria-labelledby=\"fld_4850468Label\" required  \/>\n      <\/div>\r\n<\/div>\r\n<\/div><div  class=\"col-sm-3  last_col\"><div data-field-wrapper=\"fld_2804069\" class=\"form-group\" id=\"fld_2804069_1-wrap\">\r\n\t<label id=\"fld_2804069Label\" for=\"fld_2804069_1\" class=\"control-label\">N\u00b0 S\u00e9curit\u00e9 Sociale<\/label>\r\n\t<div class=\"\">\r\n\t\t<input    type=\"text\" data-field=\"fld_2804069\" class=\" form-control\" id=\"fld_2804069_1\" name=\"fld_2804069\" value=\"\" data-type=\"text\"   aria-labelledby=\"fld_2804069Label\" >\t\t\t<\/div>\r\n<\/div>\r\n<\/div><\/div><div id=\"CF60f6e8df92e97_1-row-5\"  class=\"row \"><div  class=\"col-sm-6  first_col\"><div data-field-wrapper=\"fld_7804983\" class=\"form-group\" id=\"fld_7804983_1-wrap\">\r\n\t<label id=\"fld_7804983Label\" for=\"fld_7804983_1\" class=\"control-label\">Num\u00e9ro de portable <span aria-hidden=\"true\" role=\"presentation\" class=\"field_required\" style=\"color:#ee0000;\">*<\/span><\/label>\r\n\t<div class=\"\">\r\n\t\t<input   required type=\"tel\" data-field=\"fld_7804983\" class=\" form-control\" id=\"fld_7804983_1\" name=\"fld_7804983\" value=\"\" data-type=\"phone_better\" aria-required=\"true\"   aria-labelledby=\"fld_7804983Label\" >\t\t\t<\/div>\r\n<\/div>\r\n<\/div><div  class=\"col-sm-6  last_col\"><div data-field-wrapper=\"fld_2169355\" class=\"form-group\" id=\"fld_2169355_1-wrap\">\r\n\t<label id=\"fld_2169355Label\" for=\"fld_2169355_1\" class=\"control-label\">Adresse e-mail <span aria-hidden=\"true\" role=\"presentation\" class=\"field_required\" style=\"color:#ee0000;\">*<\/span><\/label>\r\n\t<div class=\"\">\r\n\t\t<input   required type=\"email\" data-field=\"fld_2169355\" class=\" form-control\" id=\"fld_2169355_1\" name=\"fld_2169355\" value=\"\" data-type=\"email\" aria-required=\"true\"   aria-labelledby=\"fld_2169355Label\" >\t\t\t<\/div>\r\n<\/div>\r\n<\/div><\/div><div id=\"CF60f6e8df92e97_1-row-6\"  class=\"row \"><div  class=\"col-sm-6  first_col\"><div data-field-wrapper=\"fld_9868618\" class=\"form-group\" id=\"fld_9868618_1-wrap\">\r\n\t<label id=\"fld_9868618Label\" for=\"fld_9868618_1\" class=\"control-label\">Permis de conduire <span aria-hidden=\"true\" role=\"presentation\" class=\"field_required\" style=\"color:#ee0000;\">*<\/span><\/label>\r\n\t<div class=\"\">\r\n\t\t<select name=\"fld_9868618\" value=\"\" data-field=\"fld_9868618\" class=\"form-control\" id=\"fld_9868618_1\"  required=\"required\"  aria-labelledby=\"fld_9868618Label\" >\n\t\t<option value=\"\"><\/option>\r\n\t\t\t\t\t<option value=\"Oui\"  data-calc-value=\"Oui\" >\n\t\t\t\t\t\tOui\t\t\t\t\t<\/option>\n\t\t\t\t\t\t\t\t\t\t<option value=\"Non\"  data-calc-value=\"Non\" >\n\t\t\t\t\t\tNon\t\t\t\t\t<\/option>\n\t\t\t\t\t\t\t<\/select>\n\t\t\t<\/div>\r\n<\/div>\r\n<\/div><div  class=\"col-sm-6  last_col\"><div data-field-wrapper=\"fld_105019\" class=\"form-group\" id=\"fld_105019_1-wrap\">\r\n\t<label id=\"fld_105019Label\" for=\"fld_105019_1\" class=\"control-label\">V\u00e9hicul\u00e9(e) <span aria-hidden=\"true\" role=\"presentation\" class=\"field_required\" style=\"color:#ee0000;\">*<\/span><\/label>\r\n\t<div class=\"\">\r\n\t\t<select name=\"fld_105019\" value=\"\" data-field=\"fld_105019\" class=\"form-control\" id=\"fld_105019_1\"  required=\"required\"  aria-labelledby=\"fld_105019Label\" >\n\t\t<option value=\"\"><\/option>\r\n\t\t\t\t\t<option value=\"Oui\"  data-calc-value=\"Oui\" >\n\t\t\t\t\t\tOui\t\t\t\t\t<\/option>\n\t\t\t\t\t\t\t\t\t\t<option value=\"Non\"  data-calc-value=\"Non\" >\n\t\t\t\t\t\tNon\t\t\t\t\t<\/option>\n\t\t\t\t\t\t\t<\/select>\n\t\t\t<\/div>\r\n<\/div>\r\n<\/div><\/div><div id=\"CF60f6e8df92e97_1-row-7\"  class=\"row \"><div  class=\"col-sm-12  single\"><div data-field-wrapper=\"fld_2900963\" class=\"form-group\" id=\"fld_2900963_1-wrap\">\r\n\t<label id=\"fld_2900963Label\" for=\"fld_2900963_1\" class=\"control-label\">Taille de T-shirt<\/label>\r\n\t<div class=\"\">\r\n\t\t<select name=\"fld_2900963\" value=\"\" data-field=\"fld_2900963\" class=\"form-control\" id=\"fld_2900963_1\"    aria-labelledby=\"fld_2900963Label\" >\n\t\t<option value=\"\"><\/option>\r\n\t\t\t\t\t<option value=\"XXS\"  data-calc-value=\"XXS\" >\n\t\t\t\t\t\tXXS\t\t\t\t\t<\/option>\n\t\t\t\t\t\t\t\t\t\t<option value=\"XS\"  data-calc-value=\"XS\" >\n\t\t\t\t\t\tXS\t\t\t\t\t<\/option>\n\t\t\t\t\t\t\t\t\t\t<option value=\"S\"  data-calc-value=\"S\" >\n\t\t\t\t\t\tS\t\t\t\t\t<\/option>\n\t\t\t\t\t\t\t\t\t\t<option value=\"M\"  data-calc-value=\"M\" >\n\t\t\t\t\t\tM\t\t\t\t\t<\/option>\n\t\t\t\t\t\t\t\t\t\t<option value=\"L\"  data-calc-value=\"L\" >\n\t\t\t\t\t\tL\t\t\t\t\t<\/option>\n\t\t\t\t\t\t\t\t\t\t<option value=\"XL\"  data-calc-value=\"XL\" >\n\t\t\t\t\t\tXL\t\t\t\t\t<\/option>\n\t\t\t\t\t\t\t\t\t\t<option value=\"XXL\"  data-calc-value=\"XXL\" >\n\t\t\t\t\t\tXXL\t\t\t\t\t<\/option>\n\t\t\t\t\t\t\t<\/select>\n\t\t\t<\/div>\r\n<\/div>\r\n<\/div><\/div><div id=\"CF60f6e8df92e97_1-row-8\"  class=\"row \"><div  class=\"col-sm-6  first_col\"><div data-field-wrapper=\"fld_8328939\" class=\"form-group\" id=\"fld_8328939_1-wrap\">\r\n\t<label id=\"fld_8328939Label\" for=\"fld_8328939_1\" class=\"control-label\">T\u00e9l\u00e9chargez votre photo<\/label>\r\n\t<div class=\"file-prevent-overflow\">\r\n\t\t<div id=\"fld_8328939_1_file_list\" class=\"cf-multi-uploader-list\"><\/div>\n\t\t\t\t<input type=\"file\" name=\"fld_8328939\" value=\"\" data-field=\"fld_8328939\" class=\"\" id=\"fld_8328939_1\" data-controlid=\"trupl69e4f637320cf\"      aria-labelledby=\"fld_8328939Label\">\n\t\t<input type=\"hidden\" name=\"fld_8328939\" value=\"trupl69e4f637320cf\">\n\t\t\t<\/div>\r\n<\/div>\r\n<\/div><div  class=\"col-sm-6  last_col\"><div data-field-wrapper=\"fld_9465851\" class=\"form-group\" id=\"fld_9465851_1-wrap\">\r\n\t<label id=\"fld_9465851Label\" for=\"fld_9465851_1\" class=\"control-label\">T\u00e9l\u00e9chargez votre CV <span aria-hidden=\"true\" role=\"presentation\" class=\"field_required\" style=\"color:#ee0000;\">*<\/span><\/label>\r\n\t<div class=\"file-prevent-overflow\">\r\n\t\t<div id=\"fld_9465851_1_file_list\" class=\"cf-multi-uploader-list\"><\/div>\n\t\t\t\t<input type=\"file\" name=\"fld_9465851\" value=\"\" data-field=\"fld_9465851\" class=\"\" id=\"fld_9465851_1\" data-controlid=\"trupl69e4f637323ab\"   required=\"required\"   aria-labelledby=\"fld_9465851Label\">\n\t\t<input type=\"hidden\" name=\"fld_9465851\" value=\"trupl69e4f637323ab\">\n\t\t\t<\/div>\r\n<\/div>\r\n<\/div><\/div><div id=\"CF60f6e8df92e97_1-row-9\"  class=\"row \"><div  class=\"col-sm-12  single\"><div data-field-wrapper=\"fld_2328255\" class=\"form-group\" id=\"fld_2328255_1-wrap\">\r\n\t<label id=\"fld_2328255Label\" for=\"fld_2328255_1\" class=\"control-label\">Dites-nous en plus sur votre candidature :<\/label>\r\n\t<div class=\"\">\r\n\t\t<textarea name=\"fld_2328255\" value=\"\" data-field=\"fld_2328255\" class=\"form-control\" id=\"fld_2328255_1\" rows=\"5\"    aria-labelledby=\"fld_2328255Label\" aria-describedby=\"fld_2328255Caption\" ><\/textarea>\n\t\t<span id=\"fld_2328255Caption\" class=\"help-block\">(vos motivations, secteurs de pr\u00e9dilection, langues ma\u00eetris\u00e9es,...)<\/span>\r\n\t<\/div>\r\n<\/div>\r\n<\/div><\/div><div id=\"CF60f6e8df92e97_1-row-10\"  class=\"row  last_row\"><div  class=\"col-sm-12  single\"><div data-field-wrapper=\"fld_7850662\" class=\"form-group\" id=\"fld_7850662_1-wrap\">\r\n<div class=\"\">\r\n\t<input  class=\"btn btn-default\" type=\"submit\" name=\"fld_7850662\" id=\"fld_7850662_1\" value=\"Envoyez votre candidature\" data-field=\"fld_7850662\"  >\n<\/div>\r\n<\/div>\r\n\t<input class=\"button_trigger_1\" type=\"hidden\" name=\"fld_7850662\" id=\"fld_7850662_1_btn\" value=\"\" data-field=\"fld_7850662\"  \/>\n<\/div><\/div><\/form>\r\n<\/div>\r\n\n<p>[\/vc_column_text][vc_column_text]<span style=\"text-transform: none;\">Merci de prendre connaissance de nos <a href=\"https:\/\/www.globe-shopper.fr\/fr\/mentions-legales\/#terms-of-service\">Conditions G\u00e9n\u00e9rales D&rsquo;utilisation<\/a> et de notre <a href=\"https:\/\/www.globe-shopper.fr\/fr\/mentions-legales\/#privacy-policy\">Politique de Confidentialit\u00e9<\/a><\/span>[\/vc_column_text]<\/p>\n","protected":false},"excerpt":{"rendered":"<p>[vc_row][vc_column][vc_column_text] Pour postuler Veuillez remplir le questionnaire ci-dessous : [\/vc_column_text][\/vc_column][\/vc_row][vc_row][vc_column][vc_column_text] [\/vc_column_text][vc_column_text]Merci de prendre connaissance de nos Conditions G\u00e9n\u00e9rales D&rsquo;utilisation et de notre Politique de Confidentialit\u00e9[\/vc_column_text]<\/p>\n","protected":false},"author":24,"featured_media":0,"parent":0,"menu_order":0,"comment_status":"closed","ping_status":"closed","template":"page-templates\/page-contact.php","meta":{"footnotes":""},"acf":[],"yoast_head":"<!-- This site is optimized with the Yoast SEO plugin v19.13 - https:\/\/yoast.com\/wordpress\/plugins\/seo\/ -->\n<title>Postulez chez GLOBE Groupe - Agence de Shopper Marketing<\/title>\n<meta name=\"description\" content=\"Vous avez un projet, des questions, besoin d&#039;id\u00e9es ? D\u00e9couvrez nos r\u00e9alisations et contactez l&#039;\u00e9quipe GLOBE Groupe en remplissant le formulaire en ligne.\" \/>\n<meta name=\"robots\" content=\"index, follow, max-snippet:-1, max-image-preview:large, max-video-preview:-1\" \/>\n<link rel=\"canonical\" href=\"https:\/\/www.globe-shopper.fr\/fr\/postulez\/\" \/>\n<meta property=\"og:locale\" content=\"fr_FR\" \/>\n<meta property=\"og:type\" content=\"article\" \/>\n<meta property=\"og:title\" content=\"Postulez chez GLOBE Groupe - Agence de Shopper Marketing\" \/>\n<meta property=\"og:description\" content=\"Vous avez un projet, des questions, besoin d&#039;id\u00e9es ? D\u00e9couvrez nos r\u00e9alisations et contactez l&#039;\u00e9quipe GLOBE Groupe en remplissant le formulaire en ligne.\" \/>\n<meta property=\"og:url\" content=\"https:\/\/www.globe-shopper.fr\/fr\/postulez\/\" \/>\n<meta property=\"og:site_name\" content=\"Globe Groupe\" \/>\n<meta property=\"article:modified_time\" content=\"2021-07-20T16:00:59+00:00\" \/>\n<meta name=\"twitter:card\" content=\"summary_large_image\" \/>\n<meta name=\"twitter:label1\" content=\"Dur\u00e9e de lecture est.\" \/>\n\t<meta name=\"twitter:data1\" content=\"1 minute\" \/>\n<script type=\"application\/ld+json\" class=\"yoast-schema-graph\">{\"@context\":\"https:\/\/schema.org\",\"@graph\":[{\"@type\":\"WebPage\",\"@id\":\"https:\/\/www.globe-shopper.fr\/fr\/postulez\/\",\"url\":\"https:\/\/www.globe-shopper.fr\/fr\/postulez\/\",\"name\":\"Postulez chez GLOBE Groupe - Agence de Shopper Marketing\",\"isPartOf\":{\"@id\":\"https:\/\/www.globe-shopper.fr\/fr\/#website\"},\"datePublished\":\"2021-07-20T15:14:21+00:00\",\"dateModified\":\"2021-07-20T16:00:59+00:00\",\"description\":\"Vous avez un projet, des questions, besoin d'id\u00e9es ? D\u00e9couvrez nos r\u00e9alisations et contactez l'\u00e9quipe GLOBE Groupe en remplissant le formulaire en ligne.\",\"breadcrumb\":{\"@id\":\"https:\/\/www.globe-shopper.fr\/fr\/postulez\/#breadcrumb\"},\"inLanguage\":\"fr-FR\",\"potentialAction\":[{\"@type\":\"ReadAction\",\"target\":[\"https:\/\/www.globe-shopper.fr\/fr\/postulez\/\"]}]},{\"@type\":\"BreadcrumbList\",\"@id\":\"https:\/\/www.globe-shopper.fr\/fr\/postulez\/#breadcrumb\",\"itemListElement\":[{\"@type\":\"ListItem\",\"position\":1,\"name\":\"Home\",\"item\":\"https:\/\/www.globe-shopper.fr\/fr\/ese\/\"},{\"@type\":\"ListItem\",\"position\":2,\"name\":\"Postulez\"}]},{\"@type\":\"WebSite\",\"@id\":\"https:\/\/www.globe-shopper.fr\/fr\/#website\",\"url\":\"https:\/\/www.globe-shopper.fr\/fr\/\",\"name\":\"Globe Groupe\",\"description\":\"Effective Shopper Experience\",\"publisher\":{\"@id\":\"https:\/\/www.globe-shopper.fr\/fr\/#organization\"},\"potentialAction\":[{\"@type\":\"SearchAction\",\"target\":{\"@type\":\"EntryPoint\",\"urlTemplate\":\"https:\/\/www.globe-shopper.fr\/fr\/?s={search_term_string}\"},\"query-input\":\"required name=search_term_string\"}],\"inLanguage\":\"fr-FR\"},{\"@type\":\"Organization\",\"@id\":\"https:\/\/www.globe-shopper.fr\/fr\/#organization\",\"name\":\"Groupe Globe\",\"url\":\"https:\/\/www.globe-shopper.fr\/fr\/\",\"logo\":{\"@type\":\"ImageObject\",\"inLanguage\":\"fr-FR\",\"@id\":\"https:\/\/www.globe-shopper.fr\/fr\/#\/schema\/logo\/image\/\",\"url\":\"https:\/\/www.globe-shopper.fr\/wp-content\/uploads\/2021\/08\/globe-groupe.png\",\"contentUrl\":\"https:\/\/www.globe-shopper.fr\/wp-content\/uploads\/2021\/08\/globe-groupe.png\",\"width\":1269,\"height\":1024,\"caption\":\"Groupe Globe\"},\"image\":{\"@id\":\"https:\/\/www.globe-shopper.fr\/fr\/#\/schema\/logo\/image\/\"},\"sameAs\":[\"https:\/\/www.instagram.com\/globe_deutschland\/\",\"https:\/\/www.linkedin.com\/company\/globe-group-deutschland\/\"]}]}<\/script>\n<!-- \/ Yoast SEO plugin. -->","yoast_head_json":{"title":"Postulez chez GLOBE Groupe - Agence de Shopper Marketing","description":"Vous avez un projet, des questions, besoin d'id\u00e9es ? D\u00e9couvrez nos r\u00e9alisations et contactez l'\u00e9quipe GLOBE Groupe en remplissant le formulaire en ligne.","robots":{"index":"index","follow":"follow","max-snippet":"max-snippet:-1","max-image-preview":"max-image-preview:large","max-video-preview":"max-video-preview:-1"},"canonical":"https:\/\/www.globe-shopper.fr\/fr\/postulez\/","og_locale":"fr_FR","og_type":"article","og_title":"Postulez chez GLOBE Groupe - Agence de Shopper Marketing","og_description":"Vous avez un projet, des questions, besoin d'id\u00e9es ? D\u00e9couvrez nos r\u00e9alisations et contactez l'\u00e9quipe GLOBE Groupe en remplissant le formulaire en ligne.","og_url":"https:\/\/www.globe-shopper.fr\/fr\/postulez\/","og_site_name":"Globe Groupe","article_modified_time":"2021-07-20T16:00:59+00:00","twitter_card":"summary_large_image","twitter_misc":{"Dur\u00e9e de lecture est.":"1 minute"},"schema":{"@context":"https:\/\/schema.org","@graph":[{"@type":"WebPage","@id":"https:\/\/www.globe-shopper.fr\/fr\/postulez\/","url":"https:\/\/www.globe-shopper.fr\/fr\/postulez\/","name":"Postulez chez GLOBE Groupe - Agence de Shopper Marketing","isPartOf":{"@id":"https:\/\/www.globe-shopper.fr\/fr\/#website"},"datePublished":"2021-07-20T15:14:21+00:00","dateModified":"2021-07-20T16:00:59+00:00","description":"Vous avez un projet, des questions, besoin d'id\u00e9es ? D\u00e9couvrez nos r\u00e9alisations et contactez l'\u00e9quipe GLOBE Groupe en remplissant le formulaire en ligne.","breadcrumb":{"@id":"https:\/\/www.globe-shopper.fr\/fr\/postulez\/#breadcrumb"},"inLanguage":"fr-FR","potentialAction":[{"@type":"ReadAction","target":["https:\/\/www.globe-shopper.fr\/fr\/postulez\/"]}]},{"@type":"BreadcrumbList","@id":"https:\/\/www.globe-shopper.fr\/fr\/postulez\/#breadcrumb","itemListElement":[{"@type":"ListItem","position":1,"name":"Home","item":"https:\/\/www.globe-shopper.fr\/fr\/ese\/"},{"@type":"ListItem","position":2,"name":"Postulez"}]},{"@type":"WebSite","@id":"https:\/\/www.globe-shopper.fr\/fr\/#website","url":"https:\/\/www.globe-shopper.fr\/fr\/","name":"Globe Groupe","description":"Effective Shopper Experience","publisher":{"@id":"https:\/\/www.globe-shopper.fr\/fr\/#organization"},"potentialAction":[{"@type":"SearchAction","target":{"@type":"EntryPoint","urlTemplate":"https:\/\/www.globe-shopper.fr\/fr\/?s={search_term_string}"},"query-input":"required name=search_term_string"}],"inLanguage":"fr-FR"},{"@type":"Organization","@id":"https:\/\/www.globe-shopper.fr\/fr\/#organization","name":"Groupe Globe","url":"https:\/\/www.globe-shopper.fr\/fr\/","logo":{"@type":"ImageObject","inLanguage":"fr-FR","@id":"https:\/\/www.globe-shopper.fr\/fr\/#\/schema\/logo\/image\/","url":"https:\/\/www.globe-shopper.fr\/wp-content\/uploads\/2021\/08\/globe-groupe.png","contentUrl":"https:\/\/www.globe-shopper.fr\/wp-content\/uploads\/2021\/08\/globe-groupe.png","width":1269,"height":1024,"caption":"Groupe Globe"},"image":{"@id":"https:\/\/www.globe-shopper.fr\/fr\/#\/schema\/logo\/image\/"},"sameAs":["https:\/\/www.instagram.com\/globe_deutschland\/","https:\/\/www.linkedin.com\/company\/globe-group-deutschland\/"]}]}},"_links":{"self":[{"href":"https:\/\/www.globe-shopper.fr\/fr\/wp-json\/wp\/v2\/pages\/7133"}],"collection":[{"href":"https:\/\/www.globe-shopper.fr\/fr\/wp-json\/wp\/v2\/pages"}],"about":[{"href":"https:\/\/www.globe-shopper.fr\/fr\/wp-json\/wp\/v2\/types\/page"}],"author":[{"embeddable":true,"href":"https:\/\/www.globe-shopper.fr\/fr\/wp-json\/wp\/v2\/users\/24"}],"replies":[{"embeddable":true,"href":"https:\/\/www.globe-shopper.fr\/fr\/wp-json\/wp\/v2\/comments?post=7133"}],"version-history":[{"count":5,"href":"https:\/\/www.globe-shopper.fr\/fr\/wp-json\/wp\/v2\/pages\/7133\/revisions"}],"predecessor-version":[{"id":7146,"href":"https:\/\/www.globe-shopper.fr\/fr\/wp-json\/wp\/v2\/pages\/7133\/revisions\/7146"}],"wp:attachment":[{"href":"https:\/\/www.globe-shopper.fr\/fr\/wp-json\/wp\/v2\/media?parent=7133"}],"curies":[{"name":"wp","href":"https:\/\/api.w.org\/{rel}","templated":true}]}}