{"id":42,"date":"2018-10-29T15:30:51","date_gmt":"2018-10-29T14:30:51","guid":{"rendered":"http:\/\/globe-group.com\/?page_id=42"},"modified":"2021-07-28T11:00:42","modified_gmt":"2021-07-28T10:00:42","slug":"activation-marketing","status":"publish","type":"page","link":"https:\/\/www.globe-shopper.fr\/fr\/activation-marketing\/","title":{"rendered":"Work"},"content":{"rendered":"<p>[vc_row][vc_column][vc_column_text]<\/p>\n<h2>RE-ENCHANTER L\u2019EXPERIENCE SHOPPER POUR ACTIVER LES VENTES ET LES MARQUES<\/h2>\n<p>[\/vc_column_text][\/vc_column][\/vc_row]<\/p>\n","protected":false},"excerpt":{"rendered":"<p>[vc_row][vc_column][vc_column_text] RE-ENCHANTER L\u2019EXPERIENCE SHOPPER POUR ACTIVER LES VENTES ET LES MARQUES [\/vc_column_text][\/vc_column][\/vc_row]<\/p>\n","protected":false},"author":1,"featured_media":0,"parent":0,"menu_order":0,"comment_status":"closed","ping_status":"closed","template":"page-templates\/page-work.php","meta":{"footnotes":""},"acf":[],"yoast_head":"<!-- This site is optimized with the Yoast SEO plugin v19.13 - https:\/\/yoast.com\/wordpress\/plugins\/seo\/ -->\n<title>Activations Marketing Globe Groupe - Agence de Shopper Marketing<\/title>\n<meta name=\"description\" content=\"Vous \u00eates \u00e0 la recherche d&#039;id\u00e9es pour un projet d&#039;activation marketing ? D\u00e9couvrez les r\u00e9alisations de Globe, 1\u00e8re agence de shopper marketing !\" \/>\n<meta name=\"robots\" content=\"index, follow, max-snippet:-1, max-image-preview:large, max-video-preview:-1\" \/>\n<link rel=\"canonical\" href=\"https:\/\/www.globe-shopper.fr\/fr\/activation-marketing\/\" \/>\n<meta property=\"og:locale\" content=\"fr_FR\" \/>\n<meta property=\"og:type\" content=\"article\" \/>\n<meta property=\"og:title\" content=\"Activations Marketing Globe Groupe - Agence de Shopper Marketing\" \/>\n<meta property=\"og:description\" content=\"Vous \u00eates \u00e0 la recherche d&#039;id\u00e9es pour un projet d&#039;activation marketing ? D\u00e9couvrez les r\u00e9alisations de Globe, 1\u00e8re agence de shopper marketing !\" \/>\n<meta property=\"og:url\" content=\"https:\/\/www.globe-shopper.fr\/fr\/activation-marketing\/\" \/>\n<meta property=\"og:site_name\" content=\"Globe Groupe\" \/>\n<meta property=\"article:modified_time\" content=\"2021-07-28T10:00:42+00:00\" \/>\n<meta name=\"twitter:card\" content=\"summary_large_image\" \/>\n<script type=\"application\/ld+json\" class=\"yoast-schema-graph\">{\"@context\":\"https:\/\/schema.org\",\"@graph\":[{\"@type\":\"WebPage\",\"@id\":\"https:\/\/www.globe-shopper.fr\/fr\/activation-marketing\/\",\"url\":\"https:\/\/www.globe-shopper.fr\/fr\/activation-marketing\/\",\"name\":\"Activations Marketing Globe Groupe - Agence de Shopper Marketing\",\"isPartOf\":{\"@id\":\"https:\/\/www.globe-shopper.fr\/fr\/#website\"},\"datePublished\":\"2018-10-29T14:30:51+00:00\",\"dateModified\":\"2021-07-28T10:00:42+00:00\",\"description\":\"Vous \u00eates \u00e0 la recherche d'id\u00e9es pour un projet d'activation marketing ? D\u00e9couvrez les r\u00e9alisations de Globe, 1\u00e8re agence de shopper marketing !\",\"breadcrumb\":{\"@id\":\"https:\/\/www.globe-shopper.fr\/fr\/activation-marketing\/#breadcrumb\"},\"inLanguage\":\"fr-FR\",\"potentialAction\":[{\"@type\":\"ReadAction\",\"target\":[\"https:\/\/www.globe-shopper.fr\/fr\/activation-marketing\/\"]}]},{\"@type\":\"BreadcrumbList\",\"@id\":\"https:\/\/www.globe-shopper.fr\/fr\/activation-marketing\/#breadcrumb\",\"itemListElement\":[{\"@type\":\"ListItem\",\"position\":1,\"name\":\"Home\",\"item\":\"https:\/\/www.globe-shopper.fr\/fr\/ese\/\"},{\"@type\":\"ListItem\",\"position\":2,\"name\":\"Work\"}]},{\"@type\":\"WebSite\",\"@id\":\"https:\/\/www.globe-shopper.fr\/fr\/#website\",\"url\":\"https:\/\/www.globe-shopper.fr\/fr\/\",\"name\":\"Globe Groupe\",\"description\":\"Effective Shopper Experience\",\"publisher\":{\"@id\":\"https:\/\/www.globe-shopper.fr\/fr\/#organization\"},\"potentialAction\":[{\"@type\":\"SearchAction\",\"target\":{\"@type\":\"EntryPoint\",\"urlTemplate\":\"https:\/\/www.globe-shopper.fr\/fr\/?s={search_term_string}\"},\"query-input\":\"required name=search_term_string\"}],\"inLanguage\":\"fr-FR\"},{\"@type\":\"Organization\",\"@id\":\"https:\/\/www.globe-shopper.fr\/fr\/#organization\",\"name\":\"Groupe Globe\",\"url\":\"https:\/\/www.globe-shopper.fr\/fr\/\",\"logo\":{\"@type\":\"ImageObject\",\"inLanguage\":\"fr-FR\",\"@id\":\"https:\/\/www.globe-shopper.fr\/fr\/#\/schema\/logo\/image\/\",\"url\":\"https:\/\/www.globe-shopper.fr\/wp-content\/uploads\/2021\/08\/globe-groupe.png\",\"contentUrl\":\"https:\/\/www.globe-shopper.fr\/wp-content\/uploads\/2021\/08\/globe-groupe.png\",\"width\":1269,\"height\":1024,\"caption\":\"Groupe Globe\"},\"image\":{\"@id\":\"https:\/\/www.globe-shopper.fr\/fr\/#\/schema\/logo\/image\/\"},\"sameAs\":[\"https:\/\/www.instagram.com\/globe_deutschland\/\",\"https:\/\/www.linkedin.com\/company\/globe-group-deutschland\/\"]}]}<\/script>\n<!-- \/ Yoast SEO plugin. -->","yoast_head_json":{"title":"Activations Marketing Globe Groupe - Agence de Shopper Marketing","description":"Vous \u00eates \u00e0 la recherche d'id\u00e9es pour un projet d'activation marketing ? D\u00e9couvrez les r\u00e9alisations de Globe, 1\u00e8re agence de shopper marketing !","robots":{"index":"index","follow":"follow","max-snippet":"max-snippet:-1","max-image-preview":"max-image-preview:large","max-video-preview":"max-video-preview:-1"},"canonical":"https:\/\/www.globe-shopper.fr\/fr\/activation-marketing\/","og_locale":"fr_FR","og_type":"article","og_title":"Activations Marketing Globe Groupe - Agence de Shopper Marketing","og_description":"Vous \u00eates \u00e0 la recherche d'id\u00e9es pour un projet d'activation marketing ? D\u00e9couvrez les r\u00e9alisations de Globe, 1\u00e8re agence de shopper marketing !","og_url":"https:\/\/www.globe-shopper.fr\/fr\/activation-marketing\/","og_site_name":"Globe Groupe","article_modified_time":"2021-07-28T10:00:42+00:00","twitter_card":"summary_large_image","schema":{"@context":"https:\/\/schema.org","@graph":[{"@type":"WebPage","@id":"https:\/\/www.globe-shopper.fr\/fr\/activation-marketing\/","url":"https:\/\/www.globe-shopper.fr\/fr\/activation-marketing\/","name":"Activations Marketing Globe Groupe - Agence de Shopper Marketing","isPartOf":{"@id":"https:\/\/www.globe-shopper.fr\/fr\/#website"},"datePublished":"2018-10-29T14:30:51+00:00","dateModified":"2021-07-28T10:00:42+00:00","description":"Vous \u00eates \u00e0 la recherche d'id\u00e9es pour un projet d'activation marketing ? D\u00e9couvrez les r\u00e9alisations de Globe, 1\u00e8re agence de shopper marketing !","breadcrumb":{"@id":"https:\/\/www.globe-shopper.fr\/fr\/activation-marketing\/#breadcrumb"},"inLanguage":"fr-FR","potentialAction":[{"@type":"ReadAction","target":["https:\/\/www.globe-shopper.fr\/fr\/activation-marketing\/"]}]},{"@type":"BreadcrumbList","@id":"https:\/\/www.globe-shopper.fr\/fr\/activation-marketing\/#breadcrumb","itemListElement":[{"@type":"ListItem","position":1,"name":"Home","item":"https:\/\/www.globe-shopper.fr\/fr\/ese\/"},{"@type":"ListItem","position":2,"name":"Work"}]},{"@type":"WebSite","@id":"https:\/\/www.globe-shopper.fr\/fr\/#website","url":"https:\/\/www.globe-shopper.fr\/fr\/","name":"Globe Groupe","description":"Effective Shopper Experience","publisher":{"@id":"https:\/\/www.globe-shopper.fr\/fr\/#organization"},"potentialAction":[{"@type":"SearchAction","target":{"@type":"EntryPoint","urlTemplate":"https:\/\/www.globe-shopper.fr\/fr\/?s={search_term_string}"},"query-input":"required name=search_term_string"}],"inLanguage":"fr-FR"},{"@type":"Organization","@id":"https:\/\/www.globe-shopper.fr\/fr\/#organization","name":"Groupe Globe","url":"https:\/\/www.globe-shopper.fr\/fr\/","logo":{"@type":"ImageObject","inLanguage":"fr-FR","@id":"https:\/\/www.globe-shopper.fr\/fr\/#\/schema\/logo\/image\/","url":"https:\/\/www.globe-shopper.fr\/wp-content\/uploads\/2021\/08\/globe-groupe.png","contentUrl":"https:\/\/www.globe-shopper.fr\/wp-content\/uploads\/2021\/08\/globe-groupe.png","width":1269,"height":1024,"caption":"Groupe Globe"},"image":{"@id":"https:\/\/www.globe-shopper.fr\/fr\/#\/schema\/logo\/image\/"},"sameAs":["https:\/\/www.instagram.com\/globe_deutschland\/","https:\/\/www.linkedin.com\/company\/globe-group-deutschland\/"]}]}},"_links":{"self":[{"href":"https:\/\/www.globe-shopper.fr\/fr\/wp-json\/wp\/v2\/pages\/42"}],"collection":[{"href":"https:\/\/www.globe-shopper.fr\/fr\/wp-json\/wp\/v2\/pages"}],"about":[{"href":"https:\/\/www.globe-shopper.fr\/fr\/wp-json\/wp\/v2\/types\/page"}],"author":[{"embeddable":true,"href":"https:\/\/www.globe-shopper.fr\/fr\/wp-json\/wp\/v2\/users\/1"}],"replies":[{"embeddable":true,"href":"https:\/\/www.globe-shopper.fr\/fr\/wp-json\/wp\/v2\/comments?post=42"}],"version-history":[{"count":15,"href":"https:\/\/www.globe-shopper.fr\/fr\/wp-json\/wp\/v2\/pages\/42\/revisions"}],"predecessor-version":[{"id":7181,"href":"https:\/\/www.globe-shopper.fr\/fr\/wp-json\/wp\/v2\/pages\/42\/revisions\/7181"}],"wp:attachment":[{"href":"https:\/\/www.globe-shopper.fr\/fr\/wp-json\/wp\/v2\/media?parent=42"}],"curies":[{"name":"wp","href":"https:\/\/api.w.org\/{rel}","templated":true}]}}