{"id":463,"date":"2018-10-29T11:50:51","date_gmt":"2018-10-29T10:50:51","guid":{"rendered":"http:\/\/globe-group.com\/accueil\/"},"modified":"2022-05-02T13:29:50","modified_gmt":"2022-05-02T12:29:50","slug":"accueil","status":"publish","type":"page","link":"https:\/\/www.globe-shopper.fr\/en\/accueil\/","title":{"rendered":"Home (old)"},"content":{"rendered":"<p>[vc_row][vc_column]\n    <div class=\"story-telling l-width\">\n        <p class=\"title\">globe<\/p>\n        <div class=\"subtitle\"><p>From story telling<\/p>\n<p>To story selling<\/p>\n<\/div>\n    <\/div>\n\n    [vc_column_text]Brands are everywhere. In every aspect of our life, every minute, they try to catch our attention, with ever more complex messages and promises.<\/p>\n<p>In this increasingly complex world, consumers request more proof, honesty and transparency. They want to touch, feel, taste, experiment before building up the trust required<br \/>\nto making a purchase. They don\u2019t offer their attention lightly, they expect to be wooed, whenever it suits them, wherever it suits them. It\u2019s up to brands to be accessible and worthy<br \/>\nof interest to start a conversation at the right time and place.[\/vc_column_text][\/vc_column][\/vc_row][vc_row][vc_column]\n    <div class=\"bubules l-width\">\n                <div class=\"content row-3\">\n                            <div class=\"bubule\">\n                    <p class=\"title\">Accelerate Sales Recruit new Buyers<\/p>\n                <\/div>\n                                        <div class=\"bubule\">\n                    <p class=\"title\">Meet Brands, Shoppers, and Retailers expectations<\/p>\n                <\/div>\n                                        <div class=\"bubule\">\n                    <p class=\"title\">Improve the ROI of Shopper investments<\/p>\n                <\/div>\n                                <\/div>\n<\/div>\n\n    [vc_column_text]<strong>At Globe, we&rsquo;re convinced that growth begins with\/relies on permanent conquest<\/strong>. That\u2019s why we deploy all our know-how to address the widest relevant audience and activate every<br \/>\nstep of the shopper purchasing journey. We design new customer experiences to transform people unfamiliar to your brand into convinced and trusting believers and buyers &#8230; the best advocates of all.[\/vc_column_text][\/vc_column][\/vc_row][vc_row][vc_column]\n    <div class=\"separateur\"><span class=\"one\"><\/span><span class=\"two\"><\/span><\/div>\n\n    <div class=\"l-width\">\n        <div class=\"returns-wrapper\">\n                            <div class=\"returns\">\n    <a href=\"https:\/\/globe-groupe.com\/en\/shopper-marketing-agency\/\" class=\"returns__link\">\n        <div class=\"returns__link-background\" style=\"background-image: url('https:\/\/www.globe-shopper.fr\/wp-content\/uploads\/2018\/10\/agence.jpg')\"><\/div>\n        <p class=\"returns__link-title\">The Agency<\/p>\n    <\/a>\n<\/div>\n            \n                            <div class=\"returns\">\n    <a href=\"https:\/\/globe-groupe.com\/en\/shopper-marketing-strategy\/\" class=\"returns__link\">\n        <div class=\"returns__link-background\" style=\"background-image: url('https:\/\/www.globe-shopper.fr\/wp-content\/uploads\/2018\/10\/modele-shopper.jpg')\"><\/div>\n        <p class=\"returns__link-title\">Shopper Model<\/p>\n    <\/a>\n<\/div>\n            \n                            <div class=\"returns\">\n    <a href=\"https:\/\/globe-groupe.com\/en\/marketing-activation\/\" class=\"returns__link\">\n        <div class=\"returns__link-background\" style=\"background-image: url('https:\/\/www.globe-shopper.fr\/wp-content\/uploads\/2018\/10\/stories.jpg')\"><\/div>\n        <p class=\"returns__link-title\">Stories<\/p>\n    <\/a>\n<\/div>\n                    <\/div>\n    <\/div>\n\n    [\/vc_column][\/vc_row][vc_row][vc_column]\n    <div class=\"slider images\">\n        <div class=\"carousel-wrap\">\n            <div class=\"owl-carousel mains-slider\">\n                                                            <div class=\"item\"><img src=\"https:\/\/www.globe-shopper.fr\/wp-content\/uploads\/2019\/01\/EVIAN-SLIDER-1-e1452265907563-1.jpg\" alt=\"EVIAN-SLIDER-1-e1452265907563\"><\/div>\n                                                                                <div class=\"item\"><img src=\"https:\/\/www.globe-shopper.fr\/wp-content\/uploads\/2018\/11\/033-scaled.jpg\" alt=\"033\"><\/div>\n                                                                                <div class=\"item\"><img src=\"https:\/\/www.globe-shopper.fr\/wp-content\/uploads\/2018\/11\/CARTE-NOIRE-TEMPS-FORT-resized.jpg\" alt=\"CARTE NOIRE TEMPS FORT\"><\/div>\n                                                                                <div class=\"item\"><img src=\"https:\/\/www.globe-shopper.fr\/wp-content\/uploads\/2018\/11\/ST-LAZ-MARKET-resized.jpg\" alt=\"ST LAZ MARKET resized\"><\/div>\n                                                <\/div>\n        <\/div>\n    <\/div>\n\n\n    [\/vc_column][\/vc_row][vc_row][vc_column]\n    <div class=\"button\">\n        <a href=\"https:\/\/globe-groupe.com\/en\/contact-us\/\">Contact us<\/a>\n    <\/div>\n\n    [\/vc_column][\/vc_row][vc_row][vc_column]\n            <div class=\"last-news l-width\">\n            <div class=\"separateur\"><span class=\"one\"><\/span><span class=\"two\"><\/span><\/div>\n\n            <h2 class=\"last-news__title\"><\/h2>\n\n            <div class=\"news-content\">\n                \n                                    <a href=\"https:\/\/www.globe-shopper.fr\/en\/article-en\/lexperience-le-nouveau-pre-requis-a-lachat\/\" class=\"new\">\n                        <div class=\"img\">\n                            <img width=\"400\" height=\"320\" src=\"https:\/\/www.globe-shopper.fr\/wp-content\/uploads\/2018\/11\/test-400x320.png\" class=\"attachment-single-blog-thumb size-single-blog-thumb wp-post-image\" alt=\"Shopper marketing - Globe Agency\" decoding=\"async\" \/>                        <\/div>\n                        <div class=\"title\">L\u2019Exp\u00e9rience, le nouveau pr\u00e9-requis \u00e0 l\u2019achat (EN)<\/div>\n                        <div class=\"text\">\n                                                    <\/div>\n                    <\/a>\n                \n                            <\/div>\n        <\/div>\n    \n    [\/vc_column][\/vc_row]<\/p>\n","protected":false},"excerpt":{"rendered":"<p>[vc_row][vc_column][vc_column_text]Brands are everywhere. In every aspect of our life, every minute, they try to catch our attention, with ever more complex messages and promises. In this increasingly complex world, consumers request more proof, honesty and transparency. They want to touch, feel, taste, experiment before building up the trust required to making a purchase. They don\u2019t [&hellip;]<\/p>\n","protected":false},"author":1,"featured_media":0,"parent":0,"menu_order":0,"comment_status":"closed","ping_status":"closed","template":"","meta":{"footnotes":""},"acf":[],"yoast_head":"<!-- This site is optimized with the Yoast SEO plugin v19.13 - https:\/\/yoast.com\/wordpress\/plugins\/seo\/ -->\n<title>Globe Groupe - Integrated Shopper Marketing Agency<\/title>\n<meta name=\"description\" content=\"Globe is a shopper marketing agency that imagines and implements experiences that turn consumers into shoppers.\" \/>\n<meta name=\"robots\" content=\"noindex, follow\" \/>\n<meta property=\"og:locale\" content=\"fr_FR\" \/>\n<meta property=\"og:type\" content=\"article\" \/>\n<meta property=\"og:title\" content=\"Globe Groupe - Integrated Shopper Marketing Agency\" \/>\n<meta property=\"og:description\" content=\"Globe is a shopper marketing agency that imagines and implements experiences that turn consumers into shoppers.\" \/>\n<meta property=\"og:url\" content=\"https:\/\/www.globe-shopper.fr\/en\/\" \/>\n<meta property=\"og:site_name\" content=\"Globe Groupe\" \/>\n<meta property=\"article:modified_time\" content=\"2022-05-02T12:29:50+00:00\" \/>\n<meta name=\"twitter:card\" content=\"summary_large_image\" \/>\n<meta name=\"twitter:label1\" content=\"Dur\u00e9e de lecture est.\" \/>\n\t<meta name=\"twitter:data1\" content=\"2 minutes\" \/>\n<script type=\"application\/ld+json\" class=\"yoast-schema-graph\">{\"@context\":\"https:\/\/schema.org\",\"@graph\":[{\"@type\":\"WebPage\",\"@id\":\"https:\/\/www.globe-shopper.fr\/en\/\",\"url\":\"https:\/\/www.globe-shopper.fr\/en\/\",\"name\":\"Globe Groupe - Integrated Shopper Marketing Agency\",\"isPartOf\":{\"@id\":\"https:\/\/www.globe-shopper.fr\/fr\/#website\"},\"datePublished\":\"2018-10-29T10:50:51+00:00\",\"dateModified\":\"2022-05-02T12:29:50+00:00\",\"description\":\"Globe is a shopper marketing agency that imagines and implements experiences that turn consumers into shoppers.\",\"breadcrumb\":{\"@id\":\"https:\/\/www.globe-shopper.fr\/en\/#breadcrumb\"},\"inLanguage\":\"fr-FR\",\"potentialAction\":[{\"@type\":\"ReadAction\",\"target\":[\"https:\/\/www.globe-shopper.fr\/en\/\"]}]},{\"@type\":\"BreadcrumbList\",\"@id\":\"https:\/\/www.globe-shopper.fr\/en\/#breadcrumb\",\"itemListElement\":[{\"@type\":\"ListItem\",\"position\":1,\"name\":\"Home\",\"item\":\"https:\/\/www.globe-shopper.fr\/en\/ese-en\/\"},{\"@type\":\"ListItem\",\"position\":2,\"name\":\"Home (old)\"}]},{\"@type\":\"WebSite\",\"@id\":\"https:\/\/www.globe-shopper.fr\/fr\/#website\",\"url\":\"https:\/\/www.globe-shopper.fr\/fr\/\",\"name\":\"Globe Groupe\",\"description\":\"Effective Shopper Experience\",\"publisher\":{\"@id\":\"https:\/\/www.globe-shopper.fr\/fr\/#organization\"},\"potentialAction\":[{\"@type\":\"SearchAction\",\"target\":{\"@type\":\"EntryPoint\",\"urlTemplate\":\"https:\/\/www.globe-shopper.fr\/fr\/?s={search_term_string}\"},\"query-input\":\"required name=search_term_string\"}],\"inLanguage\":\"fr-FR\"},{\"@type\":\"Organization\",\"@id\":\"https:\/\/www.globe-shopper.fr\/fr\/#organization\",\"name\":\"Groupe Globe\",\"url\":\"https:\/\/www.globe-shopper.fr\/fr\/\",\"logo\":{\"@type\":\"ImageObject\",\"inLanguage\":\"fr-FR\",\"@id\":\"https:\/\/www.globe-shopper.fr\/fr\/#\/schema\/logo\/image\/\",\"url\":\"https:\/\/www.globe-shopper.fr\/wp-content\/uploads\/2021\/08\/globe-groupe.png\",\"contentUrl\":\"https:\/\/www.globe-shopper.fr\/wp-content\/uploads\/2021\/08\/globe-groupe.png\",\"width\":1269,\"height\":1024,\"caption\":\"Groupe Globe\"},\"image\":{\"@id\":\"https:\/\/www.globe-shopper.fr\/fr\/#\/schema\/logo\/image\/\"},\"sameAs\":[\"https:\/\/www.instagram.com\/globe_deutschland\/\",\"https:\/\/www.linkedin.com\/company\/globe-group-deutschland\/\"]}]}<\/script>\n<!-- \/ Yoast SEO plugin. -->","yoast_head_json":{"title":"Globe Groupe - Integrated Shopper Marketing Agency","description":"Globe is a shopper marketing agency that imagines and implements experiences that turn consumers into shoppers.","robots":{"index":"noindex","follow":"follow"},"og_locale":"fr_FR","og_type":"article","og_title":"Globe Groupe - Integrated Shopper Marketing Agency","og_description":"Globe is a shopper marketing agency that imagines and implements experiences that turn consumers into shoppers.","og_url":"https:\/\/www.globe-shopper.fr\/en\/","og_site_name":"Globe Groupe","article_modified_time":"2022-05-02T12:29:50+00:00","twitter_card":"summary_large_image","twitter_misc":{"Dur\u00e9e de lecture est.":"2 minutes"},"schema":{"@context":"https:\/\/schema.org","@graph":[{"@type":"WebPage","@id":"https:\/\/www.globe-shopper.fr\/en\/","url":"https:\/\/www.globe-shopper.fr\/en\/","name":"Globe Groupe - Integrated Shopper Marketing Agency","isPartOf":{"@id":"https:\/\/www.globe-shopper.fr\/fr\/#website"},"datePublished":"2018-10-29T10:50:51+00:00","dateModified":"2022-05-02T12:29:50+00:00","description":"Globe is a shopper marketing agency that imagines and implements experiences that turn consumers into shoppers.","breadcrumb":{"@id":"https:\/\/www.globe-shopper.fr\/en\/#breadcrumb"},"inLanguage":"fr-FR","potentialAction":[{"@type":"ReadAction","target":["https:\/\/www.globe-shopper.fr\/en\/"]}]},{"@type":"BreadcrumbList","@id":"https:\/\/www.globe-shopper.fr\/en\/#breadcrumb","itemListElement":[{"@type":"ListItem","position":1,"name":"Home","item":"https:\/\/www.globe-shopper.fr\/en\/ese-en\/"},{"@type":"ListItem","position":2,"name":"Home (old)"}]},{"@type":"WebSite","@id":"https:\/\/www.globe-shopper.fr\/fr\/#website","url":"https:\/\/www.globe-shopper.fr\/fr\/","name":"Globe Groupe","description":"Effective Shopper Experience","publisher":{"@id":"https:\/\/www.globe-shopper.fr\/fr\/#organization"},"potentialAction":[{"@type":"SearchAction","target":{"@type":"EntryPoint","urlTemplate":"https:\/\/www.globe-shopper.fr\/fr\/?s={search_term_string}"},"query-input":"required name=search_term_string"}],"inLanguage":"fr-FR"},{"@type":"Organization","@id":"https:\/\/www.globe-shopper.fr\/fr\/#organization","name":"Groupe Globe","url":"https:\/\/www.globe-shopper.fr\/fr\/","logo":{"@type":"ImageObject","inLanguage":"fr-FR","@id":"https:\/\/www.globe-shopper.fr\/fr\/#\/schema\/logo\/image\/","url":"https:\/\/www.globe-shopper.fr\/wp-content\/uploads\/2021\/08\/globe-groupe.png","contentUrl":"https:\/\/www.globe-shopper.fr\/wp-content\/uploads\/2021\/08\/globe-groupe.png","width":1269,"height":1024,"caption":"Groupe Globe"},"image":{"@id":"https:\/\/www.globe-shopper.fr\/fr\/#\/schema\/logo\/image\/"},"sameAs":["https:\/\/www.instagram.com\/globe_deutschland\/","https:\/\/www.linkedin.com\/company\/globe-group-deutschland\/"]}]}},"_links":{"self":[{"href":"https:\/\/www.globe-shopper.fr\/en\/wp-json\/wp\/v2\/pages\/463"}],"collection":[{"href":"https:\/\/www.globe-shopper.fr\/en\/wp-json\/wp\/v2\/pages"}],"about":[{"href":"https:\/\/www.globe-shopper.fr\/en\/wp-json\/wp\/v2\/types\/page"}],"author":[{"embeddable":true,"href":"https:\/\/www.globe-shopper.fr\/en\/wp-json\/wp\/v2\/users\/1"}],"replies":[{"embeddable":true,"href":"https:\/\/www.globe-shopper.fr\/en\/wp-json\/wp\/v2\/comments?post=463"}],"version-history":[{"count":27,"href":"https:\/\/www.globe-shopper.fr\/en\/wp-json\/wp\/v2\/pages\/463\/revisions"}],"predecessor-version":[{"id":7611,"href":"https:\/\/www.globe-shopper.fr\/en\/wp-json\/wp\/v2\/pages\/463\/revisions\/7611"}],"wp:attachment":[{"href":"https:\/\/www.globe-shopper.fr\/en\/wp-json\/wp\/v2\/media?parent=463"}],"curies":[{"name":"wp","href":"https:\/\/api.w.org\/{rel}","templated":true}]}}