{"id":5455,"date":"2020-04-14T14:12:19","date_gmt":"2020-04-14T13:12:19","guid":{"rendered":"https:\/\/www.globe-shopper.fr\/?page_id=5455"},"modified":"2023-10-25T14:00:51","modified_gmt":"2023-10-25T13:00:51","slug":"live-marketing","status":"publish","type":"page","link":"https:\/\/www.globe-shopper.fr\/de\/live-marketing\/","title":{"rendered":"Live Marketing"},"content":{"rendered":"<p>[vc_row][vc_column][vc_column_text]<\/p>\n<h3 style=\"text-align: center;\">Out-Store: Live Marketing<\/h3>\n<p>&nbsp;<\/p>\n<p style=\"text-align: center;\"><span style=\"color: #236aa6; font-weight: 550;\">Werbung durchdringt unser allt\u00e4gliches Leben und erscheint omnipr\u00e4sent. Um aus der Masse hervorzustechen und sich von Konkurrenten abzuheben, bieten wir Ihnen massgeschneiderte Konzepte. <strong>Richtig eingesetzt, kann durch kreative Ma\u00dfnahmen ein hoher Unterhaltungsfaktor generiert und ein nachhaltiger Erinnerungswert herbeigef\u00fchrt werden, der sich auf\u00a0die Kaufabsicht\u00a0auswirkt<\/strong>. <\/span><\/p>\n<p>&nbsp;<\/p>\n<p style=\"text-align: center;\"><span style=\"color: #000000;\">Ob <a href=\"https:\/\/www.globe-shopper.fr\/de\/promotion\/roadshow\/\">Roadshow<\/a>, <a href=\"https:\/\/www.globe-shopper.fr\/de\/eventagentur\/\">Events<\/a> oder <a href=\"https:\/\/www.globe-shopper.fr\/de\/promotion\/sampling-street-marketing\/\">Sampling Promotion<\/a>, wir als <a href=\"https:\/\/www.globe-shopper.fr\/de\/eventagentur\/\">Eventagentur<\/a> entwickeln gemeinsam mit Ihnen ein Out Store <a href=\"https:\/\/www.globe-shopper.fr\/de\/live-marketing\/\"><strong style=\"color: #000000;\">Live\u00a0Marketing<\/strong><\/a> Konzept, das begeistert und Kunden stimuliert, sie ein St\u00fcck weiter auf dem Path to Purchase zu Ihrer Marke zu begleiten.\u00a0Unsere bundesweit einsetzbaren 15.000 Promoter erzeugen Aufmerksamkeit f\u00fcr Ihre Produkte und Ihre Marke, egal wann und wo.<\/span><\/p>\n<p>&nbsp;<\/p>\n<p style=\"text-align: center;\"><a href=\"https:\/\/www.globe-shopper.fr\/de\/promotion\/\">Zum Life-Marketing-Leistungsspektrum der GLOBE Group<\/a><\/p>\n<p>[\/vc_column_text][\/vc_column][\/vc_row][vc_row][vc_column width=\u00a0\u00bb1\/3&Prime;][vc_single_image image=\u00a0\u00bb3618&Prime; img_size=\u00a0\u00bb300&#215;200&Prime; alignment=\u00a0\u00bbcenter\u00a0\u00bb][vc_column_text]<\/p>\n<h3 style=\"text-align: center;\">Was ist Live Marketing?<\/h3>\n<p>&nbsp;<\/p>\n<p style=\"text-align: center;\"><span style=\"font-weight: 400;\">Live Marketing (oder Eventmarketing, Wirtschaftskommunikation, Live-Kommunikation) steht f\u00fcr die systematische Planung und Durchf\u00fchrung eines Events mit direkter Zielgruppenansprache. Dadurch ist sie eine effektives Mittel, um in der direkten und pers\u00f6nlichen Kommunikation Botschaften an Ihre Kunden zu senden. <\/span><\/p>\n<p>[\/vc_column_text][\/vc_column][vc_column width=\u00a0\u00bb1\/3&Prime;][vc_single_image image=\u00a0\u00bb4147&Prime; img_size=\u00a0\u00bb300&#215;200&Prime; alignment=\u00a0\u00bbcenter\u00a0\u00bb][vc_column_text]<\/p>\n<h3 style=\"text-align: center;\">Was sind die Ziele von Live Marketing?<\/h3>\n<p>&nbsp;<\/p>\n<p style=\"text-align: center;\"><span style=\"font-weight: 400;\">Mit Event Marketing werden positive Kundenerlebnisse generiert, durch die sich die Besucher durch die \u00dcbertragung von Emotionen an die Marke\/ das Produkt binden. Da eine genaue Analyse der Zielgruppe durchgef\u00fchrt wird, wird auch die Bekanntheit der Marke gesteigert und gleichzeitig Neuakquise betrieben.<br \/>\n<\/span>[\/vc_column_text][\/vc_column][vc_column width=\u00a0\u00bb1\/3&Prime;][vc_single_image image=\u00a0\u00bb3874&Prime; img_size=\u00a0\u00bb300&#215;200&Prime; alignment=\u00a0\u00bbcenter\u00a0\u00bb][vc_column_text]<\/p>\n<h3 style=\"text-align: center;\">Welche Leistungen bieten wir?<\/h3>\n<p>&nbsp;<\/p>\n<p style=\"text-align: center;\"><span style=\"font-weight: 400;\">Als Live Marketing Agentur erledigen wir die Arbeit f\u00fcr Sie &#8211; nach Ihren W\u00fcnschen. Kontaktieren Sie uns f\u00fcr eine Angebotserstellung.<\/span><\/p>\n<p style=\"text-align: center;\"><span style=\"font-weight: 400;\"><br \/>\nWir k\u00fcmmern uns um:<br \/>\n\u00b7 Konzeption und Umsetzung des Marketing Events<br \/>\n\u00b7 Auslegung auf die Zielgruppe<br \/>\n\u00b7 Hervorhebung vom Wettbewerb<br \/>\n\u00b7 Ein unvergessliches Erlebnis und zufriedene G\u00e4ste<br \/>\n\u00b7 Monitoring und Reporting Ihrer Veranstaltung<br \/>\n<\/span>[\/vc_column_text][\/vc_column][\/vc_row][vc_row css=\u00a0\u00bb.vc_custom_1566302286677{background-color: #fafafa !important;}\u00a0\u00bb][vc_column][vc_column_text]<\/p>\n<h3 style=\"text-align: center;\">Kontaktieren Sie uns<\/h3>\n<p style=\"text-align: center;\">Sie haben offene Fragen oder m\u00f6chten erg\u00e4nzende Informationen?<br \/>\nSchicken Sie uns einfach eine unverbindliche Anfrage oder rufen Sie uns an:<\/p>\n<p style=\"text-align: center;\">Globe Shopper Activation GmbH\u00a0(vormals Elite Promotion GmbH)<br \/>\nKonsul-Smidt-Stra\u00dfe 71\u00a0&#8211; 28217 Bremen<br \/>\n<a style=\"text-decoration: none;\" href=\"tel:+494216969760\">+ 49 (0) 421 \/ 69 69 760<\/a><br \/>\n<a style=\"text-decoration: none;\" href=\"mailto:mail.de@globe-group.com?subject=Anfrage%20von%20Website%20GLOBE\">mail.de(at)globe-group.com<\/a><\/p>\n<p>[\/vc_column_text][\/vc_column][\/vc_row][vc_row][vc_column]\n    <div class=\"slider images\">\n        <div class=\"carousel-wrap\">\n            <div class=\"owl-carousel mains-slider\">\n                                                            <div class=\"item\"><img src=\"https:\/\/www.globe-shopper.fr\/wp-content\/uploads\/2019\/02\/JPG-4.jpg\" alt=\"JPG 4\"><\/div>\n                                                                                <div class=\"item\"><img src=\"https:\/\/www.globe-shopper.fr\/wp-content\/uploads\/2019\/02\/danone-le-bio-1.jpg\" alt=\"danone le bio 1\"><\/div>\n                                                                                <div class=\"item\"><img src=\"https:\/\/www.globe-shopper.fr\/wp-content\/uploads\/2019\/01\/Internationale-2.jpg\" alt=\"Internationale 2\"><\/div>\n                                                                                <div class=\"item\"><img src=\"https:\/\/www.globe-shopper.fr\/wp-content\/uploads\/2018\/12\/Activia-2.jpg\" alt=\"Activia 2\"><\/div>\n                                                <\/div>\n        <\/div>\n    <\/div>\n\n\n    [\/vc_column][\/vc_row][vc_row][vc_column]\n    <div class=\"button\">\n        <a href=\"https:\/\/www.globe-shopper.fr\/de\/kontakt\/\">Kontaktieren Sie uns<\/a>\n    <\/div>\n\n    [\/vc_column][\/vc_row][vc_row][vc_column]\n    <div class=\"agency-client-slider agency-client-slider--clients\">\n        <div class=\"agency-client-slider__header\">\n            <div class=\"circle\"><\/div>\n            <div class=\"content\">\n                <div class=\"separateur\"><span class=\"one\"><\/span><span class=\"two\"><\/span><\/div>\n                <h2 class=\"agency-client-slider__header-title\">Nos clients<\/h2>\n            <\/div>\n        <\/div>\n        <div class=\"carousel-wrap\">\n            <div class=\"owl-carousel slides\">\n                                                    <div class=\"item\">\n                        <img src=\"https:\/\/www.globe-shopper.fr\/wp-content\/uploads\/2018\/12\/ACTIVIA.png\" alt=\"Activia - logo\">\n                    <\/div>\n                                    <div class=\"item\">\n                        <img src=\"https:\/\/www.globe-shopper.fr\/wp-content\/uploads\/2018\/12\/APEROL.png\" alt=\"Aperol Spritz\">\n                    <\/div>\n                                    <div class=\"item\">\n                        <img src=\"https:\/\/www.globe-shopper.fr\/wp-content\/uploads\/2019\/03\/arla_logo_2019_M.png\" alt=\"Foto Logo von Arla Promotion durchgef\u00fchrt von Promotionagentur GLOBE Group\">\n                    <\/div>\n                                    <div class=\"item\">\n                        <img src=\"https:\/\/www.globe-shopper.fr\/wp-content\/uploads\/2018\/12\/ARMANI.png\" alt=\"Giorgio Armani\">\n                    <\/div>\n                                    <div class=\"item\">\n                        <img src=\"https:\/\/www.globe-shopper.fr\/wp-content\/uploads\/2019\/06\/bsh_bosch_siemens_logo_2019.png\" alt=\"Logo von BSH Bosch Siemens Hausger\u00e4te GmbH\">\n                    <\/div>\n                                    <div class=\"item\">\n                        <img src=\"https:\/\/www.globe-shopper.fr\/wp-content\/uploads\/2019\/06\/castello_logo_2019.png\" alt=\"Logo von CASTELLO\u00ae K\u00c4SESPEZIALIT\u00c4TEN\">\n                    <\/div>\n                                    <div class=\"item\">\n                        <img src=\"https:\/\/www.globe-shopper.fr\/wp-content\/uploads\/2019\/01\/COTE_DOR.png\" alt=\"C\u00f4te d'or\">\n                    <\/div>\n                                    <div class=\"item\">\n                        <img src=\"https:\/\/www.globe-shopper.fr\/wp-content\/uploads\/2019\/03\/coty_logo_2019.png\" alt=\"Foto Logo von COTY Beauty Promotion durchgef\u00fchrt von Promotionagentur GLOBE Group\">\n                    <\/div>\n                                    <div class=\"item\">\n                        <img src=\"https:\/\/www.globe-shopper.fr\/wp-content\/uploads\/2019\/06\/db_deutsche-bahn_logo_2019.png\" alt=\"Logo von DB Deutsche Bahn\">\n                    <\/div>\n                                    <div class=\"item\">\n                        <img src=\"https:\/\/www.globe-shopper.fr\/wp-content\/uploads\/2019\/03\/gallo_winery_ej_logo_2019_M.png\" alt=\"Foto Logo von Gallo Winery Promotion durchgef\u00fchrt von Promotionagentur GLOBE Group\">\n                    <\/div>\n                                    <div class=\"item\">\n                        <img src=\"https:\/\/www.globe-shopper.fr\/wp-content\/uploads\/2019\/06\/hartmann_logo_2019.png\" alt=\"Logo von HARTMANN\">\n                    <\/div>\n                                    <div class=\"item\">\n                        <img src=\"https:\/\/www.globe-shopper.fr\/wp-content\/uploads\/2019\/06\/homann_logo_2019.png\" alt=\"Logo von HOMANN\">\n                    <\/div>\n                                    <div class=\"item\">\n                        <img src=\"https:\/\/www.globe-shopper.fr\/wp-content\/uploads\/2019\/06\/jti_logo_2019.png\" alt=\"Logo von JTI Japan Tobacco International\">\n                    <\/div>\n                                    <div class=\"item\">\n                        <img src=\"https:\/\/www.globe-shopper.fr\/wp-content\/uploads\/2019\/06\/loreal_groupe_logo_2019.png\" alt=\"Logo von der L\u2019Or\u00e9al Gruppe\">\n                    <\/div>\n                                    <div class=\"item\">\n                        <img src=\"https:\/\/www.globe-shopper.fr\/wp-content\/uploads\/2019\/03\/lavazza_logo_2019_v2.png\" alt=\"Foto Logo von LAVAZZA Promotion durchgef\u00fchrt von Promotionagentur GLOBE Group\">\n                    <\/div>\n                                    <div class=\"item\">\n                        <img src=\"https:\/\/www.globe-shopper.fr\/wp-content\/uploads\/2019\/06\/Logo-McCain.png\" alt=\"Logo von McCain\">\n                    <\/div>\n                                    <div class=\"item\">\n                        <img src=\"https:\/\/www.globe-shopper.fr\/wp-content\/uploads\/2019\/06\/mondelez_logo_2019.png\" alt=\"Logo von Mondel\u0113z International\">\n                    <\/div>\n                                    <div class=\"item\">\n                        <img src=\"https:\/\/www.globe-shopper.fr\/wp-content\/uploads\/2019\/06\/moevenpick_of_switzerland_logo_2019-e1611588741123.png\" alt=\"Logo von M\u00d6VENPICK OF SWITZERLAND\">\n                    <\/div>\n                                    <div class=\"item\">\n                        <img src=\"https:\/\/www.globe-shopper.fr\/wp-content\/uploads\/2019\/03\/nestle_purina_logo_2019_M.png\" alt=\"Foto Logo von Nestle PURINA Promotion durchgef\u00fchrt von Promotionagentur GLOBE Group\">\n                    <\/div>\n                                    <div class=\"item\">\n                        <img src=\"https:\/\/www.globe-shopper.fr\/wp-content\/uploads\/2019\/06\/nutrisun_logo_2019.png\" alt=\"Logo von nutriSun\">\n                    <\/div>\n                                    <div class=\"item\">\n                        <img src=\"https:\/\/www.globe-shopper.fr\/wp-content\/uploads\/2018\/12\/PACO_RABANNE.png\" alt=\"Paco Rabanne - Logo\">\n                    <\/div>\n                                    <div class=\"item\">\n                        <img src=\"https:\/\/www.globe-shopper.fr\/wp-content\/uploads\/2019\/06\/beyond_logo_2019.png\" alt=\"Logo von Purina BEYOND\u00ae Tiernahrung\">\n                    <\/div>\n                                    <div class=\"item\">\n                        <img src=\"https:\/\/www.globe-shopper.fr\/wp-content\/uploads\/2018\/12\/SCHWEPPES.png\" alt=\"Schweppes - Logo\">\n                    <\/div>\n                                    <div class=\"item\">\n                        <img src=\"https:\/\/www.globe-shopper.fr\/wp-content\/uploads\/2019\/06\/starbucks_coffee_logo_2019-e1611657649574.png\" alt=\"Logo von STARBUCKS COFFEE\">\n                    <\/div>\n                                    <div class=\"item\">\n                        <img src=\"https:\/\/www.globe-shopper.fr\/wp-content\/uploads\/2018\/12\/YVES_ROCHER.png\" alt=\"Yves Rocher\">\n                    <\/div>\n                                    <div class=\"item\">\n                        <img src=\"https:\/\/www.globe-shopper.fr\/wp-content\/uploads\/2018\/12\/YVES_SAINT_LAURENT.png\" alt=\"Yves-Saint-Laurent - Logo\">\n                    <\/div>\n                            <\/div>\n        <\/div>\n    <\/div>\n    <\/div>\n\n    [\/vc_column][\/vc_row][vc_row][vc_column][vc_empty_space][\/vc_column][\/vc_row]<\/p>\n","protected":false},"excerpt":{"rendered":"<p>[vc_row][vc_column][vc_column_text] Out-Store: Live Marketing &nbsp; Werbung durchdringt unser allt\u00e4gliches Leben und erscheint omnipr\u00e4sent. Um aus der Masse hervorzustechen und sich von Konkurrenten abzuheben, bieten wir Ihnen massgeschneiderte Konzepte. Richtig eingesetzt, kann durch kreative Ma\u00dfnahmen ein hoher Unterhaltungsfaktor generiert und ein nachhaltiger Erinnerungswert herbeigef\u00fchrt werden, der sich auf\u00a0die Kaufabsicht\u00a0auswirkt. &nbsp; Ob Roadshow, Events oder Sampling Promotion, [&hellip;]<\/p>\n","protected":false},"author":17,"featured_media":3435,"parent":0,"menu_order":0,"comment_status":"closed","ping_status":"closed","template":"page-templates\/page-agency.php","meta":{"footnotes":""},"acf":[],"yoast_head":"<!-- This site is optimized with the Yoast SEO plugin v19.13 - https:\/\/yoast.com\/wordpress\/plugins\/seo\/ -->\n<title>Live Marketing \u2605 Zielgruppenansprache \u00bb GLOBE Group<\/title>\n<meta name=\"description\" content=\"Individuelle Live Marketing Strategien \u2705Full Service Agentur \u2705Markenbotschafter \u2705Gerne beraten wir Sie \u00bb jetzt Kontakt aufnehmen\" \/>\n<meta name=\"robots\" content=\"index, follow, max-snippet:-1, max-image-preview:large, max-video-preview:-1\" \/>\n<link rel=\"canonical\" href=\"https:\/\/www.globe-shopper.fr\/de\/live-marketing\/\" \/>\n<meta property=\"og:locale\" content=\"fr_FR\" \/>\n<meta property=\"og:type\" content=\"article\" \/>\n<meta property=\"og:title\" content=\"Live Marketing \u2605 Zielgruppenansprache \u00bb GLOBE Group\" \/>\n<meta property=\"og:description\" content=\"Individuelle Live Marketing Strategien \u2705Full Service Agentur \u2705Markenbotschafter \u2705Gerne beraten wir Sie \u00bb jetzt Kontakt aufnehmen\" \/>\n<meta property=\"og:url\" content=\"https:\/\/www.globe-shopper.fr\/de\/live-marketing\/\" \/>\n<meta property=\"og:site_name\" content=\"Globe Groupe\" \/>\n<meta property=\"article:modified_time\" content=\"2023-10-25T13:00:51+00:00\" \/>\n<meta property=\"og:image\" content=\"https:\/\/www.globe-shopper.fr\/wp-content\/uploads\/2018\/11\/Evian.jpeg\" \/>\n\t<meta property=\"og:image:width\" content=\"1240\" \/>\n\t<meta property=\"og:image:height\" content=\"620\" \/>\n\t<meta property=\"og:image:type\" content=\"image\/jpeg\" \/>\n<meta name=\"twitter:card\" content=\"summary_large_image\" \/>\n<meta name=\"twitter:label1\" content=\"Dur\u00e9e de lecture est.\" \/>\n\t<meta name=\"twitter:data1\" content=\"2 minutes\" \/>\n<script type=\"application\/ld+json\" class=\"yoast-schema-graph\">{\"@context\":\"https:\/\/schema.org\",\"@graph\":[{\"@type\":\"WebPage\",\"@id\":\"https:\/\/www.globe-shopper.fr\/de\/live-marketing\/\",\"url\":\"https:\/\/www.globe-shopper.fr\/de\/live-marketing\/\",\"name\":\"Live Marketing \u2605 Zielgruppenansprache \u00bb GLOBE Group\",\"isPartOf\":{\"@id\":\"https:\/\/www.globe-shopper.fr\/fr\/#website\"},\"datePublished\":\"2020-04-14T13:12:19+00:00\",\"dateModified\":\"2023-10-25T13:00:51+00:00\",\"description\":\"Individuelle Live Marketing Strategien \u2705Full Service Agentur \u2705Markenbotschafter \u2705Gerne beraten wir Sie \u00bb jetzt Kontakt aufnehmen\",\"breadcrumb\":{\"@id\":\"https:\/\/www.globe-shopper.fr\/de\/live-marketing\/#breadcrumb\"},\"inLanguage\":\"fr-FR\",\"potentialAction\":[{\"@type\":\"ReadAction\",\"target\":[\"https:\/\/www.globe-shopper.fr\/de\/live-marketing\/\"]}]},{\"@type\":\"BreadcrumbList\",\"@id\":\"https:\/\/www.globe-shopper.fr\/de\/live-marketing\/#breadcrumb\",\"itemListElement\":[{\"@type\":\"ListItem\",\"position\":1,\"name\":\"Home\",\"item\":\"https:\/\/www.globe-shopper.fr\/de\/ese-de\/\"},{\"@type\":\"ListItem\",\"position\":2,\"name\":\"Live Marketing\"}]},{\"@type\":\"WebSite\",\"@id\":\"https:\/\/www.globe-shopper.fr\/fr\/#website\",\"url\":\"https:\/\/www.globe-shopper.fr\/fr\/\",\"name\":\"Globe Groupe\",\"description\":\"Effective Shopper Experience\",\"publisher\":{\"@id\":\"https:\/\/www.globe-shopper.fr\/fr\/#organization\"},\"potentialAction\":[{\"@type\":\"SearchAction\",\"target\":{\"@type\":\"EntryPoint\",\"urlTemplate\":\"https:\/\/www.globe-shopper.fr\/fr\/?s={search_term_string}\"},\"query-input\":\"required name=search_term_string\"}],\"inLanguage\":\"fr-FR\"},{\"@type\":\"Organization\",\"@id\":\"https:\/\/www.globe-shopper.fr\/fr\/#organization\",\"name\":\"Groupe Globe\",\"url\":\"https:\/\/www.globe-shopper.fr\/fr\/\",\"logo\":{\"@type\":\"ImageObject\",\"inLanguage\":\"fr-FR\",\"@id\":\"https:\/\/www.globe-shopper.fr\/fr\/#\/schema\/logo\/image\/\",\"url\":\"https:\/\/www.globe-shopper.fr\/wp-content\/uploads\/2021\/08\/globe-groupe.png\",\"contentUrl\":\"https:\/\/www.globe-shopper.fr\/wp-content\/uploads\/2021\/08\/globe-groupe.png\",\"width\":1269,\"height\":1024,\"caption\":\"Groupe Globe\"},\"image\":{\"@id\":\"https:\/\/www.globe-shopper.fr\/fr\/#\/schema\/logo\/image\/\"},\"sameAs\":[\"https:\/\/www.instagram.com\/globe_deutschland\/\",\"https:\/\/www.linkedin.com\/company\/globe-group-deutschland\/\"]}]}<\/script>\n<!-- \/ Yoast SEO plugin. -->","yoast_head_json":{"title":"Live Marketing \u2605 Zielgruppenansprache \u00bb GLOBE Group","description":"Individuelle Live Marketing Strategien \u2705Full Service Agentur \u2705Markenbotschafter \u2705Gerne beraten wir Sie \u00bb jetzt Kontakt aufnehmen","robots":{"index":"index","follow":"follow","max-snippet":"max-snippet:-1","max-image-preview":"max-image-preview:large","max-video-preview":"max-video-preview:-1"},"canonical":"https:\/\/www.globe-shopper.fr\/de\/live-marketing\/","og_locale":"fr_FR","og_type":"article","og_title":"Live Marketing \u2605 Zielgruppenansprache \u00bb GLOBE Group","og_description":"Individuelle Live Marketing Strategien \u2705Full Service Agentur \u2705Markenbotschafter \u2705Gerne beraten wir Sie \u00bb jetzt Kontakt aufnehmen","og_url":"https:\/\/www.globe-shopper.fr\/de\/live-marketing\/","og_site_name":"Globe Groupe","article_modified_time":"2023-10-25T13:00:51+00:00","og_image":[{"width":1240,"height":620,"url":"https:\/\/www.globe-shopper.fr\/wp-content\/uploads\/2018\/11\/Evian.jpeg","type":"image\/jpeg"}],"twitter_card":"summary_large_image","twitter_misc":{"Dur\u00e9e de lecture est.":"2 minutes"},"schema":{"@context":"https:\/\/schema.org","@graph":[{"@type":"WebPage","@id":"https:\/\/www.globe-shopper.fr\/de\/live-marketing\/","url":"https:\/\/www.globe-shopper.fr\/de\/live-marketing\/","name":"Live Marketing \u2605 Zielgruppenansprache \u00bb GLOBE Group","isPartOf":{"@id":"https:\/\/www.globe-shopper.fr\/fr\/#website"},"datePublished":"2020-04-14T13:12:19+00:00","dateModified":"2023-10-25T13:00:51+00:00","description":"Individuelle Live Marketing Strategien \u2705Full Service Agentur \u2705Markenbotschafter \u2705Gerne beraten wir Sie \u00bb jetzt Kontakt aufnehmen","breadcrumb":{"@id":"https:\/\/www.globe-shopper.fr\/de\/live-marketing\/#breadcrumb"},"inLanguage":"fr-FR","potentialAction":[{"@type":"ReadAction","target":["https:\/\/www.globe-shopper.fr\/de\/live-marketing\/"]}]},{"@type":"BreadcrumbList","@id":"https:\/\/www.globe-shopper.fr\/de\/live-marketing\/#breadcrumb","itemListElement":[{"@type":"ListItem","position":1,"name":"Home","item":"https:\/\/www.globe-shopper.fr\/de\/ese-de\/"},{"@type":"ListItem","position":2,"name":"Live Marketing"}]},{"@type":"WebSite","@id":"https:\/\/www.globe-shopper.fr\/fr\/#website","url":"https:\/\/www.globe-shopper.fr\/fr\/","name":"Globe Groupe","description":"Effective Shopper Experience","publisher":{"@id":"https:\/\/www.globe-shopper.fr\/fr\/#organization"},"potentialAction":[{"@type":"SearchAction","target":{"@type":"EntryPoint","urlTemplate":"https:\/\/www.globe-shopper.fr\/fr\/?s={search_term_string}"},"query-input":"required name=search_term_string"}],"inLanguage":"fr-FR"},{"@type":"Organization","@id":"https:\/\/www.globe-shopper.fr\/fr\/#organization","name":"Groupe Globe","url":"https:\/\/www.globe-shopper.fr\/fr\/","logo":{"@type":"ImageObject","inLanguage":"fr-FR","@id":"https:\/\/www.globe-shopper.fr\/fr\/#\/schema\/logo\/image\/","url":"https:\/\/www.globe-shopper.fr\/wp-content\/uploads\/2021\/08\/globe-groupe.png","contentUrl":"https:\/\/www.globe-shopper.fr\/wp-content\/uploads\/2021\/08\/globe-groupe.png","width":1269,"height":1024,"caption":"Groupe Globe"},"image":{"@id":"https:\/\/www.globe-shopper.fr\/fr\/#\/schema\/logo\/image\/"},"sameAs":["https:\/\/www.instagram.com\/globe_deutschland\/","https:\/\/www.linkedin.com\/company\/globe-group-deutschland\/"]}]}},"_links":{"self":[{"href":"https:\/\/www.globe-shopper.fr\/de\/wp-json\/wp\/v2\/pages\/5455"}],"collection":[{"href":"https:\/\/www.globe-shopper.fr\/de\/wp-json\/wp\/v2\/pages"}],"about":[{"href":"https:\/\/www.globe-shopper.fr\/de\/wp-json\/wp\/v2\/types\/page"}],"author":[{"embeddable":true,"href":"https:\/\/www.globe-shopper.fr\/de\/wp-json\/wp\/v2\/users\/17"}],"replies":[{"embeddable":true,"href":"https:\/\/www.globe-shopper.fr\/de\/wp-json\/wp\/v2\/comments?post=5455"}],"version-history":[{"count":15,"href":"https:\/\/www.globe-shopper.fr\/de\/wp-json\/wp\/v2\/pages\/5455\/revisions"}],"predecessor-version":[{"id":7785,"href":"https:\/\/www.globe-shopper.fr\/de\/wp-json\/wp\/v2\/pages\/5455\/revisions\/7785"}],"wp:featuredmedia":[{"embeddable":true,"href":"https:\/\/www.globe-shopper.fr\/de\/wp-json\/wp\/v2\/media\/3435"}],"wp:attachment":[{"href":"https:\/\/www.globe-shopper.fr\/de\/wp-json\/wp\/v2\/media?parent=5455"}],"curies":[{"name":"wp","href":"https:\/\/api.w.org\/{rel}","templated":true}]}}