{"id":5060,"date":"2019-08-26T16:08:12","date_gmt":"2019-08-26T15:08:12","guid":{"rendered":"https:\/\/www.globe-shopper.fr\/?page_id=5060"},"modified":"2023-10-25T14:05:17","modified_gmt":"2023-10-25T13:05:17","slug":"verkostungen","status":"publish","type":"page","link":"https:\/\/www.globe-shopper.fr\/de\/verkostungen\/","title":{"rendered":"Agentur F\u00fcr Verkostungen \u00bb Globe Group"},"content":{"rendered":"<p>[vc_row][vc_column][vc_column_text]<\/p>\n<h2 style=\"text-align: center;\">Verkostungen<\/h2>\n<p style=\"text-align: center;\"><span style=\"color: #236aa6; font-weight: 550;\">Eine Verkostung eignet sich hervorragend um die Pr\u00e4senz eines Produktes zu steigern, den Markenauftritt zu einem Erlebnis zu machen und den Kunden bei seiner Kaufentscheidung zu unterst\u00fctzen bzw. anzuregen.<\/span><\/p>\n<p>&nbsp;<\/p>\n<p style=\"text-align: center;\">Der Genuss und die Qualit\u00e4t des Produktes r\u00fccken in den Mittelpunkt der Promotion, die pers\u00f6nliche Bindung zum Kunden wird verst\u00e4rkt. Gleichzeitig wird der Verkauf gef\u00f6rdert, da ein lebhafter Markenauftritt Probier- und Testk\u00e4ufe erzeugt. Dar\u00fcber hinaus k\u00f6nnen Kontakte generiert und f\u00fcr weiterf\u00fchrende\u00a0<strong>Direkt-Marketing-Aktionen<\/strong> genutzt werden.<\/p>\n<p style=\"text-align: center;\">Wir bieten <a href=\"https:\/\/www.globe-shopper.fr\/de\/branchen\/markenaktivierung-alkohol\/\">Alkohol-Verkostung<\/a>, <a href=\"https:\/\/www.globe-shopper.fr\/de\/branchen\/markenaktivierung-lebensmittel\/\">Lebensmittel-Verk\u00f6stigungen<\/a> und unalkoholische <a href=\"https:\/\/www.globe-shopper.fr\/de\/branchen\/markenaktivierung-getraenke\/\">Getr\u00e4nke-Verk\u00f6stigungen<\/a> &#8211; direkt am Point of Sale.<\/p>\n<p>[\/vc_column_text][vc_single_image image=\u00a0\u00bb5051&Prime; img_size=\u00a0\u00bblarge\u00a0\u00bb alignment=\u00a0\u00bbcenter\u00a0\u00bb][vc_column_text]Bei einer <strong>Verkostung<\/strong> von unserer Agentur k\u00fcmmern wir uns um die Absprachen mit dem LEH und Ihrem Au\u00dfendienst f\u00fcr die Erstellung optimaler Tourenpl\u00e4ne. Der Promoter-Performance-Index erm\u00f6glicht die Auswahl der besten Promoter f\u00fcr Ihre Aktion. Mit Hilfe unseres IT-Systems vermitteln wir auch komplexe Sachverhalte in Online-Schulungen kosteneffizient. Nat\u00fcrlich \u00fcbernehmen wir auch gerne die Konzeption Ihres Auftritts sowie die Produktion von kreativen Ouftits und Equipment f\u00fcr Sie. Abgerundet wird Ihre Aktion durch einen Kundenzugang unserer Datenbank, der Monitoring und Reporting in Echtzeit sicherstellt.[\/vc_column_text][\/vc_column][\/vc_row][vc_row css=\u00a0\u00bb.vc_custom_1566302286677{background-color: #fafafa !important;}\u00a0\u00bb][vc_column][vc_column_text]<\/p>\n<h3 style=\"text-align: center;\">Kontaktieren Sie uns<\/h3>\n<p style=\"text-align: center;\">Sie haben offene Fragen oder m\u00f6chten erg\u00e4nzende Informationen?<br \/>\nSchicken Sie uns einfach eine unverbindliche Anfrage oder rufen Sie uns an:<\/p>\n<p style=\"text-align: center;\">Globe Shopper Activation GmbH\u00a0(vormals Elite Promotion GmbH)<br \/>\nKonsul-Smidt-Stra\u00dfe 71\u00a0&#8211; 28217 Bremen<br \/>\n<a style=\"text-decoration: none;\" href=\"tel:+494216969760\">+ 49 (0) 421 \/ 69 69 760<\/a><br \/>\n<a style=\"text-decoration: none;\" href=\"mailto:mail.de@globe-group.com?subject=Anfrage%20von%20Website%20GLOBE\">mail.de(at)globe-group.com<\/a><\/p>\n<p>[\/vc_column_text][\/vc_column][\/vc_row][vc_row][vc_column]\n    <div class=\"slider images\">\n        <div class=\"carousel-wrap\">\n            <div class=\"owl-carousel mains-slider\">\n                                                            <div class=\"item\"><img src=\"https:\/\/www.globe-shopper.fr\/wp-content\/uploads\/2019\/08\/Henkell6_Slider_Filter.jpg\" alt=\"Henkell6_Slider_Filter\"><\/div>\n                                                                                <div class=\"item\"><img src=\"https:\/\/www.globe-shopper.fr\/wp-content\/uploads\/2019\/08\/Henkell4_Slider_Filter.jpg\" alt=\"Henkell4_Slider_Filter\"><\/div>\n                                                                                <div class=\"item\"><img src=\"https:\/\/www.globe-shopper.fr\/wp-content\/uploads\/2019\/08\/Henkell1_3_Slider_Filter.jpg\" alt=\"Henkell1_3_Slider_Filter\"><\/div>\n                                                <\/div>\n        <\/div>\n    <\/div>\n\n\n    [\/vc_column][\/vc_row][vc_row][vc_column]\n    <div class=\"button\">\n        <a href=\"https:\/\/www.globe-shopper.fr\/de\/kontakt\/\">Kontaktieren Sie uns<\/a>\n    <\/div>\n\n    [\/vc_column][\/vc_row][vc_row][vc_column]\n            <div class=\"last-news l-width\">\n            <div class=\"separateur\"><span class=\"one\"><\/span><span class=\"two\"><\/span><\/div>\n\n            <h2 class=\"last-news__title\"><\/h2>\n\n            <div class=\"news-content\">\n                \n                                    <a href=\"https:\/\/www.globe-shopper.fr\/de\/news\/the-future-of-retail-5-trends\/\" class=\"new\">\n                        <div class=\"img\">\n                            <img width=\"400\" height=\"320\" src=\"https:\/\/www.globe-shopper.fr\/wp-content\/uploads\/2021\/04\/TAILLE-IMAGE-PRINCIPALE-BLOG-DE-GLOBE_The-Future-of-Retail_Test-400x320.png\" class=\"attachment-single-blog-thumb size-single-blog-thumb wp-post-image\" alt=\"\" decoding=\"async\" \/>                        <\/div>\n                        <div class=\"title\">The Future of Retail: Diese f\u00fcnf Themen sind im Trend<\/div>\n                        <div class=\"text\">\n                                                    <\/div>\n                    <\/a>\n                                    <a href=\"https:\/\/www.globe-shopper.fr\/de\/news\/globe-promotionagentur-bremen\/\" class=\"new\">\n                        <div class=\"img\">\n                            <img width=\"400\" height=\"320\" src=\"https:\/\/www.globe-shopper.fr\/wp-content\/uploads\/2024\/01\/2023-11_GLOBE-Bremen-News-1600x888-2-400x320.png\" class=\"attachment-single-blog-thumb size-single-blog-thumb wp-post-image\" alt=\"Grafik mit dem Text, dass ab dem 1. November 2023 GLOBE zusammen mit ihrer Schwesteragentur BARON in Bremen in der Konsul-Smidt-Stra\u00dfe 71 zu erreichen ist!\" decoding=\"async\" \/>                        <\/div>\n                        <div class=\"title\">GLOBE zieht um in Bremen<\/div>\n                        <div class=\"text\">\n                                                    <\/div>\n                    <\/a>\n                \n                            <\/div>\n        <\/div>\n    \n    [\/vc_column][\/vc_row]<\/p>\n","protected":false},"excerpt":{"rendered":"<p>[vc_row][vc_column][vc_column_text] Verkostungen Eine Verkostung eignet sich hervorragend um die Pr\u00e4senz eines Produktes zu steigern, den Markenauftritt zu einem Erlebnis zu machen und den Kunden bei seiner Kaufentscheidung zu unterst\u00fctzen bzw. anzuregen. &nbsp; Der Genuss und die Qualit\u00e4t des Produktes r\u00fccken in den Mittelpunkt der Promotion, die pers\u00f6nliche Bindung zum Kunden wird verst\u00e4rkt. Gleichzeitig wird der [&hellip;]<\/p>\n","protected":false},"author":17,"featured_media":4767,"parent":0,"menu_order":0,"comment_status":"closed","ping_status":"closed","template":"page-templates\/page-shopper.php","meta":{"footnotes":""},"acf":[],"yoast_head":"<!-- This site is optimized with the Yoast SEO plugin v19.13 - https:\/\/yoast.com\/wordpress\/plugins\/seo\/ -->\n<title>Agentur F\u00fcr Verkostungen &amp; Verkostungsaktionen \u2605 Globe Group<\/title>\n<meta name=\"description\" content=\"Stellen Sie Ihre Produkte in einer Verkostung vor \u2605 f\u00f6rdern Sie so die pers\u00f6nliche Markenbindung und Kaufbereitschaft der Kunden \ud83c\udfafHier informieren!\" \/>\n<meta name=\"robots\" content=\"index, follow, max-snippet:-1, max-image-preview:large, max-video-preview:-1\" \/>\n<link rel=\"canonical\" href=\"https:\/\/www.globe-shopper.fr\/de\/verkostungen\/\" \/>\n<meta property=\"og:locale\" content=\"fr_FR\" \/>\n<meta property=\"og:type\" content=\"article\" \/>\n<meta property=\"og:title\" content=\"Agentur F\u00fcr Verkostungen &amp; Verkostungsaktionen \u2605 Globe Group\" \/>\n<meta property=\"og:description\" content=\"Stellen Sie Ihre Produkte in einer Verkostung vor \u2605 f\u00f6rdern Sie so die pers\u00f6nliche Markenbindung und Kaufbereitschaft der Kunden \ud83c\udfafHier informieren!\" \/>\n<meta property=\"og:url\" content=\"https:\/\/www.globe-shopper.fr\/de\/verkostungen\/\" \/>\n<meta property=\"og:site_name\" content=\"Globe Groupe\" \/>\n<meta property=\"article:modified_time\" content=\"2023-10-25T13:05:17+00:00\" \/>\n<meta property=\"og:image\" content=\"https:\/\/www.globe-shopper.fr\/wp-content\/uploads\/2019\/07\/Castello_Slider_Filter_IMG_20181130_124037.jpg\" \/>\n\t<meta property=\"og:image:width\" content=\"800\" \/>\n\t<meta property=\"og:image:height\" content=\"600\" \/>\n\t<meta property=\"og:image:type\" content=\"image\/jpeg\" \/>\n<meta name=\"twitter:card\" content=\"summary_large_image\" \/>\n<meta name=\"twitter:label1\" content=\"Dur\u00e9e de lecture est.\" \/>\n\t<meta name=\"twitter:data1\" content=\"1 minute\" \/>\n<script type=\"application\/ld+json\" class=\"yoast-schema-graph\">{\"@context\":\"https:\/\/schema.org\",\"@graph\":[{\"@type\":\"WebPage\",\"@id\":\"https:\/\/www.globe-shopper.fr\/de\/verkostungen\/\",\"url\":\"https:\/\/www.globe-shopper.fr\/de\/verkostungen\/\",\"name\":\"Agentur F\u00fcr Verkostungen & Verkostungsaktionen \u2605 Globe Group\",\"isPartOf\":{\"@id\":\"https:\/\/www.globe-shopper.fr\/fr\/#website\"},\"datePublished\":\"2019-08-26T15:08:12+00:00\",\"dateModified\":\"2023-10-25T13:05:17+00:00\",\"description\":\"Stellen Sie Ihre Produkte in einer Verkostung vor \u2605 f\u00f6rdern Sie so die pers\u00f6nliche Markenbindung und Kaufbereitschaft der Kunden \ud83c\udfafHier informieren!\",\"breadcrumb\":{\"@id\":\"https:\/\/www.globe-shopper.fr\/de\/verkostungen\/#breadcrumb\"},\"inLanguage\":\"fr-FR\",\"potentialAction\":[{\"@type\":\"ReadAction\",\"target\":[\"https:\/\/www.globe-shopper.fr\/de\/verkostungen\/\"]}]},{\"@type\":\"BreadcrumbList\",\"@id\":\"https:\/\/www.globe-shopper.fr\/de\/verkostungen\/#breadcrumb\",\"itemListElement\":[{\"@type\":\"ListItem\",\"position\":1,\"name\":\"Home\",\"item\":\"https:\/\/www.globe-shopper.fr\/de\/ese-de\/\"},{\"@type\":\"ListItem\",\"position\":2,\"name\":\"Agentur F\u00fcr Verkostungen \u00bb Globe Group\"}]},{\"@type\":\"WebSite\",\"@id\":\"https:\/\/www.globe-shopper.fr\/fr\/#website\",\"url\":\"https:\/\/www.globe-shopper.fr\/fr\/\",\"name\":\"Globe Groupe\",\"description\":\"Effective Shopper Experience\",\"publisher\":{\"@id\":\"https:\/\/www.globe-shopper.fr\/fr\/#organization\"},\"potentialAction\":[{\"@type\":\"SearchAction\",\"target\":{\"@type\":\"EntryPoint\",\"urlTemplate\":\"https:\/\/www.globe-shopper.fr\/fr\/?s={search_term_string}\"},\"query-input\":\"required name=search_term_string\"}],\"inLanguage\":\"fr-FR\"},{\"@type\":\"Organization\",\"@id\":\"https:\/\/www.globe-shopper.fr\/fr\/#organization\",\"name\":\"Groupe Globe\",\"url\":\"https:\/\/www.globe-shopper.fr\/fr\/\",\"logo\":{\"@type\":\"ImageObject\",\"inLanguage\":\"fr-FR\",\"@id\":\"https:\/\/www.globe-shopper.fr\/fr\/#\/schema\/logo\/image\/\",\"url\":\"https:\/\/www.globe-shopper.fr\/wp-content\/uploads\/2021\/08\/globe-groupe.png\",\"contentUrl\":\"https:\/\/www.globe-shopper.fr\/wp-content\/uploads\/2021\/08\/globe-groupe.png\",\"width\":1269,\"height\":1024,\"caption\":\"Groupe Globe\"},\"image\":{\"@id\":\"https:\/\/www.globe-shopper.fr\/fr\/#\/schema\/logo\/image\/\"},\"sameAs\":[\"https:\/\/www.instagram.com\/globe_deutschland\/\",\"https:\/\/www.linkedin.com\/company\/globe-group-deutschland\/\"]}]}<\/script>\n<!-- \/ Yoast SEO plugin. -->","yoast_head_json":{"title":"Agentur F\u00fcr Verkostungen & Verkostungsaktionen \u2605 Globe Group","description":"Stellen Sie Ihre Produkte in einer Verkostung vor \u2605 f\u00f6rdern Sie so die pers\u00f6nliche Markenbindung und Kaufbereitschaft der Kunden \ud83c\udfafHier informieren!","robots":{"index":"index","follow":"follow","max-snippet":"max-snippet:-1","max-image-preview":"max-image-preview:large","max-video-preview":"max-video-preview:-1"},"canonical":"https:\/\/www.globe-shopper.fr\/de\/verkostungen\/","og_locale":"fr_FR","og_type":"article","og_title":"Agentur F\u00fcr Verkostungen & Verkostungsaktionen \u2605 Globe Group","og_description":"Stellen Sie Ihre Produkte in einer Verkostung vor \u2605 f\u00f6rdern Sie so die pers\u00f6nliche Markenbindung und Kaufbereitschaft der Kunden \ud83c\udfafHier informieren!","og_url":"https:\/\/www.globe-shopper.fr\/de\/verkostungen\/","og_site_name":"Globe Groupe","article_modified_time":"2023-10-25T13:05:17+00:00","og_image":[{"width":800,"height":600,"url":"https:\/\/www.globe-shopper.fr\/wp-content\/uploads\/2019\/07\/Castello_Slider_Filter_IMG_20181130_124037.jpg","type":"image\/jpeg"}],"twitter_card":"summary_large_image","twitter_misc":{"Dur\u00e9e de lecture est.":"1 minute"},"schema":{"@context":"https:\/\/schema.org","@graph":[{"@type":"WebPage","@id":"https:\/\/www.globe-shopper.fr\/de\/verkostungen\/","url":"https:\/\/www.globe-shopper.fr\/de\/verkostungen\/","name":"Agentur F\u00fcr Verkostungen & Verkostungsaktionen \u2605 Globe Group","isPartOf":{"@id":"https:\/\/www.globe-shopper.fr\/fr\/#website"},"datePublished":"2019-08-26T15:08:12+00:00","dateModified":"2023-10-25T13:05:17+00:00","description":"Stellen Sie Ihre Produkte in einer Verkostung vor \u2605 f\u00f6rdern Sie so die pers\u00f6nliche Markenbindung und Kaufbereitschaft der Kunden \ud83c\udfafHier informieren!","breadcrumb":{"@id":"https:\/\/www.globe-shopper.fr\/de\/verkostungen\/#breadcrumb"},"inLanguage":"fr-FR","potentialAction":[{"@type":"ReadAction","target":["https:\/\/www.globe-shopper.fr\/de\/verkostungen\/"]}]},{"@type":"BreadcrumbList","@id":"https:\/\/www.globe-shopper.fr\/de\/verkostungen\/#breadcrumb","itemListElement":[{"@type":"ListItem","position":1,"name":"Home","item":"https:\/\/www.globe-shopper.fr\/de\/ese-de\/"},{"@type":"ListItem","position":2,"name":"Agentur F\u00fcr Verkostungen \u00bb Globe Group"}]},{"@type":"WebSite","@id":"https:\/\/www.globe-shopper.fr\/fr\/#website","url":"https:\/\/www.globe-shopper.fr\/fr\/","name":"Globe Groupe","description":"Effective Shopper Experience","publisher":{"@id":"https:\/\/www.globe-shopper.fr\/fr\/#organization"},"potentialAction":[{"@type":"SearchAction","target":{"@type":"EntryPoint","urlTemplate":"https:\/\/www.globe-shopper.fr\/fr\/?s={search_term_string}"},"query-input":"required name=search_term_string"}],"inLanguage":"fr-FR"},{"@type":"Organization","@id":"https:\/\/www.globe-shopper.fr\/fr\/#organization","name":"Groupe Globe","url":"https:\/\/www.globe-shopper.fr\/fr\/","logo":{"@type":"ImageObject","inLanguage":"fr-FR","@id":"https:\/\/www.globe-shopper.fr\/fr\/#\/schema\/logo\/image\/","url":"https:\/\/www.globe-shopper.fr\/wp-content\/uploads\/2021\/08\/globe-groupe.png","contentUrl":"https:\/\/www.globe-shopper.fr\/wp-content\/uploads\/2021\/08\/globe-groupe.png","width":1269,"height":1024,"caption":"Groupe Globe"},"image":{"@id":"https:\/\/www.globe-shopper.fr\/fr\/#\/schema\/logo\/image\/"},"sameAs":["https:\/\/www.instagram.com\/globe_deutschland\/","https:\/\/www.linkedin.com\/company\/globe-group-deutschland\/"]}]}},"_links":{"self":[{"href":"https:\/\/www.globe-shopper.fr\/de\/wp-json\/wp\/v2\/pages\/5060"}],"collection":[{"href":"https:\/\/www.globe-shopper.fr\/de\/wp-json\/wp\/v2\/pages"}],"about":[{"href":"https:\/\/www.globe-shopper.fr\/de\/wp-json\/wp\/v2\/types\/page"}],"author":[{"embeddable":true,"href":"https:\/\/www.globe-shopper.fr\/de\/wp-json\/wp\/v2\/users\/17"}],"replies":[{"embeddable":true,"href":"https:\/\/www.globe-shopper.fr\/de\/wp-json\/wp\/v2\/comments?post=5060"}],"version-history":[{"count":11,"href":"https:\/\/www.globe-shopper.fr\/de\/wp-json\/wp\/v2\/pages\/5060\/revisions"}],"predecessor-version":[{"id":7790,"href":"https:\/\/www.globe-shopper.fr\/de\/wp-json\/wp\/v2\/pages\/5060\/revisions\/7790"}],"wp:featuredmedia":[{"embeddable":true,"href":"https:\/\/www.globe-shopper.fr\/de\/wp-json\/wp\/v2\/media\/4767"}],"wp:attachment":[{"href":"https:\/\/www.globe-shopper.fr\/de\/wp-json\/wp\/v2\/media?parent=5060"}],"curies":[{"name":"wp","href":"https:\/\/api.w.org\/{rel}","templated":true}]}}