{"id":4926,"date":"2019-08-20T10:29:58","date_gmt":"2019-08-20T09:29:58","guid":{"rendered":"https:\/\/www.globe-shopper.fr\/?page_id=4926"},"modified":"2023-10-25T14:07:59","modified_gmt":"2023-10-25T13:07:59","slug":"elite-promotion","status":"publish","type":"page","link":"https:\/\/www.globe-shopper.fr\/de\/elite-promotion\/","title":{"rendered":"elite promotion"},"content":{"rendered":"<p>[vc_row][vc_column][vc_column_text]<\/p>\n<div class=\"intro l-width\">\n<h2 style=\"text-align: center;\">ELITE PROMOTION HEISST JETZT GLOBE<\/h2>\n<\/div>\n<div class=\"content\">\n<p style=\"text-align: center;\">Seit 2014\u00a0geh\u00f6rt die\u00a0<a title=\"Promotion Agentur \u00bb Globe Group \u00ab\" href=\"https:\/\/www.globe-shopper.fr\/de\/promotion-agentur\/\">Promotionagentur<\/a>\u00a0elite promotion GmbH zum internationalen Shopper-Marketing Unternehmen Globe Group. Und seit dem 1. Juli 2017 hat die Agentur auch den Namen der Gruppe \u00fcbernommen. <span style=\"font-weight: bold; color: #236aa6;\">Globe Bremen ist eine der f\u00fchrenden Agenturen f\u00fcr Shopper Marketing und integrierte Below-the-line-Kommunikation mit mehreren Niederlassungen in Frankreich und Deutschland.<\/span> Ziel der Unternehmensverbindung zwischen der franz\u00f6sischen Agentur und elite promotion ist es, das Know-how beider Unternehmen zu vereinen, um unseren Kunden ein breites Spektrum an internationalen Shopper-Marketing- und Promotion-Ma\u00dfnahmen zu bieten.<\/p>\n<\/div>\n<p>[\/vc_column_text][\/vc_column][\/vc_row][vc_row][vc_column][vc_column_text]<\/p>\n<h3 class=\"page__headline page__headline--secondary page-block__headline\" style=\"text-align: center;\">DAS BESTE AUS BEIDEN AGENTUREN<\/h3>\n<p style=\"text-align: center;\">Die franz\u00f6sische Agentur Globe f\u00fcr Shopper Marketing und integrierte Below-the-line-Kommunikation und die\u00a0<a href=\"https:\/\/www.globe-shopper.fr\/de\/promotion\/brand-activation\/\">Live Marketing<\/a>\u00a0Agentur\u00a0<strong style=\"color: #236aa6;\">elite promotion Frankfurt\u00a0<\/strong>bieten Full-Service unter einem Dach: <span style=\"font-weight: bold; color: #236aa6;\">Planung, Konzeption, Produktion und Umsetzung<\/span> von <a href=\"https:\/\/www.globe-shopper.fr\/de\/promotion\/sampling-street-marketing\/\">Street-Promotion<\/a>, Instore-<a href=\"https:\/\/www.globe-shopper.fr\/de\/promotion\/\">Promotion<\/a>, <a href=\"https:\/\/www.globe-shopper.fr\/de\/promotion\/instore-events\/\">Instore-Events<\/a> und\u00a0<a href=\"https:\/\/www.globe-shopper.fr\/de\/promotion\/roadshow\/\">Roadshows<\/a>. Die verschiedenen Standorte unserer Agentur in Frankreich und Deutschland erm\u00f6glichen uns zus\u00e4tzlich international zu agieren und pr\u00e4sent zu sein. So k\u00f6nnen auch l\u00e4nder\u00fcbergreifende Kampagnen f\u00fcr internationale Kunden optimal gestaltet werden.<\/p>\n<p>[\/vc_column_text][vc_single_image image=\u00a0\u00bb4939&Prime; img_size=\u00a0\u00bblarge\u00a0\u00bb alignment=\u00a0\u00bbcenter\u00a0\u00bb][\/vc_column][vc_column][vc_column_text]<\/p>\n<h3 style=\"text-align: center;\">IHRE VORTEILE<\/h3>\n<p style=\"text-align: center; font-weight: bold; color: #236aa6;\"><strong>Elite Promotion<\/strong> handelt ab sofort unter dem Namen \u00ab\u00a0Globe Shopper Activation GmbH\u00a0\u00bb \u2013 f\u00fcr Sie muss sich jedoch nichts \u00e4ndern. Besser sogar! Auch Sie k\u00f6nnen von unserem Unternehmenszusammenschluss profitieren:<\/p>\n<p style=\"text-align: center;\">\u2022 Durch den Zusammenschluss ist\u00a0das Know-how von <strong style=\"color: #236aa6;\">elitepromotion<\/strong> stetig weitergewachsen, sodass wir noch bessere Markenerlebnisse schaffen k\u00f6nnen.<\/p>\n<p style=\"text-align: center;\">\u2022 Sie haben nun die M\u00f6glichkeit auf noch mehr Ressourcen f\u00fcr die Planung, Umsetzung und Erfolgskontrolle zuzugreifen.<\/p>\n<p style=\"text-align: center;\">\u2022 Ihre Kampagnen k\u00f6nnen f\u00fcr internationale Zielgruppen <span style=\"font-weight: bold; color: #236aa6;\">l\u00e4nder\u00fcbergreifend<\/span> gestaltet werden.<\/p>\n<p>[\/vc_column_text][\/vc_column][\/vc_row][vc_row css=\u00a0\u00bb.vc_custom_1566302286677{background-color: #fafafa !important;}\u00a0\u00bb][vc_column][vc_column_text]<\/p>\n<h3 style=\"text-align: center;\">Kontaktieren Sie uns<\/h3>\n<p style=\"text-align: center;\">Sie haben offene Fragen oder m\u00f6chten erg\u00e4nzende Informationen?<br \/>\nSchicken Sie uns einfach eine unverbindliche Anfrage oder rufen Sie uns an:<\/p>\n<p style=\"text-align: center;\">Globe Shopper Activation GmbH\u00a0(vormals Elite Promotion GmbH)<br \/>\nKonsul-Smidt-Stra\u00dfe 71\u00a0&#8211; 28217 Bremen<br \/>\n<a style=\"text-decoration: none;\" href=\"tel:+494216969760\">+ 49 (0) 421 \/ 69 69 760<\/a><br \/>\n<a style=\"text-decoration: none;\" href=\"mailto:mail.de@globe-group.com?subject=Anfrage%20von%20Website%20GLOBE\">mail.de(at)globe-group.com<\/a><\/p>\n<p>[\/vc_column_text][\/vc_column][\/vc_row][vc_row][vc_column]\n    <div class=\"slider images\">\n        <div class=\"carousel-wrap\">\n            <div class=\"owl-carousel mains-slider\">\n                                                            <div class=\"item\"><img src=\"https:\/\/www.globe-shopper.fr\/wp-content\/uploads\/2019\/01\/EVIAN-SLIDER-1-e1452265907563-1.jpg\" alt=\"EVIAN-SLIDER-1-e1452265907563\"><\/div>\n                                                                                <div class=\"item\"><img src=\"https:\/\/www.globe-shopper.fr\/wp-content\/uploads\/2018\/11\/033-scaled.jpg\" alt=\"033\"><\/div>\n                                                                                <div class=\"item\"><img src=\"https:\/\/www.globe-shopper.fr\/wp-content\/uploads\/2018\/11\/CARTE-NOIRE-TEMPS-FORT-resized.jpg\" alt=\"CARTE NOIRE TEMPS FORT\"><\/div>\n                                                                                <div class=\"item\"><img src=\"https:\/\/www.globe-shopper.fr\/wp-content\/uploads\/2018\/11\/ST-LAZ-MARKET-resized.jpg\" alt=\"ST LAZ MARKET resized\"><\/div>\n                                                <\/div>\n        <\/div>\n    <\/div>\n\n\n    [\/vc_column][\/vc_row][vc_row][vc_column]\n    <div class=\"button\">\n        <a href=\"https:\/\/www.globe-shopper.fr\/de\/kontakt\/\">Kontaktieren Sie uns<\/a>\n    <\/div>\n\n    [\/vc_column][\/vc_row][vc_row][vc_column]\n            <div class=\"last-news l-width\">\n            <div class=\"separateur\"><span class=\"one\"><\/span><span class=\"two\"><\/span><\/div>\n\n            <h2 class=\"last-news__title\"><\/h2>\n\n            <div class=\"news-content\">\n                \n                                    <a href=\"https:\/\/www.globe-shopper.fr\/de\/news\/the-future-of-retail-5-trends\/\" class=\"new\">\n                        <div class=\"img\">\n                            <img width=\"400\" height=\"320\" src=\"https:\/\/www.globe-shopper.fr\/wp-content\/uploads\/2021\/04\/TAILLE-IMAGE-PRINCIPALE-BLOG-DE-GLOBE_The-Future-of-Retail_Test-400x320.png\" class=\"attachment-single-blog-thumb size-single-blog-thumb wp-post-image\" alt=\"\" decoding=\"async\" \/>                        <\/div>\n                        <div class=\"title\">The Future of Retail: Diese f\u00fcnf Themen sind im Trend<\/div>\n                        <div class=\"text\">\n                                                    <\/div>\n                    <\/a>\n                                    <a href=\"https:\/\/www.globe-shopper.fr\/de\/news\/globe-promotionagentur-bremen\/\" class=\"new\">\n                        <div class=\"img\">\n                            <img width=\"400\" height=\"320\" src=\"https:\/\/www.globe-shopper.fr\/wp-content\/uploads\/2024\/01\/2023-11_GLOBE-Bremen-News-1600x888-2-400x320.png\" class=\"attachment-single-blog-thumb size-single-blog-thumb wp-post-image\" alt=\"Grafik mit dem Text, dass ab dem 1. November 2023 GLOBE zusammen mit ihrer Schwesteragentur BARON in Bremen in der Konsul-Smidt-Stra\u00dfe 71 zu erreichen ist!\" decoding=\"async\" \/>                        <\/div>\n                        <div class=\"title\">GLOBE zieht um in Bremen<\/div>\n                        <div class=\"text\">\n                                                    <\/div>\n                    <\/a>\n                \n                            <\/div>\n        <\/div>\n    \n    [\/vc_column][\/vc_row]<\/p>\n","protected":false},"excerpt":{"rendered":"<p>[vc_row][vc_column][vc_column_text] ELITE PROMOTION HEISST JETZT GLOBE Seit 2014\u00a0geh\u00f6rt die\u00a0Promotionagentur\u00a0elite promotion GmbH zum internationalen Shopper-Marketing Unternehmen Globe Group. Und seit dem 1. Juli 2017 hat die Agentur auch den Namen der Gruppe \u00fcbernommen. Globe Bremen ist eine der f\u00fchrenden Agenturen f\u00fcr Shopper Marketing und integrierte Below-the-line-Kommunikation mit mehreren Niederlassungen in Frankreich und Deutschland. Ziel der Unternehmensverbindung [&hellip;]<\/p>\n","protected":false},"author":17,"featured_media":6817,"parent":0,"menu_order":0,"comment_status":"closed","ping_status":"closed","template":"page-templates\/page-shopper.php","meta":{"footnotes":""},"acf":[],"yoast_head":"<!-- This site is optimized with the Yoast SEO plugin v19.13 - https:\/\/yoast.com\/wordpress\/plugins\/seo\/ -->\n<title>Elite Promotion | Elitepromotion wird Teil der Globe Group<\/title>\n<meta name=\"description\" content=\"Elite Promotion wurde am 01. Juli 2017 Teil der Globe Shopper Activation GmbH \u25ba jetzt \u00fcber Ihre Vorteile informieren\" \/>\n<meta name=\"robots\" content=\"index, follow, max-snippet:-1, max-image-preview:large, max-video-preview:-1\" \/>\n<link rel=\"canonical\" href=\"https:\/\/www.globe-shopper.fr\/de\/elite-promotion\/\" \/>\n<meta property=\"og:locale\" content=\"fr_FR\" \/>\n<meta property=\"og:type\" content=\"article\" \/>\n<meta property=\"og:title\" content=\"Elite Promotion | Elitepromotion wird Teil der Globe Group\" \/>\n<meta property=\"og:description\" content=\"Elite Promotion wurde am 01. Juli 2017 Teil der Globe Shopper Activation GmbH \u25ba jetzt \u00fcber Ihre Vorteile informieren\" \/>\n<meta property=\"og:url\" content=\"https:\/\/www.globe-shopper.fr\/de\/elite-promotion\/\" \/>\n<meta property=\"og:site_name\" content=\"Globe Groupe\" \/>\n<meta property=\"article:modified_time\" content=\"2023-10-25T13:07:59+00:00\" \/>\n<meta property=\"og:image\" content=\"https:\/\/www.globe-shopper.fr\/wp-content\/uploads\/2021\/06\/1_NB-scaled.jpg\" \/>\n\t<meta property=\"og:image:width\" content=\"1536\" \/>\n\t<meta property=\"og:image:height\" content=\"1024\" \/>\n\t<meta property=\"og:image:type\" content=\"image\/jpeg\" \/>\n<meta name=\"twitter:card\" content=\"summary_large_image\" \/>\n<meta name=\"twitter:label1\" content=\"Dur\u00e9e de lecture est.\" \/>\n\t<meta name=\"twitter:data1\" content=\"2 minutes\" \/>\n<script type=\"application\/ld+json\" class=\"yoast-schema-graph\">{\"@context\":\"https:\/\/schema.org\",\"@graph\":[{\"@type\":\"WebPage\",\"@id\":\"https:\/\/www.globe-shopper.fr\/de\/elite-promotion\/\",\"url\":\"https:\/\/www.globe-shopper.fr\/de\/elite-promotion\/\",\"name\":\"Elite Promotion | Elitepromotion wird Teil der Globe Group\",\"isPartOf\":{\"@id\":\"https:\/\/www.globe-shopper.fr\/fr\/#website\"},\"datePublished\":\"2019-08-20T09:29:58+00:00\",\"dateModified\":\"2023-10-25T13:07:59+00:00\",\"description\":\"Elite Promotion wurde am 01. Juli 2017 Teil der Globe Shopper Activation GmbH \u25ba jetzt \u00fcber Ihre Vorteile informieren\",\"breadcrumb\":{\"@id\":\"https:\/\/www.globe-shopper.fr\/de\/elite-promotion\/#breadcrumb\"},\"inLanguage\":\"fr-FR\",\"potentialAction\":[{\"@type\":\"ReadAction\",\"target\":[\"https:\/\/www.globe-shopper.fr\/de\/elite-promotion\/\"]}]},{\"@type\":\"BreadcrumbList\",\"@id\":\"https:\/\/www.globe-shopper.fr\/de\/elite-promotion\/#breadcrumb\",\"itemListElement\":[{\"@type\":\"ListItem\",\"position\":1,\"name\":\"Home\",\"item\":\"https:\/\/www.globe-shopper.fr\/de\/ese-de\/\"},{\"@type\":\"ListItem\",\"position\":2,\"name\":\"elite promotion\"}]},{\"@type\":\"WebSite\",\"@id\":\"https:\/\/www.globe-shopper.fr\/fr\/#website\",\"url\":\"https:\/\/www.globe-shopper.fr\/fr\/\",\"name\":\"Globe Groupe\",\"description\":\"Effective Shopper Experience\",\"publisher\":{\"@id\":\"https:\/\/www.globe-shopper.fr\/fr\/#organization\"},\"potentialAction\":[{\"@type\":\"SearchAction\",\"target\":{\"@type\":\"EntryPoint\",\"urlTemplate\":\"https:\/\/www.globe-shopper.fr\/fr\/?s={search_term_string}\"},\"query-input\":\"required name=search_term_string\"}],\"inLanguage\":\"fr-FR\"},{\"@type\":\"Organization\",\"@id\":\"https:\/\/www.globe-shopper.fr\/fr\/#organization\",\"name\":\"Groupe Globe\",\"url\":\"https:\/\/www.globe-shopper.fr\/fr\/\",\"logo\":{\"@type\":\"ImageObject\",\"inLanguage\":\"fr-FR\",\"@id\":\"https:\/\/www.globe-shopper.fr\/fr\/#\/schema\/logo\/image\/\",\"url\":\"https:\/\/www.globe-shopper.fr\/wp-content\/uploads\/2021\/08\/globe-groupe.png\",\"contentUrl\":\"https:\/\/www.globe-shopper.fr\/wp-content\/uploads\/2021\/08\/globe-groupe.png\",\"width\":1269,\"height\":1024,\"caption\":\"Groupe Globe\"},\"image\":{\"@id\":\"https:\/\/www.globe-shopper.fr\/fr\/#\/schema\/logo\/image\/\"},\"sameAs\":[\"https:\/\/www.instagram.com\/globe_deutschland\/\",\"https:\/\/www.linkedin.com\/company\/globe-group-deutschland\/\"]}]}<\/script>\n<!-- \/ Yoast SEO plugin. -->","yoast_head_json":{"title":"Elite Promotion | Elitepromotion wird Teil der Globe Group","description":"Elite Promotion wurde am 01. Juli 2017 Teil der Globe Shopper Activation GmbH \u25ba jetzt \u00fcber Ihre Vorteile informieren","robots":{"index":"index","follow":"follow","max-snippet":"max-snippet:-1","max-image-preview":"max-image-preview:large","max-video-preview":"max-video-preview:-1"},"canonical":"https:\/\/www.globe-shopper.fr\/de\/elite-promotion\/","og_locale":"fr_FR","og_type":"article","og_title":"Elite Promotion | Elitepromotion wird Teil der Globe Group","og_description":"Elite Promotion wurde am 01. Juli 2017 Teil der Globe Shopper Activation GmbH \u25ba jetzt \u00fcber Ihre Vorteile informieren","og_url":"https:\/\/www.globe-shopper.fr\/de\/elite-promotion\/","og_site_name":"Globe Groupe","article_modified_time":"2023-10-25T13:07:59+00:00","og_image":[{"width":1536,"height":1024,"url":"https:\/\/www.globe-shopper.fr\/wp-content\/uploads\/2021\/06\/1_NB-scaled.jpg","type":"image\/jpeg"}],"twitter_card":"summary_large_image","twitter_misc":{"Dur\u00e9e de lecture est.":"2 minutes"},"schema":{"@context":"https:\/\/schema.org","@graph":[{"@type":"WebPage","@id":"https:\/\/www.globe-shopper.fr\/de\/elite-promotion\/","url":"https:\/\/www.globe-shopper.fr\/de\/elite-promotion\/","name":"Elite Promotion | Elitepromotion wird Teil der Globe Group","isPartOf":{"@id":"https:\/\/www.globe-shopper.fr\/fr\/#website"},"datePublished":"2019-08-20T09:29:58+00:00","dateModified":"2023-10-25T13:07:59+00:00","description":"Elite Promotion wurde am 01. Juli 2017 Teil der Globe Shopper Activation GmbH \u25ba jetzt \u00fcber Ihre Vorteile informieren","breadcrumb":{"@id":"https:\/\/www.globe-shopper.fr\/de\/elite-promotion\/#breadcrumb"},"inLanguage":"fr-FR","potentialAction":[{"@type":"ReadAction","target":["https:\/\/www.globe-shopper.fr\/de\/elite-promotion\/"]}]},{"@type":"BreadcrumbList","@id":"https:\/\/www.globe-shopper.fr\/de\/elite-promotion\/#breadcrumb","itemListElement":[{"@type":"ListItem","position":1,"name":"Home","item":"https:\/\/www.globe-shopper.fr\/de\/ese-de\/"},{"@type":"ListItem","position":2,"name":"elite promotion"}]},{"@type":"WebSite","@id":"https:\/\/www.globe-shopper.fr\/fr\/#website","url":"https:\/\/www.globe-shopper.fr\/fr\/","name":"Globe Groupe","description":"Effective Shopper Experience","publisher":{"@id":"https:\/\/www.globe-shopper.fr\/fr\/#organization"},"potentialAction":[{"@type":"SearchAction","target":{"@type":"EntryPoint","urlTemplate":"https:\/\/www.globe-shopper.fr\/fr\/?s={search_term_string}"},"query-input":"required name=search_term_string"}],"inLanguage":"fr-FR"},{"@type":"Organization","@id":"https:\/\/www.globe-shopper.fr\/fr\/#organization","name":"Groupe Globe","url":"https:\/\/www.globe-shopper.fr\/fr\/","logo":{"@type":"ImageObject","inLanguage":"fr-FR","@id":"https:\/\/www.globe-shopper.fr\/fr\/#\/schema\/logo\/image\/","url":"https:\/\/www.globe-shopper.fr\/wp-content\/uploads\/2021\/08\/globe-groupe.png","contentUrl":"https:\/\/www.globe-shopper.fr\/wp-content\/uploads\/2021\/08\/globe-groupe.png","width":1269,"height":1024,"caption":"Groupe Globe"},"image":{"@id":"https:\/\/www.globe-shopper.fr\/fr\/#\/schema\/logo\/image\/"},"sameAs":["https:\/\/www.instagram.com\/globe_deutschland\/","https:\/\/www.linkedin.com\/company\/globe-group-deutschland\/"]}]}},"_links":{"self":[{"href":"https:\/\/www.globe-shopper.fr\/de\/wp-json\/wp\/v2\/pages\/4926"}],"collection":[{"href":"https:\/\/www.globe-shopper.fr\/de\/wp-json\/wp\/v2\/pages"}],"about":[{"href":"https:\/\/www.globe-shopper.fr\/de\/wp-json\/wp\/v2\/types\/page"}],"author":[{"embeddable":true,"href":"https:\/\/www.globe-shopper.fr\/de\/wp-json\/wp\/v2\/users\/17"}],"replies":[{"embeddable":true,"href":"https:\/\/www.globe-shopper.fr\/de\/wp-json\/wp\/v2\/comments?post=4926"}],"version-history":[{"count":27,"href":"https:\/\/www.globe-shopper.fr\/de\/wp-json\/wp\/v2\/pages\/4926\/revisions"}],"predecessor-version":[{"id":7797,"href":"https:\/\/www.globe-shopper.fr\/de\/wp-json\/wp\/v2\/pages\/4926\/revisions\/7797"}],"wp:featuredmedia":[{"embeddable":true,"href":"https:\/\/www.globe-shopper.fr\/de\/wp-json\/wp\/v2\/media\/6817"}],"wp:attachment":[{"href":"https:\/\/www.globe-shopper.fr\/de\/wp-json\/wp\/v2\/media?parent=4926"}],"curies":[{"name":"wp","href":"https:\/\/api.w.org\/{rel}","templated":true}]}}