{"id":4303,"date":"2018-11-27T19:39:26","date_gmt":"2018-11-27T18:39:26","guid":{"rendered":"https:\/\/www.globe-shopper.fr\/activation-marketing-secteur\/"},"modified":"2023-10-25T13:51:41","modified_gmt":"2023-10-25T12:51:41","slug":"branchen","status":"publish","type":"page","link":"https:\/\/www.globe-shopper.fr\/de\/branchen\/","title":{"rendered":"Leistungsspektrum nach Branchen"},"content":{"rendered":"<p>[vc_row][vc_column][vc_column_text]<\/p>\n<h2>ERLEBNISSE &#8211; DIE NEUE VORAUSSETZUNG F\u00dcR DEN KAUF<\/h2>\n<p>[\/vc_column_text][\/vc_column][\/vc_row][vc_row][vc_column]\n    <div class=\"separateur\"><span class=\"one\"><\/span><span class=\"two\"><\/span><\/div>\n\n    [\/vc_column][\/vc_row][vc_row][vc_column][vc_column_text]<\/p>\n<h3 class=\"page__headline page__headline--secondary page-block__headline\">KREATIVE L\u00d6SUNGEN<\/h3>\n<p class=\"page__headline page__headline--secondary page-block__headline\">Unserer Konzepte ist grunds\u00e4tzlich Sache unserer Kreativabteilung. Wir entwickeln unsere Ma\u00dfnahmen wie Werbekampagnen, kreativ, ambitioniert\u2026aber immer pragmatisch.<\/p>\n<p>Ein Team aus erfahrenen Werbern arbeitet f\u00fcr Sie in individuell zusammengestellten Projektgruppen \u2013 je nach\u00a0Branche und Bedarf. Ob Art Director, Designer, Texter, 3D Grafiker, Architekt, Innenausbauer oder Sketch-K\u00fcnstler: Je nach Ihren Bed\u00fcrfnissen und Ihren Zielen erarbeiten wir f\u00fcr Sie interdisziplin\u00e4r an kreativen und effektiven L\u00f6sungen.[\/vc_column_text][\/vc_column][\/vc_row][vc_row][vc_column]\n    <div class=\"slider images\">\n        <div class=\"carousel-wrap\">\n            <div class=\"owl-carousel mains-slider\">\n                                                            <div class=\"item\"><img src=\"https:\/\/www.globe-shopper.fr\/wp-content\/uploads\/2019\/01\/Evian-1.jpg\" alt=\"Evian 1\"><\/div>\n                                                                                <div class=\"item\"><img src=\"https:\/\/www.globe-shopper.fr\/wp-content\/uploads\/2019\/02\/BAILEYS-1.jpg\" alt=\"BAILEYS 1\"><\/div>\n                                                                                <div class=\"item\"><img src=\"https:\/\/www.globe-shopper.fr\/wp-content\/uploads\/2019\/01\/Internationale-3.jpg\" alt=\"Internationale 3\"><\/div>\n                                                                                <div class=\"item\"><img src=\"https:\/\/www.globe-shopper.fr\/wp-content\/uploads\/2019\/02\/JPG-4.jpg\" alt=\"JPG 4\"><\/div>\n                                                                                <div class=\"item\"><img src=\"https:\/\/www.globe-shopper.fr\/wp-content\/uploads\/2019\/01\/Yves-rocher-3.jpg\" alt=\"Yves rocher 3\"><\/div>\n                                                                                <div class=\"item\"><img src=\"https:\/\/www.globe-shopper.fr\/wp-content\/uploads\/2019\/01\/Internationale-1.jpg\" alt=\"Internationale 1\"><\/div>\n                                                                                <div class=\"item\"><img src=\"https:\/\/www.globe-shopper.fr\/wp-content\/uploads\/2018\/12\/Dyson-1.jpg\" alt=\"Dyson 1\"><\/div>\n                                                                                <div class=\"item\"><img src=\"https:\/\/www.globe-shopper.fr\/wp-content\/uploads\/2018\/12\/glenmorangie-4.jpg\" alt=\"glenmorangie 4\"><\/div>\n                                                                                <div class=\"item\"><img src=\"https:\/\/www.globe-shopper.fr\/wp-content\/uploads\/2019\/01\/AFFLIGEM-3.jpg\" alt=\"AFFLIGEM 3\"><\/div>\n                                                                                <div class=\"item\"><img src=\"https:\/\/www.globe-shopper.fr\/wp-content\/uploads\/2019\/01\/ANDROS-BAR-A-JUS-2.jpg\" alt=\"ANDROS BAR A JUS 2\"><\/div>\n                                                                                <div class=\"item\"><img src=\"https:\/\/www.globe-shopper.fr\/wp-content\/uploads\/2019\/02\/carte-noire-gare-3.jpg\" alt=\"carte noire gare 3\"><\/div>\n                                                                                <div class=\"item\"><img src=\"https:\/\/www.globe-shopper.fr\/wp-content\/uploads\/2018\/12\/Cote-d-or-encore-1.jpg\" alt=\"Cote d or encore 1\"><\/div>\n                                                                                <div class=\"item\"><img src=\"https:\/\/www.globe-shopper.fr\/wp-content\/uploads\/2018\/12\/granola-1.jpg\" alt=\"granola 1\"><\/div>\n                                                                                <div class=\"item\"><img src=\"https:\/\/www.globe-shopper.fr\/wp-content\/uploads\/2018\/12\/Activia-1.jpg\" alt=\"Activia 1\"><\/div>\n                                                                                <div class=\"item\"><img src=\"https:\/\/www.globe-shopper.fr\/wp-content\/uploads\/2018\/12\/Fructis-2.jpg\" alt=\"Fructis 2\"><\/div>\n                                                                                <div class=\"item\"><img src=\"https:\/\/www.globe-shopper.fr\/wp-content\/uploads\/2019\/02\/Neutrogena-3.jpg\" alt=\"Neutrogena 3\"><\/div>\n                                                <\/div>\n        <\/div>\n    <\/div>\n\n\n    [\/vc_column][\/vc_row][vc_row css=\u00a0\u00bb.vc_custom_1639654634699{margin-top: 60px !important;margin-bottom: 60px !important;background-color: #e9f0f6 !important;}\u00a0\u00bb][vc_column][vc_column_text css=\u00a0\u00bb.vc_custom_1698238296522{padding-bottom: 20px !important;}\u00a0\u00bb]<\/p>\n<h3 style=\"text-align: center;\">Kontaktieren Sie uns<\/h3>\n<p style=\"text-align: center;\">Sie haben offene Fragen oder m\u00f6chten erg\u00e4nzende Informationen?<br \/>\nSchicken Sie uns einfach eine unverbindliche Anfrage oder rufen Sie uns an:<\/p>\n<p style=\"text-align: center;\">Globe Shopper Activation GmbH\u00a0(vormals Elite Promotion GmbH)<br \/>\nKonsul-Smidt-Stra\u00dfe 71\u00a0&#8211; 28217 Bremen<br \/>\n<a style=\"text-decoration: none;\" href=\"tel:+494216969760\">+ 49 (0) 421 \/ 69 69 760<\/a><br \/>\n<a style=\"text-decoration: none;\" href=\"mailto:mail.de@globe-group.com?subject=Anfrage%20von%20Website%20GLOBE\">mail.de(at)globe-group.com<\/a><\/p>\n<p>[\/vc_column_text][vc_empty_space height=\u00a0\u00bb20px\u00a0\u00bb][\/vc_column][\/vc_row][vc_row][vc_column][vc_column_text]<\/p>\n<h2>Nachfolgend unser <a href=\"https:\/\/www.globe-shopper.fr\/de\/promotion\/\">Leistungsspektrum<\/a> eingeteilt in Branchen:<\/h2>\n<p>[\/vc_column_text][\/vc_column][\/vc_row]<\/p>\n","protected":false},"excerpt":{"rendered":"<p>[vc_row][vc_column][vc_column_text] ERLEBNISSE &#8211; DIE NEUE VORAUSSETZUNG F\u00dcR DEN KAUF [\/vc_column_text][\/vc_column][\/vc_row][vc_row][vc_column][\/vc_column][\/vc_row][vc_row][vc_column][vc_column_text] KREATIVE L\u00d6SUNGEN Unserer Konzepte ist grunds\u00e4tzlich Sache unserer Kreativabteilung. Wir entwickeln unsere Ma\u00dfnahmen wie Werbekampagnen, kreativ, ambitioniert\u2026aber immer pragmatisch. Ein Team aus erfahrenen Werbern arbeitet f\u00fcr Sie in individuell zusammengestellten Projektgruppen \u2013 je nach\u00a0Branche und Bedarf. Ob Art Director, Designer, Texter, 3D Grafiker, Architekt, Innenausbauer [&hellip;]<\/p>\n","protected":false},"author":1,"featured_media":0,"parent":0,"menu_order":0,"comment_status":"closed","ping_status":"closed","template":"page-templates\/page-playground.php","meta":{"footnotes":""},"acf":[],"yoast_head":"<!-- This site is optimized with the Yoast SEO plugin v19.13 - https:\/\/yoast.com\/wordpress\/plugins\/seo\/ -->\n<title>Leistungsspektrum nach Branchen sortiert \u2605 Globe Group<\/title>\n<meta name=\"description\" content=\"Professionelle und individuell entwickelte Marketingaktionen inklusive Promotion Personal \u2714 Equipment \u2714 Fahrzeugbeschaffung \u2714 Lernen Sie uns kennen\" \/>\n<meta name=\"robots\" content=\"index, follow, max-snippet:-1, max-image-preview:large, max-video-preview:-1\" \/>\n<link rel=\"canonical\" href=\"https:\/\/www.globe-shopper.fr\/de\/branchen\/\" \/>\n<meta property=\"og:locale\" content=\"fr_FR\" \/>\n<meta property=\"og:type\" content=\"article\" \/>\n<meta property=\"og:title\" content=\"Leistungsspektrum nach Branchen sortiert \u2605 Globe Group\" \/>\n<meta property=\"og:description\" content=\"Professionelle und individuell entwickelte Marketingaktionen inklusive Promotion Personal \u2714 Equipment \u2714 Fahrzeugbeschaffung \u2714 Lernen Sie uns kennen\" \/>\n<meta property=\"og:url\" content=\"https:\/\/www.globe-shopper.fr\/de\/branchen\/\" \/>\n<meta property=\"og:site_name\" content=\"Globe Groupe\" \/>\n<meta property=\"article:modified_time\" content=\"2023-10-25T12:51:41+00:00\" \/>\n<meta name=\"twitter:card\" content=\"summary_large_image\" \/>\n<meta name=\"twitter:label1\" content=\"Dur\u00e9e de lecture est.\" \/>\n\t<meta name=\"twitter:data1\" content=\"1 minute\" \/>\n<script type=\"application\/ld+json\" class=\"yoast-schema-graph\">{\"@context\":\"https:\/\/schema.org\",\"@graph\":[{\"@type\":\"WebPage\",\"@id\":\"https:\/\/www.globe-shopper.fr\/de\/branchen\/\",\"url\":\"https:\/\/www.globe-shopper.fr\/de\/branchen\/\",\"name\":\"Leistungsspektrum nach Branchen sortiert \u2605 Globe Group\",\"isPartOf\":{\"@id\":\"https:\/\/www.globe-shopper.fr\/fr\/#website\"},\"datePublished\":\"2018-11-27T18:39:26+00:00\",\"dateModified\":\"2023-10-25T12:51:41+00:00\",\"description\":\"Professionelle und individuell entwickelte Marketingaktionen inklusive Promotion Personal \u2714 Equipment \u2714 Fahrzeugbeschaffung \u2714 Lernen Sie uns kennen\",\"breadcrumb\":{\"@id\":\"https:\/\/www.globe-shopper.fr\/de\/branchen\/#breadcrumb\"},\"inLanguage\":\"fr-FR\",\"potentialAction\":[{\"@type\":\"ReadAction\",\"target\":[\"https:\/\/www.globe-shopper.fr\/de\/branchen\/\"]}]},{\"@type\":\"BreadcrumbList\",\"@id\":\"https:\/\/www.globe-shopper.fr\/de\/branchen\/#breadcrumb\",\"itemListElement\":[{\"@type\":\"ListItem\",\"position\":1,\"name\":\"Home\",\"item\":\"https:\/\/www.globe-shopper.fr\/de\/ese-de\/\"},{\"@type\":\"ListItem\",\"position\":2,\"name\":\"Leistungsspektrum nach Branchen\"}]},{\"@type\":\"WebSite\",\"@id\":\"https:\/\/www.globe-shopper.fr\/fr\/#website\",\"url\":\"https:\/\/www.globe-shopper.fr\/fr\/\",\"name\":\"Globe Groupe\",\"description\":\"Effective Shopper Experience\",\"publisher\":{\"@id\":\"https:\/\/www.globe-shopper.fr\/fr\/#organization\"},\"potentialAction\":[{\"@type\":\"SearchAction\",\"target\":{\"@type\":\"EntryPoint\",\"urlTemplate\":\"https:\/\/www.globe-shopper.fr\/fr\/?s={search_term_string}\"},\"query-input\":\"required name=search_term_string\"}],\"inLanguage\":\"fr-FR\"},{\"@type\":\"Organization\",\"@id\":\"https:\/\/www.globe-shopper.fr\/fr\/#organization\",\"name\":\"Groupe Globe\",\"url\":\"https:\/\/www.globe-shopper.fr\/fr\/\",\"logo\":{\"@type\":\"ImageObject\",\"inLanguage\":\"fr-FR\",\"@id\":\"https:\/\/www.globe-shopper.fr\/fr\/#\/schema\/logo\/image\/\",\"url\":\"https:\/\/www.globe-shopper.fr\/wp-content\/uploads\/2021\/08\/globe-groupe.png\",\"contentUrl\":\"https:\/\/www.globe-shopper.fr\/wp-content\/uploads\/2021\/08\/globe-groupe.png\",\"width\":1269,\"height\":1024,\"caption\":\"Groupe Globe\"},\"image\":{\"@id\":\"https:\/\/www.globe-shopper.fr\/fr\/#\/schema\/logo\/image\/\"},\"sameAs\":[\"https:\/\/www.instagram.com\/globe_deutschland\/\",\"https:\/\/www.linkedin.com\/company\/globe-group-deutschland\/\"]}]}<\/script>\n<!-- \/ Yoast SEO plugin. -->","yoast_head_json":{"title":"Leistungsspektrum nach Branchen sortiert \u2605 Globe Group","description":"Professionelle und individuell entwickelte Marketingaktionen inklusive Promotion Personal \u2714 Equipment \u2714 Fahrzeugbeschaffung \u2714 Lernen Sie uns kennen","robots":{"index":"index","follow":"follow","max-snippet":"max-snippet:-1","max-image-preview":"max-image-preview:large","max-video-preview":"max-video-preview:-1"},"canonical":"https:\/\/www.globe-shopper.fr\/de\/branchen\/","og_locale":"fr_FR","og_type":"article","og_title":"Leistungsspektrum nach Branchen sortiert \u2605 Globe Group","og_description":"Professionelle und individuell entwickelte Marketingaktionen inklusive Promotion Personal \u2714 Equipment \u2714 Fahrzeugbeschaffung \u2714 Lernen Sie uns kennen","og_url":"https:\/\/www.globe-shopper.fr\/de\/branchen\/","og_site_name":"Globe Groupe","article_modified_time":"2023-10-25T12:51:41+00:00","twitter_card":"summary_large_image","twitter_misc":{"Dur\u00e9e de lecture est.":"1 minute"},"schema":{"@context":"https:\/\/schema.org","@graph":[{"@type":"WebPage","@id":"https:\/\/www.globe-shopper.fr\/de\/branchen\/","url":"https:\/\/www.globe-shopper.fr\/de\/branchen\/","name":"Leistungsspektrum nach Branchen sortiert \u2605 Globe Group","isPartOf":{"@id":"https:\/\/www.globe-shopper.fr\/fr\/#website"},"datePublished":"2018-11-27T18:39:26+00:00","dateModified":"2023-10-25T12:51:41+00:00","description":"Professionelle und individuell entwickelte Marketingaktionen inklusive Promotion Personal \u2714 Equipment \u2714 Fahrzeugbeschaffung \u2714 Lernen Sie uns kennen","breadcrumb":{"@id":"https:\/\/www.globe-shopper.fr\/de\/branchen\/#breadcrumb"},"inLanguage":"fr-FR","potentialAction":[{"@type":"ReadAction","target":["https:\/\/www.globe-shopper.fr\/de\/branchen\/"]}]},{"@type":"BreadcrumbList","@id":"https:\/\/www.globe-shopper.fr\/de\/branchen\/#breadcrumb","itemListElement":[{"@type":"ListItem","position":1,"name":"Home","item":"https:\/\/www.globe-shopper.fr\/de\/ese-de\/"},{"@type":"ListItem","position":2,"name":"Leistungsspektrum nach Branchen"}]},{"@type":"WebSite","@id":"https:\/\/www.globe-shopper.fr\/fr\/#website","url":"https:\/\/www.globe-shopper.fr\/fr\/","name":"Globe Groupe","description":"Effective Shopper Experience","publisher":{"@id":"https:\/\/www.globe-shopper.fr\/fr\/#organization"},"potentialAction":[{"@type":"SearchAction","target":{"@type":"EntryPoint","urlTemplate":"https:\/\/www.globe-shopper.fr\/fr\/?s={search_term_string}"},"query-input":"required name=search_term_string"}],"inLanguage":"fr-FR"},{"@type":"Organization","@id":"https:\/\/www.globe-shopper.fr\/fr\/#organization","name":"Groupe Globe","url":"https:\/\/www.globe-shopper.fr\/fr\/","logo":{"@type":"ImageObject","inLanguage":"fr-FR","@id":"https:\/\/www.globe-shopper.fr\/fr\/#\/schema\/logo\/image\/","url":"https:\/\/www.globe-shopper.fr\/wp-content\/uploads\/2021\/08\/globe-groupe.png","contentUrl":"https:\/\/www.globe-shopper.fr\/wp-content\/uploads\/2021\/08\/globe-groupe.png","width":1269,"height":1024,"caption":"Groupe Globe"},"image":{"@id":"https:\/\/www.globe-shopper.fr\/fr\/#\/schema\/logo\/image\/"},"sameAs":["https:\/\/www.instagram.com\/globe_deutschland\/","https:\/\/www.linkedin.com\/company\/globe-group-deutschland\/"]}]}},"_links":{"self":[{"href":"https:\/\/www.globe-shopper.fr\/de\/wp-json\/wp\/v2\/pages\/4303"}],"collection":[{"href":"https:\/\/www.globe-shopper.fr\/de\/wp-json\/wp\/v2\/pages"}],"about":[{"href":"https:\/\/www.globe-shopper.fr\/de\/wp-json\/wp\/v2\/types\/page"}],"author":[{"embeddable":true,"href":"https:\/\/www.globe-shopper.fr\/de\/wp-json\/wp\/v2\/users\/1"}],"replies":[{"embeddable":true,"href":"https:\/\/www.globe-shopper.fr\/de\/wp-json\/wp\/v2\/comments?post=4303"}],"version-history":[{"count":16,"href":"https:\/\/www.globe-shopper.fr\/de\/wp-json\/wp\/v2\/pages\/4303\/revisions"}],"predecessor-version":[{"id":7776,"href":"https:\/\/www.globe-shopper.fr\/de\/wp-json\/wp\/v2\/pages\/4303\/revisions\/7776"}],"wp:attachment":[{"href":"https:\/\/www.globe-shopper.fr\/de\/wp-json\/wp\/v2\/media?parent=4303"}],"curies":[{"name":"wp","href":"https:\/\/api.w.org\/{rel}","templated":true}]}}