{"id":4288,"date":"2018-10-29T15:30:51","date_gmt":"2018-10-29T14:30:51","guid":{"rendered":"https:\/\/www.globe-shopper.fr\/activation-marketing\/"},"modified":"2021-10-20T13:24:38","modified_gmt":"2021-10-20T12:24:38","slug":"promotion","status":"publish","type":"page","link":"https:\/\/www.globe-shopper.fr\/de\/promotion\/","title":{"rendered":"Leistungen"},"content":{"rendered":"<p>[vc_row][vc_column][vc_column_text]<\/p>\n<h2>Wenn aktives Verkaufen den Umsatz steigert und das Markenimage st\u00e4rkt<\/h2>\n<p>[\/vc_column_text][\/vc_column][\/vc_row][vc_row][vc_column]\n    <div class=\"separateur\"><span class=\"one\"><\/span><span class=\"two\"><\/span><\/div>\n\n    [\/vc_column][\/vc_row][vc_row][vc_column width=\u00a0\u00bb1\/3&Prime;][vc_column_text]<\/p>\n<h3>OUT STORE: LIFE-MARKETING<\/h3>\n<p><span style=\"color: #236aa6;\"><strong>Um sich in der \u00fcberfluteten Werbewelt von den Mitbewerbern abzuheben, ben\u00f6tigt Ihre Marke Aktionen, die Emotionen und Markenengagement schaffen.<\/strong><\/span><\/p>\n<p>Live Marketing Ma\u00dfnahmen entlang des Path to Purchase generieren einen hohen Erinnerungswert und schaffen Markenbindung, die sich bis zum Kaufmoment auswirkt.[\/vc_column_text][\/vc_column][vc_column width=\u00a0\u00bb1\/3&Prime;][vc_column_text]<\/p>\n<h3>IN-STORE: POS-MARKETING<\/h3>\n<p><span style=\"color: #236aa6;\"><strong>Fast immer wird die finale Kaufentscheidung und Produktwahl direkt am Point-of-Sale getroffen.<\/strong><\/span><\/p>\n<p>F\u00f6rdern Sie Ihre Verkaufszahlen also durch eine kreative und zielgruppengenaue Pr\u00e4sentation Ihrer Produkte am Verkaufsort und profitieren Sie von dem direkten Kontakt mit potenziellen Kunden.[\/vc_column_text][\/vc_column][vc_column width=\u00a0\u00bb1\/3&Prime;][vc_column_text]<\/p>\n<h3 class=\"page__headline page__headline--secondary page-block__headline\">PRODUKTION UND UMSETZUNG<\/h3>\n<p><span style=\"color: #236aa6;\"><strong>Globe setzt Markenkampagnen professionell um und garantiert deren Einsatzf\u00e4higkeit.<\/strong><\/span><\/p>\n<p>Unsere Prozesse sind darauf ausgelegt, realistische, kombinierte L\u00f6sungen zu entwickeln, die an praxisbezogenen KPIs orientiert sind. Wir garantieren Flexibilit\u00e4t und bestm\u00f6gliche Qualit\u00e4tskontrolle durch 100%ige Integration aller Etappen.[\/vc_column_text][\/vc_column][\/vc_row][vc_row css=\u00a0\u00bb.vc_custom_1566305143112{border-top-width: 20px !important;}\u00a0\u00bb][vc_column][vc_column_text]<\/p>\n<h2 style=\"text-align: center;\">\u00dcbersicht Leistungsspektrum<\/h2>\n<p>[\/vc_column_text][\/vc_column][\/vc_row]<\/p>\n","protected":false},"excerpt":{"rendered":"<p>[vc_row][vc_column][vc_column_text] Wenn aktives Verkaufen den Umsatz steigert und das Markenimage st\u00e4rkt [\/vc_column_text][\/vc_column][\/vc_row][vc_row][vc_column][\/vc_column][\/vc_row][vc_row][vc_column width=\u00a0\u00bb1\/3&Prime;][vc_column_text] OUT STORE: LIFE-MARKETING Um sich in der \u00fcberfluteten Werbewelt von den Mitbewerbern abzuheben, ben\u00f6tigt Ihre Marke Aktionen, die Emotionen und Markenengagement schaffen. Live Marketing Ma\u00dfnahmen entlang des Path to Purchase generieren einen hohen Erinnerungswert und schaffen Markenbindung, die sich bis zum Kaufmoment [&hellip;]<\/p>\n","protected":false},"author":1,"featured_media":0,"parent":0,"menu_order":0,"comment_status":"closed","ping_status":"closed","template":"page-templates\/page-work.php","meta":{"footnotes":""},"acf":[],"yoast_head":"<!-- This site is optimized with the Yoast SEO plugin v19.13 - https:\/\/yoast.com\/wordpress\/plugins\/seo\/ -->\n<title>Leistungens\u00fcbersicht Promotion Aktionen \u00bb Globe Group<\/title>\n<meta name=\"description\" content=\"Promotion schafft Markenerlebnisse und Kundenbindungen. GLOBE bietet \u2713 langj\u00e4hrige Erfahrung \u2713 bundesweit t\u00e4tig \u2713 international \u27a4 hier Infos\" \/>\n<meta name=\"robots\" content=\"index, follow, max-snippet:-1, max-image-preview:large, max-video-preview:-1\" \/>\n<link rel=\"canonical\" href=\"https:\/\/www.globe-shopper.fr\/de\/promotion\/\" \/>\n<meta property=\"og:locale\" content=\"fr_FR\" \/>\n<meta property=\"og:type\" content=\"article\" \/>\n<meta property=\"og:title\" content=\"Leistungens\u00fcbersicht Promotion Aktionen \u00bb Globe Group\" \/>\n<meta property=\"og:description\" content=\"Promotion schafft Markenerlebnisse und Kundenbindungen. GLOBE bietet \u2713 langj\u00e4hrige Erfahrung \u2713 bundesweit t\u00e4tig \u2713 international \u27a4 hier Infos\" \/>\n<meta property=\"og:url\" content=\"https:\/\/www.globe-shopper.fr\/de\/promotion\/\" \/>\n<meta property=\"og:site_name\" content=\"Globe Groupe\" \/>\n<meta property=\"article:modified_time\" content=\"2021-10-20T12:24:38+00:00\" \/>\n<meta name=\"twitter:card\" content=\"summary_large_image\" \/>\n<meta name=\"twitter:label1\" content=\"Dur\u00e9e de lecture est.\" \/>\n\t<meta name=\"twitter:data1\" content=\"1 minute\" \/>\n<script type=\"application\/ld+json\" class=\"yoast-schema-graph\">{\"@context\":\"https:\/\/schema.org\",\"@graph\":[{\"@type\":\"WebPage\",\"@id\":\"https:\/\/www.globe-shopper.fr\/de\/promotion\/\",\"url\":\"https:\/\/www.globe-shopper.fr\/de\/promotion\/\",\"name\":\"Leistungens\u00fcbersicht Promotion Aktionen \u00bb Globe Group\",\"isPartOf\":{\"@id\":\"https:\/\/www.globe-shopper.fr\/fr\/#website\"},\"datePublished\":\"2018-10-29T14:30:51+00:00\",\"dateModified\":\"2021-10-20T12:24:38+00:00\",\"description\":\"Promotion schafft Markenerlebnisse und Kundenbindungen. GLOBE bietet \u2713 langj\u00e4hrige Erfahrung \u2713 bundesweit t\u00e4tig \u2713 international \u27a4 hier Infos\",\"breadcrumb\":{\"@id\":\"https:\/\/www.globe-shopper.fr\/de\/promotion\/#breadcrumb\"},\"inLanguage\":\"fr-FR\",\"potentialAction\":[{\"@type\":\"ReadAction\",\"target\":[\"https:\/\/www.globe-shopper.fr\/de\/promotion\/\"]}]},{\"@type\":\"BreadcrumbList\",\"@id\":\"https:\/\/www.globe-shopper.fr\/de\/promotion\/#breadcrumb\",\"itemListElement\":[{\"@type\":\"ListItem\",\"position\":1,\"name\":\"Home\",\"item\":\"https:\/\/www.globe-shopper.fr\/de\/ese-de\/\"},{\"@type\":\"ListItem\",\"position\":2,\"name\":\"Leistungen\"}]},{\"@type\":\"WebSite\",\"@id\":\"https:\/\/www.globe-shopper.fr\/fr\/#website\",\"url\":\"https:\/\/www.globe-shopper.fr\/fr\/\",\"name\":\"Globe Groupe\",\"description\":\"Effective Shopper Experience\",\"publisher\":{\"@id\":\"https:\/\/www.globe-shopper.fr\/fr\/#organization\"},\"potentialAction\":[{\"@type\":\"SearchAction\",\"target\":{\"@type\":\"EntryPoint\",\"urlTemplate\":\"https:\/\/www.globe-shopper.fr\/fr\/?s={search_term_string}\"},\"query-input\":\"required name=search_term_string\"}],\"inLanguage\":\"fr-FR\"},{\"@type\":\"Organization\",\"@id\":\"https:\/\/www.globe-shopper.fr\/fr\/#organization\",\"name\":\"Groupe Globe\",\"url\":\"https:\/\/www.globe-shopper.fr\/fr\/\",\"logo\":{\"@type\":\"ImageObject\",\"inLanguage\":\"fr-FR\",\"@id\":\"https:\/\/www.globe-shopper.fr\/fr\/#\/schema\/logo\/image\/\",\"url\":\"https:\/\/www.globe-shopper.fr\/wp-content\/uploads\/2021\/08\/globe-groupe.png\",\"contentUrl\":\"https:\/\/www.globe-shopper.fr\/wp-content\/uploads\/2021\/08\/globe-groupe.png\",\"width\":1269,\"height\":1024,\"caption\":\"Groupe Globe\"},\"image\":{\"@id\":\"https:\/\/www.globe-shopper.fr\/fr\/#\/schema\/logo\/image\/\"},\"sameAs\":[\"https:\/\/www.instagram.com\/globe_deutschland\/\",\"https:\/\/www.linkedin.com\/company\/globe-group-deutschland\/\"]}]}<\/script>\n<!-- \/ Yoast SEO plugin. -->","yoast_head_json":{"title":"Leistungens\u00fcbersicht Promotion Aktionen \u00bb Globe Group","description":"Promotion schafft Markenerlebnisse und Kundenbindungen. GLOBE bietet \u2713 langj\u00e4hrige Erfahrung \u2713 bundesweit t\u00e4tig \u2713 international \u27a4 hier Infos","robots":{"index":"index","follow":"follow","max-snippet":"max-snippet:-1","max-image-preview":"max-image-preview:large","max-video-preview":"max-video-preview:-1"},"canonical":"https:\/\/www.globe-shopper.fr\/de\/promotion\/","og_locale":"fr_FR","og_type":"article","og_title":"Leistungens\u00fcbersicht Promotion Aktionen \u00bb Globe Group","og_description":"Promotion schafft Markenerlebnisse und Kundenbindungen. GLOBE bietet \u2713 langj\u00e4hrige Erfahrung \u2713 bundesweit t\u00e4tig \u2713 international \u27a4 hier Infos","og_url":"https:\/\/www.globe-shopper.fr\/de\/promotion\/","og_site_name":"Globe Groupe","article_modified_time":"2021-10-20T12:24:38+00:00","twitter_card":"summary_large_image","twitter_misc":{"Dur\u00e9e de lecture est.":"1 minute"},"schema":{"@context":"https:\/\/schema.org","@graph":[{"@type":"WebPage","@id":"https:\/\/www.globe-shopper.fr\/de\/promotion\/","url":"https:\/\/www.globe-shopper.fr\/de\/promotion\/","name":"Leistungens\u00fcbersicht Promotion Aktionen \u00bb Globe Group","isPartOf":{"@id":"https:\/\/www.globe-shopper.fr\/fr\/#website"},"datePublished":"2018-10-29T14:30:51+00:00","dateModified":"2021-10-20T12:24:38+00:00","description":"Promotion schafft Markenerlebnisse und Kundenbindungen. GLOBE bietet \u2713 langj\u00e4hrige Erfahrung \u2713 bundesweit t\u00e4tig \u2713 international \u27a4 hier Infos","breadcrumb":{"@id":"https:\/\/www.globe-shopper.fr\/de\/promotion\/#breadcrumb"},"inLanguage":"fr-FR","potentialAction":[{"@type":"ReadAction","target":["https:\/\/www.globe-shopper.fr\/de\/promotion\/"]}]},{"@type":"BreadcrumbList","@id":"https:\/\/www.globe-shopper.fr\/de\/promotion\/#breadcrumb","itemListElement":[{"@type":"ListItem","position":1,"name":"Home","item":"https:\/\/www.globe-shopper.fr\/de\/ese-de\/"},{"@type":"ListItem","position":2,"name":"Leistungen"}]},{"@type":"WebSite","@id":"https:\/\/www.globe-shopper.fr\/fr\/#website","url":"https:\/\/www.globe-shopper.fr\/fr\/","name":"Globe Groupe","description":"Effective Shopper Experience","publisher":{"@id":"https:\/\/www.globe-shopper.fr\/fr\/#organization"},"potentialAction":[{"@type":"SearchAction","target":{"@type":"EntryPoint","urlTemplate":"https:\/\/www.globe-shopper.fr\/fr\/?s={search_term_string}"},"query-input":"required name=search_term_string"}],"inLanguage":"fr-FR"},{"@type":"Organization","@id":"https:\/\/www.globe-shopper.fr\/fr\/#organization","name":"Groupe Globe","url":"https:\/\/www.globe-shopper.fr\/fr\/","logo":{"@type":"ImageObject","inLanguage":"fr-FR","@id":"https:\/\/www.globe-shopper.fr\/fr\/#\/schema\/logo\/image\/","url":"https:\/\/www.globe-shopper.fr\/wp-content\/uploads\/2021\/08\/globe-groupe.png","contentUrl":"https:\/\/www.globe-shopper.fr\/wp-content\/uploads\/2021\/08\/globe-groupe.png","width":1269,"height":1024,"caption":"Groupe Globe"},"image":{"@id":"https:\/\/www.globe-shopper.fr\/fr\/#\/schema\/logo\/image\/"},"sameAs":["https:\/\/www.instagram.com\/globe_deutschland\/","https:\/\/www.linkedin.com\/company\/globe-group-deutschland\/"]}]}},"_links":{"self":[{"href":"https:\/\/www.globe-shopper.fr\/de\/wp-json\/wp\/v2\/pages\/4288"}],"collection":[{"href":"https:\/\/www.globe-shopper.fr\/de\/wp-json\/wp\/v2\/pages"}],"about":[{"href":"https:\/\/www.globe-shopper.fr\/de\/wp-json\/wp\/v2\/types\/page"}],"author":[{"embeddable":true,"href":"https:\/\/www.globe-shopper.fr\/de\/wp-json\/wp\/v2\/users\/1"}],"replies":[{"embeddable":true,"href":"https:\/\/www.globe-shopper.fr\/de\/wp-json\/wp\/v2\/comments?post=4288"}],"version-history":[{"count":27,"href":"https:\/\/www.globe-shopper.fr\/de\/wp-json\/wp\/v2\/pages\/4288\/revisions"}],"predecessor-version":[{"id":7288,"href":"https:\/\/www.globe-shopper.fr\/de\/wp-json\/wp\/v2\/pages\/4288\/revisions\/7288"}],"wp:attachment":[{"href":"https:\/\/www.globe-shopper.fr\/de\/wp-json\/wp\/v2\/media?parent=4288"}],"curies":[{"name":"wp","href":"https:\/\/api.w.org\/{rel}","templated":true}]}}