{"id":4285,"date":"2018-10-29T15:29:27","date_gmt":"2018-10-29T14:29:27","guid":{"rendered":"https:\/\/www.globe-shopper.fr\/modele-shopper-marketing\/"},"modified":"2023-09-19T09:50:12","modified_gmt":"2023-09-19T08:50:12","slug":"shopper-marketing","status":"publish","type":"page","link":"https:\/\/www.globe-shopper.fr\/de\/shopper-marketing\/","title":{"rendered":"Shopper Marketing"},"content":{"rendered":"<p>[vc_row][vc_column el_id=\u00a0\u00bbenjeux\u00a0\u00bb]\n    <div class=\"bubules l-width\">\n                    <h3 class=\"title\">Unser Anspruch<\/h3>\n                <div class=\"content row-3\">\n                            <div class=\"bubule\">\n                    <p class=\"title\">Abverkauf erh\u00f6hen, neue K\u00e4ufer gewinnen<\/p>\n                <\/div>\n                                        <div class=\"bubule\">\n                    <p class=\"title\">Marken-, Shopper- und H\u00e4ndler-Er&shy;war&shy;tungen erf\u00fcllen<\/p>\n                <\/div>\n                                        <div class=\"bubule\">\n                    <p class=\"title\">ROI des Shopper Investments verbessern<\/p>\n                <\/div>\n                                <\/div>\n<\/div>\n\n    [\/vc_column][\/vc_row][vc_row][vc_column][vc_empty_space height=\u00a0\u00bb80px\u00a0\u00bb]\n    <div class=\"separateur\"><span class=\"one\"><\/span><span class=\"two\"><\/span><\/div>\n\n    [\/vc_column][\/vc_row][vc_row][vc_column el_id=\u00a0\u00bbexperience\u00a0\u00bb][vc_column_text]<\/p>\n<h3>ERLEBNISSE, DIE NEUE VORAUSSETZUNG F\u00dcR DEN VERKAUF<\/h3>\n<p>Die Zeiten haben sich ge\u00e4ndert, manche Regeln aber nicht. Ein gutes Produkt und eine gute Geschichte sind sehr wichtig, reichen aber f\u00fcr einen Verkauf alleine noch nicht aus.<br \/>\nW\u00e4hrend Technologie, E-Commerce und die Globalisierung die Branche sowie das Kaufverhalten zutiefst ver\u00e4ndert haben, ist eines gleich geblieben: Shopper erwarten immer noch von Marken und H\u00e4ndlern, dass das Shoppen vor allem ein gutes Gef\u00fchl verleihen soll. Ein Kontakt mit anderen Menschen, bei der das Ausprobieren und eine sofortige Bed\u00fcrfnisbefriedigung eine gro\u00dfe Rolle spielen &#8230;. Das Erlebnis und das Ausprobieren stehen dabei an erster Stelle.<\/p>\n<p><strong>Wenn dies als positiv erfahren wird, sind Verbraucher bereit, zu kaufen. Dann empfehlen sie das Produkt auch in ihrem privaten \u2013 und auch beruflichen \u2013 Umfeld weiter.<\/strong><\/p>\n<p>Gerade deshalb stellen wir sicher, dass Shopper richtige, bestimmte, bedeutungsvolle und einpr\u00e4gsame Momente erleben \u2013 dort, wo Shopper leben und wo sie einkaufen.[\/vc_column_text][\/vc_column][\/vc_row][vc_row][vc_column][vc_single_image image=\u00a0\u00bb6604&Prime; img_size=\u00a0\u00bbfull\u00a0\u00bb alignment=\u00a0\u00bbcenter\u00a0\u00bb][\/vc_column][\/vc_row][vc_row][vc_column]\n    <div class=\"separateur\"><span class=\"one\"><\/span><span class=\"two\"><\/span><\/div>\n\n    [\/vc_column][\/vc_row][vc_row][vc_column el_id=\u00a0\u00bbparcours-shopper\u00a0\u00bb][vc_column_text]<\/p>\n<h3>Von der Customer Journey zur Shopper Journey<\/h3>\n<p>[\/vc_column_text][vc_empty_space height=\u00a0\u00bb60px\u00a0\u00bb][\/vc_column][\/vc_row][vc_row][vc_column][vc_single_image image=\u00a0\u00bb7505&Prime; img_size=\u00a0\u00bbfull\u00a0\u00bb alignment=\u00a0\u00bbcenter\u00a0\u00bb][vc_empty_space height=\u00a0\u00bb50px\u00a0\u00bb][\/vc_column][\/vc_row][vc_row][vc_column][vc_column_text]Erfolgreiches Shopper Marketing verbindet drei elementar Beteiligte: den K\u00e4ufer, den H\u00e4ndler und die Marke. Wir planen unsere Aktionen jeweils da, wo Ihre Zielgruppe anzutreffen ist. Wir sorgen mit strategisch geplanten Aktivierungen daf\u00fcr, dass jeder Touchpoint um und im POS Shopper n\u00e4her an den Markt, an das Regal und an Ihr Produkt f\u00fchrt \u2013 mit anderen Worten: ein reibungsloses und effektives Shopper Marketing.<\/p>\n<p>&nbsp;<\/p>\n<h4>\u201eIN DATA WE TRUST\u201c<\/h4>\n<p>&nbsp;<\/p>\n<p>Personalgest\u00fctztes Shopper Marketing ist ein oftmals untersch\u00e4tztes, aber wirkungsvolles Mittel, um gleichzeitig Markenwert und Umsatz zu steigern. Wir erheben f\u00fcr jede Aktion KPIs \u00fcber Kontaktzahlen hinaus, um die Wirksamkeit der Ma\u00dfnahmen zu messen und mit unserem hauseigenen Benchmark zu vergleichen. So sind wir in der Lage, f\u00fcr nachfolgende Aktionen pr\u00e4zise Optimierungsans\u00e4tze zu erarbeiten und zu liefern, um die Effizienz nochmals zu steigern.<\/p>\n<p>Leere Versprechen und graue Theorie? Nein! Unsere hauseigene Post-Test-Methode erm\u00f6glicht es uns, die nachhaltige Wirkung Ihrer Kampagnen auf Markenimage und Kaufabsicht pr\u00e4zise zu messen.[\/vc_column_text][\/vc_column][\/vc_row][vc_row][vc_column]\n    <div class=\"separateur\"><span class=\"one\"><\/span><span class=\"two\"><\/span><\/div>\n\n    [\/vc_column][\/vc_row][vc_row][vc_column el_id=\u00a0\u00bbone-globe\u00a0\u00bb][vc_column_text]<\/p>\n<h3>One globe<\/h3>\n<h4>UNSERE PHILOSOPHIE:<br \/>\nSHOPPER CENTRIC<\/h4>\n<p><strong>Wir transformieren Erkenntnisse in umsetzbare und erfolgversprechende Aktionen, um Ihre Marke mit K\u00e4ufern zusammenzubringen \u2013 in den Momenten und an den Orten, die relevant sind und die den Ausschlag geben.<\/strong><\/p>\n<p><strong>Wir wandeln Markenwert in Ma\u00dfnahmen um, erstellen f\u00fcr Sie die perfekte Kontaktplanung und optimieren stets Ihren ROI.<\/strong><\/p>\n<p>Wir sind eine vollst\u00e4ndig integrierte <a href=\"https:\/\/www.globe-shopper.fr\/de\/eventagentur\/\">Eventagentur<\/a>, die in Echtzeit auf Ihre individuellen Bed\u00fcrfnisse eingeht und die Qualit\u00e4t und Effektivit\u00e4t von Kampagnen garantiert.[\/vc_column_text][vc_empty_space height=\u00a0\u00bb50px\u00a0\u00bb][\/vc_column][\/vc_row][vc_row][vc_column]\n    <div class=\"bubules2\">\n        <div class=\"content\">\n                            <div class=\"first\">\n                    <div class=\"bubule impair\">\n                        <p class=\"title\">SHOPPER INSIGHTS<\/p>\n                    <\/div>\n                                            <div class=\"pair\">\n                            <div class=\"bubule\">\n                                <p class=\"title\">STRATEGIE<\/p>\n                            <\/div>\n                        <\/div>\n                                    <\/div>\n            \n                            <div>\n                    <div class=\"bubule impair\">\n                        <p class=\"title\">TOUCHPOINT PLANNING<\/p>\n                    <\/div>\n                                            <div class=\"pair\">\n                            <div class=\"bubule\">\n                                <p class=\"title\">KREATION<\/p>\n                            <\/div>\n                        <\/div>\n                                    <\/div>\n            \n                            <div>\n                    <div class=\"bubule impair\">\n                        <p class=\"title\">PRODUKTION<\/p>\n                    <\/div>\n                                            <div class=\"pair\">\n                            <div class=\"bubule\">\n                                <p class=\"title\">AUSWERTUNG<\/p>\n                            <\/div>\n                        <\/div>\n                                    <\/div>\n                    <\/div>\n    <\/div>\n\n    [\/vc_column][\/vc_row][vc_row el_id=\u00a0\u00bbkontakt\u00a0\u00bb css=\u00a0\u00bb.vc_custom_1695113256463{background-color: #e9f0f6 !important;}\u00a0\u00bb][vc_column]\n    <div class=\"slider images\">\n        <div class=\"carousel-wrap\">\n            <div class=\"owl-carousel mains-slider\">\n                                                            <div class=\"item\"><img src=\"https:\/\/www.globe-shopper.fr\/wp-content\/uploads\/2018\/11\/Sans-titre.png\" alt=\"Sans titre\"><\/div>\n                                                                                <div class=\"item\"><img src=\"https:\/\/www.globe-shopper.fr\/wp-content\/uploads\/2018\/11\/Sans-titre.jpg\" alt=\"Sans titre\"><\/div>\n                                                                                <div class=\"item\"><img src=\"https:\/\/www.globe-shopper.fr\/wp-content\/uploads\/2018\/11\/TAILLE-IMAGES-SLIDERS-SITE.png\" alt=\"TAILLE IMAGES SLIDERS SITE\"><\/div>\n                                                <\/div>\n        <\/div>\n    <\/div>\n\n\n    [vc_column_text]<\/p>\n<h3 style=\"text-align: center;\">Kontaktieren Sie uns<\/h3>\n<p style=\"text-align: center;\">Sie haben offene Fragen oder m\u00f6chten erg\u00e4nzende Informationen?<br \/>\nSchicken Sie uns einfach eine unverbindliche Anfrage oder rufen Sie uns an:<\/p>\n<p style=\"text-align: center;\">Globe Shopper Activation GmbH\u00a0(vormals Elite Promotion GmbH)<br \/>\nKonsul-Smidt-Stra\u00dfe 71 &#8211; 28217 Bremen<br \/>\n<a style=\"text-decoration: none;\" href=\"tel:+494216969760\">+ 49 (0) 421 \/ 69 69 760<\/a><br \/>\n<a style=\"text-decoration: none;\" href=\"mailto:mail.de@globe-group.com?subject=Anfrage%20von%20Website%20GLOBE\">mail.de(at)globe-group.com<\/a><\/p>\n<p>[\/vc_column_text][\/vc_column][\/vc_row]<\/p>\n","protected":false},"excerpt":{"rendered":"<p>[vc_row][vc_column el_id=\u00a0\u00bbenjeux\u00a0\u00bb][\/vc_column][\/vc_row][vc_row][vc_column][vc_empty_space height=\u00a0\u00bb80px\u00a0\u00bb][\/vc_column][\/vc_row][vc_row][vc_column el_id=\u00a0\u00bbexperience\u00a0\u00bb][vc_column_text] ERLEBNISSE, DIE NEUE VORAUSSETZUNG F\u00dcR DEN VERKAUF Die Zeiten haben sich ge\u00e4ndert, manche Regeln aber nicht. Ein gutes Produkt und eine gute Geschichte sind sehr wichtig, reichen aber f\u00fcr einen Verkauf alleine noch nicht aus. W\u00e4hrend Technologie, E-Commerce und die Globalisierung die Branche sowie das Kaufverhalten zutiefst ver\u00e4ndert haben, ist eines [&hellip;]<\/p>\n","protected":false},"author":1,"featured_media":0,"parent":0,"menu_order":0,"comment_status":"closed","ping_status":"closed","template":"page-templates\/page-shopper.php","meta":{"footnotes":""},"acf":[],"yoast_head":"<!-- This site is optimized with the Yoast SEO plugin v19.13 - https:\/\/yoast.com\/wordpress\/plugins\/seo\/ -->\n<title>Shopper Marketing \u2605 von Customer Journey zur Shopper Journey<\/title>\n<meta name=\"description\" content=\"Wir schaffen kreative, verkaufsf\u00f6rdernde Ma\u00dfnahmen \ud83e\udd84am Verkaufsort f\u00fcr die direkte Absatzsteigerung Ihrer Produkte \ud83c\udfafLernen Sie uns kennen.\" \/>\n<meta name=\"robots\" content=\"index, follow, max-snippet:-1, max-image-preview:large, max-video-preview:-1\" \/>\n<link rel=\"canonical\" href=\"https:\/\/www.globe-shopper.fr\/de\/shopper-marketing\/\" \/>\n<meta property=\"og:locale\" content=\"fr_FR\" \/>\n<meta property=\"og:type\" content=\"article\" \/>\n<meta property=\"og:title\" content=\"Shopper Marketing \u2605 von Customer Journey zur Shopper Journey\" \/>\n<meta property=\"og:description\" content=\"Wir schaffen kreative, verkaufsf\u00f6rdernde Ma\u00dfnahmen \ud83e\udd84am Verkaufsort f\u00fcr die direkte Absatzsteigerung Ihrer Produkte \ud83c\udfafLernen Sie uns kennen.\" \/>\n<meta property=\"og:url\" content=\"https:\/\/www.globe-shopper.fr\/de\/shopper-marketing\/\" \/>\n<meta property=\"og:site_name\" content=\"Globe Groupe\" \/>\n<meta property=\"article:modified_time\" content=\"2023-09-19T08:50:12+00:00\" \/>\n<meta name=\"twitter:card\" content=\"summary_large_image\" \/>\n<meta name=\"twitter:label1\" content=\"Dur\u00e9e de lecture est.\" \/>\n\t<meta name=\"twitter:data1\" content=\"2 minutes\" \/>\n<script type=\"application\/ld+json\" class=\"yoast-schema-graph\">{\"@context\":\"https:\/\/schema.org\",\"@graph\":[{\"@type\":\"WebPage\",\"@id\":\"https:\/\/www.globe-shopper.fr\/de\/shopper-marketing\/\",\"url\":\"https:\/\/www.globe-shopper.fr\/de\/shopper-marketing\/\",\"name\":\"Shopper Marketing \u2605 von Customer Journey zur Shopper Journey\",\"isPartOf\":{\"@id\":\"https:\/\/www.globe-shopper.fr\/fr\/#website\"},\"datePublished\":\"2018-10-29T14:29:27+00:00\",\"dateModified\":\"2023-09-19T08:50:12+00:00\",\"description\":\"Wir schaffen kreative, verkaufsf\u00f6rdernde Ma\u00dfnahmen \ud83e\udd84am Verkaufsort f\u00fcr die direkte Absatzsteigerung Ihrer Produkte \ud83c\udfafLernen Sie uns kennen.\",\"breadcrumb\":{\"@id\":\"https:\/\/www.globe-shopper.fr\/de\/shopper-marketing\/#breadcrumb\"},\"inLanguage\":\"fr-FR\",\"potentialAction\":[{\"@type\":\"ReadAction\",\"target\":[\"https:\/\/www.globe-shopper.fr\/de\/shopper-marketing\/\"]}]},{\"@type\":\"BreadcrumbList\",\"@id\":\"https:\/\/www.globe-shopper.fr\/de\/shopper-marketing\/#breadcrumb\",\"itemListElement\":[{\"@type\":\"ListItem\",\"position\":1,\"name\":\"Home\",\"item\":\"https:\/\/www.globe-shopper.fr\/de\/ese-de\/\"},{\"@type\":\"ListItem\",\"position\":2,\"name\":\"Shopper Marketing\"}]},{\"@type\":\"WebSite\",\"@id\":\"https:\/\/www.globe-shopper.fr\/fr\/#website\",\"url\":\"https:\/\/www.globe-shopper.fr\/fr\/\",\"name\":\"Globe Groupe\",\"description\":\"Effective Shopper Experience\",\"publisher\":{\"@id\":\"https:\/\/www.globe-shopper.fr\/fr\/#organization\"},\"potentialAction\":[{\"@type\":\"SearchAction\",\"target\":{\"@type\":\"EntryPoint\",\"urlTemplate\":\"https:\/\/www.globe-shopper.fr\/fr\/?s={search_term_string}\"},\"query-input\":\"required name=search_term_string\"}],\"inLanguage\":\"fr-FR\"},{\"@type\":\"Organization\",\"@id\":\"https:\/\/www.globe-shopper.fr\/fr\/#organization\",\"name\":\"Groupe Globe\",\"url\":\"https:\/\/www.globe-shopper.fr\/fr\/\",\"logo\":{\"@type\":\"ImageObject\",\"inLanguage\":\"fr-FR\",\"@id\":\"https:\/\/www.globe-shopper.fr\/fr\/#\/schema\/logo\/image\/\",\"url\":\"https:\/\/www.globe-shopper.fr\/wp-content\/uploads\/2021\/08\/globe-groupe.png\",\"contentUrl\":\"https:\/\/www.globe-shopper.fr\/wp-content\/uploads\/2021\/08\/globe-groupe.png\",\"width\":1269,\"height\":1024,\"caption\":\"Groupe Globe\"},\"image\":{\"@id\":\"https:\/\/www.globe-shopper.fr\/fr\/#\/schema\/logo\/image\/\"},\"sameAs\":[\"https:\/\/www.instagram.com\/globe_deutschland\/\",\"https:\/\/www.linkedin.com\/company\/globe-group-deutschland\/\"]}]}<\/script>\n<!-- \/ Yoast SEO plugin. -->","yoast_head_json":{"title":"Shopper Marketing \u2605 von Customer Journey zur Shopper Journey","description":"Wir schaffen kreative, verkaufsf\u00f6rdernde Ma\u00dfnahmen \ud83e\udd84am Verkaufsort f\u00fcr die direkte Absatzsteigerung Ihrer Produkte \ud83c\udfafLernen Sie uns kennen.","robots":{"index":"index","follow":"follow","max-snippet":"max-snippet:-1","max-image-preview":"max-image-preview:large","max-video-preview":"max-video-preview:-1"},"canonical":"https:\/\/www.globe-shopper.fr\/de\/shopper-marketing\/","og_locale":"fr_FR","og_type":"article","og_title":"Shopper Marketing \u2605 von Customer Journey zur Shopper Journey","og_description":"Wir schaffen kreative, verkaufsf\u00f6rdernde Ma\u00dfnahmen \ud83e\udd84am Verkaufsort f\u00fcr die direkte Absatzsteigerung Ihrer Produkte \ud83c\udfafLernen Sie uns kennen.","og_url":"https:\/\/www.globe-shopper.fr\/de\/shopper-marketing\/","og_site_name":"Globe Groupe","article_modified_time":"2023-09-19T08:50:12+00:00","twitter_card":"summary_large_image","twitter_misc":{"Dur\u00e9e de lecture est.":"2 minutes"},"schema":{"@context":"https:\/\/schema.org","@graph":[{"@type":"WebPage","@id":"https:\/\/www.globe-shopper.fr\/de\/shopper-marketing\/","url":"https:\/\/www.globe-shopper.fr\/de\/shopper-marketing\/","name":"Shopper Marketing \u2605 von Customer Journey zur Shopper Journey","isPartOf":{"@id":"https:\/\/www.globe-shopper.fr\/fr\/#website"},"datePublished":"2018-10-29T14:29:27+00:00","dateModified":"2023-09-19T08:50:12+00:00","description":"Wir schaffen kreative, verkaufsf\u00f6rdernde Ma\u00dfnahmen \ud83e\udd84am Verkaufsort f\u00fcr die direkte Absatzsteigerung Ihrer Produkte \ud83c\udfafLernen Sie uns kennen.","breadcrumb":{"@id":"https:\/\/www.globe-shopper.fr\/de\/shopper-marketing\/#breadcrumb"},"inLanguage":"fr-FR","potentialAction":[{"@type":"ReadAction","target":["https:\/\/www.globe-shopper.fr\/de\/shopper-marketing\/"]}]},{"@type":"BreadcrumbList","@id":"https:\/\/www.globe-shopper.fr\/de\/shopper-marketing\/#breadcrumb","itemListElement":[{"@type":"ListItem","position":1,"name":"Home","item":"https:\/\/www.globe-shopper.fr\/de\/ese-de\/"},{"@type":"ListItem","position":2,"name":"Shopper Marketing"}]},{"@type":"WebSite","@id":"https:\/\/www.globe-shopper.fr\/fr\/#website","url":"https:\/\/www.globe-shopper.fr\/fr\/","name":"Globe Groupe","description":"Effective Shopper Experience","publisher":{"@id":"https:\/\/www.globe-shopper.fr\/fr\/#organization"},"potentialAction":[{"@type":"SearchAction","target":{"@type":"EntryPoint","urlTemplate":"https:\/\/www.globe-shopper.fr\/fr\/?s={search_term_string}"},"query-input":"required name=search_term_string"}],"inLanguage":"fr-FR"},{"@type":"Organization","@id":"https:\/\/www.globe-shopper.fr\/fr\/#organization","name":"Groupe Globe","url":"https:\/\/www.globe-shopper.fr\/fr\/","logo":{"@type":"ImageObject","inLanguage":"fr-FR","@id":"https:\/\/www.globe-shopper.fr\/fr\/#\/schema\/logo\/image\/","url":"https:\/\/www.globe-shopper.fr\/wp-content\/uploads\/2021\/08\/globe-groupe.png","contentUrl":"https:\/\/www.globe-shopper.fr\/wp-content\/uploads\/2021\/08\/globe-groupe.png","width":1269,"height":1024,"caption":"Groupe Globe"},"image":{"@id":"https:\/\/www.globe-shopper.fr\/fr\/#\/schema\/logo\/image\/"},"sameAs":["https:\/\/www.instagram.com\/globe_deutschland\/","https:\/\/www.linkedin.com\/company\/globe-group-deutschland\/"]}]}},"_links":{"self":[{"href":"https:\/\/www.globe-shopper.fr\/de\/wp-json\/wp\/v2\/pages\/4285"}],"collection":[{"href":"https:\/\/www.globe-shopper.fr\/de\/wp-json\/wp\/v2\/pages"}],"about":[{"href":"https:\/\/www.globe-shopper.fr\/de\/wp-json\/wp\/v2\/types\/page"}],"author":[{"embeddable":true,"href":"https:\/\/www.globe-shopper.fr\/de\/wp-json\/wp\/v2\/users\/1"}],"replies":[{"embeddable":true,"href":"https:\/\/www.globe-shopper.fr\/de\/wp-json\/wp\/v2\/comments?post=4285"}],"version-history":[{"count":29,"href":"https:\/\/www.globe-shopper.fr\/de\/wp-json\/wp\/v2\/pages\/4285\/revisions"}],"predecessor-version":[{"id":7767,"href":"https:\/\/www.globe-shopper.fr\/de\/wp-json\/wp\/v2\/pages\/4285\/revisions\/7767"}],"wp:attachment":[{"href":"https:\/\/www.globe-shopper.fr\/de\/wp-json\/wp\/v2\/media?parent=4285"}],"curies":[{"name":"wp","href":"https:\/\/api.w.org\/{rel}","templated":true}]}}