{"id":4271,"date":"2018-10-29T11:50:51","date_gmt":"2018-10-29T10:50:51","guid":{"rendered":"https:\/\/www.globe-shopper.fr\/accueil\/"},"modified":"2022-05-02T13:30:04","modified_gmt":"2022-05-02T12:30:04","slug":"accueil","status":"publish","type":"page","link":"https:\/\/www.globe-shopper.fr\/de\/accueil\/","title":{"rendered":"Startseite (old)"},"content":{"rendered":"<p>[vc_row][vc_column]\n    <div class=\"story-telling l-width\">\n        <p class=\"title\">globe<\/p>\n        <div class=\"subtitle\"><p>From story telling<\/p>\n<p>To story selling<\/p>\n<\/div>\n    <\/div>\n\n    [vc_column_text]<\/p>\n<p style=\"color: #236aa6; text-align: center; font-weight: 600;\">Auch in Zeiten von Corona sind wir als Eventagentur f\u00fcr Sie da. Mehr Infos zu <a href=\"https:\/\/www.globe-shopper.fr\/de\/promotion-corona\/\">Promotions w\u00e4hrend Corona<\/a> finden Sie auf der verlinkten Seite.<\/p>\n<p><strong>Marken sind allgegenw\u00e4rtig. In jedem Aspekt unseres Lebens, in jeder Minute, k\u00e4mpfen sie um unsere Aufmerksamkeit \u2013 mit immer komplexeren Botschaften und Versprechen.<\/strong><\/p>\n<p><span style=\"font-weight: 400;\">In dieser zunehmend komplexen Welt verlangen Verbraucher mehr Beweise, Erlebnisse, Ehrlichkeit und Transparenz. Sie m\u00f6chten etwas anfassen, f\u00fchlen, schmecken und ausprobieren, bevor sie das Vertrauen aufbauen, das f\u00fcr eine Kaufentscheidung erforderlich ist.<\/span><\/p>\n<p><span style=\"font-weight: 400;\">Verbraucher schenken nicht einfach jedem ihre Aufmerksamkeit. Sie erwarten, umworben zu werden, immer dann, wenn und wann es ihnen danach ist. Es liegt in der Verantwortung der Marken, auf die Verbraucher zuzugehen und Interesse zu wecken \u2013 \u00a0um eine Konversation zum richtigen Zeitpunkt und am richtigen Ort zu starten.<\/span>[\/vc_column_text][\/vc_column][\/vc_row][vc_row][vc_column]\n    <div class=\"bubules l-width\">\n                <div class=\"content row-3\">\n                            <div class=\"bubule\">\n                    <p class=\"title\">Abverkauf erh\u00f6hen, neue K\u00e4ufer gewinnen<\/p>\n                <\/div>\n                                        <div class=\"bubule\">\n                    <p class=\"title\">Marken-, Shopper- und H\u00e4ndler\u00aderwartungen erf\u00fcllen<\/p>\n                <\/div>\n                                        <div class=\"bubule\">\n                    <p class=\"title\">ROI des Shopper Investments verbessern<\/p>\n                <\/div>\n                                <\/div>\n<\/div>\n\n    [vc_column_text]<span style=\"font-weight: 400;\">Darum setzen wir all unser Know-how ein, um ein m\u00f6glichst breites Publikum anzusprechen und jeden Schritt auf der Shopper Journey zu aktivieren. <strong>Wir gestalten innovative Markenerlebnisse, um Menschen von Ihrer Marke zu \u00fcberzeugen und in loyale, regelm\u00e4\u00dfige K\u00e4ufer zu verwandeln\u2026 den besten Markenbotschaftern \u00fcberhaupt.<\/strong><\/span>[\/vc_column_text][\/vc_column][\/vc_row][vc_row][vc_column]\n    <div class=\"separateur\"><span class=\"one\"><\/span><span class=\"two\"><\/span><\/div>\n\n    <div class=\"l-width\">\n        <div class=\"returns-wrapper\">\n                            <div class=\"returns\">\n    <a href=\"https:\/\/www.globe-shopper.fr\/de\/promotion-agentur\/\" class=\"returns__link\">\n        <div class=\"returns__link-background\" style=\"background-image: url('https:\/\/www.globe-shopper.fr\/wp-content\/uploads\/2018\/10\/agence.jpg')\"><\/div>\n        <p class=\"returns__link-title\">Die Agentur<\/p>\n    <\/a>\n<\/div>\n            \n                            <div class=\"returns\">\n    <a href=\"https:\/\/www.globe-shopper.fr\/de\/shopper-marketing\/\" class=\"returns__link\">\n        <div class=\"returns__link-background\" style=\"background-image: url('https:\/\/www.globe-shopper.fr\/wp-content\/uploads\/2018\/10\/modele-shopper.jpg')\"><\/div>\n        <p class=\"returns__link-title\">SHOPPER-MODELL<\/p>\n    <\/a>\n<\/div>\n            \n                            <div class=\"returns\">\n    <a href=\"https:\/\/www.globe-shopper.fr\/de\/promotion\/\" class=\"returns__link\">\n        <div class=\"returns__link-background\" style=\"background-image: url('https:\/\/www.globe-shopper.fr\/wp-content\/uploads\/2018\/10\/stories.jpg')\"><\/div>\n        <p class=\"returns__link-title\">Leistungen<\/p>\n    <\/a>\n<\/div>\n                    <\/div>\n    <\/div>\n\n    [\/vc_column][\/vc_row][vc_row][vc_column]\n    <div class=\"slider images\">\n        <div class=\"carousel-wrap\">\n            <div class=\"owl-carousel mains-slider\">\n                                                            <div class=\"item\"><img src=\"https:\/\/www.globe-shopper.fr\/wp-content\/uploads\/2019\/01\/EVIAN-SLIDER-1-e1452265907563-1.jpg\" alt=\"EVIAN-SLIDER-1-e1452265907563\"><\/div>\n                                                                                <div class=\"item\"><img src=\"https:\/\/www.globe-shopper.fr\/wp-content\/uploads\/2018\/11\/033-scaled.jpg\" alt=\"033\"><\/div>\n                                                                                <div class=\"item\"><img src=\"https:\/\/www.globe-shopper.fr\/wp-content\/uploads\/2018\/11\/CARTE-NOIRE-TEMPS-FORT-resized.jpg\" alt=\"CARTE NOIRE TEMPS FORT\"><\/div>\n                                                                                <div class=\"item\"><img src=\"https:\/\/www.globe-shopper.fr\/wp-content\/uploads\/2018\/11\/ST-LAZ-MARKET-resized.jpg\" alt=\"ST LAZ MARKET resized\"><\/div>\n                                                <\/div>\n        <\/div>\n    <\/div>\n\n\n    [\/vc_column][\/vc_row][vc_row][vc_column]\n    <div class=\"button\">\n        <a href=\"https:\/\/www.globe-shopper.fr\/de\/kontakt\/\">Kontaktieren Sie uns<\/a>\n    <\/div>\n\n    [\/vc_column][\/vc_row][vc_row][vc_column]\n            <div class=\"last-news l-width\">\n            <div class=\"separateur\"><span class=\"one\"><\/span><span class=\"two\"><\/span><\/div>\n\n            <h2 class=\"last-news__title\"><\/h2>\n\n            <div class=\"news-content\">\n                \n                                    <a href=\"https:\/\/www.globe-shopper.fr\/de\/news\/globe-promotionagentur-bremen\/\" class=\"new\">\n                        <div class=\"img\">\n                            <img width=\"400\" height=\"320\" src=\"https:\/\/www.globe-shopper.fr\/wp-content\/uploads\/2024\/01\/2023-11_GLOBE-Bremen-News-1600x888-2-400x320.png\" class=\"attachment-single-blog-thumb size-single-blog-thumb wp-post-image\" alt=\"Grafik mit dem Text, dass ab dem 1. November 2023 GLOBE zusammen mit ihrer Schwesteragentur BARON in Bremen in der Konsul-Smidt-Stra\u00dfe 71 zu erreichen ist!\" decoding=\"async\" \/>                        <\/div>\n                        <div class=\"title\">GLOBE zieht um in Bremen<\/div>\n                        <div class=\"text\">\n                                                    <\/div>\n                    <\/a>\n                                    <a href=\"https:\/\/www.globe-shopper.fr\/de\/news\/the-future-of-retail-5-trends\/\" class=\"new\">\n                        <div class=\"img\">\n                            <img width=\"400\" height=\"320\" src=\"https:\/\/www.globe-shopper.fr\/wp-content\/uploads\/2021\/04\/TAILLE-IMAGE-PRINCIPALE-BLOG-DE-GLOBE_The-Future-of-Retail_Test-400x320.png\" class=\"attachment-single-blog-thumb size-single-blog-thumb wp-post-image\" alt=\"\" decoding=\"async\" \/>                        <\/div>\n                        <div class=\"title\">The Future of Retail: Diese f\u00fcnf Themen sind im Trend<\/div>\n                        <div class=\"text\">\n                                                    <\/div>\n                    <\/a>\n                \n                            <\/div>\n        <\/div>\n    \n    [\/vc_column][\/vc_row]<\/p>\n","protected":false},"excerpt":{"rendered":"<p>[vc_row][vc_column][vc_column_text] Auch in Zeiten von Corona sind wir als Eventagentur f\u00fcr Sie da. Mehr Infos zu Promotions w\u00e4hrend Corona finden Sie auf der verlinkten Seite. Marken sind allgegenw\u00e4rtig. In jedem Aspekt unseres Lebens, in jeder Minute, k\u00e4mpfen sie um unsere Aufmerksamkeit \u2013 mit immer komplexeren Botschaften und Versprechen. In dieser zunehmend komplexen Welt verlangen Verbraucher [&hellip;]<\/p>\n","protected":false},"author":1,"featured_media":0,"parent":0,"menu_order":0,"comment_status":"closed","ping_status":"closed","template":"","meta":{"footnotes":""},"acf":[],"yoast_head":"<!-- This site is optimized with the Yoast SEO plugin v19.13 - https:\/\/yoast.com\/wordpress\/plugins\/seo\/ -->\n<title>Die Promotion Agentur f\u00fcr Markenaktivierung \u25b6 Globe Group<\/title>\n<meta name=\"description\" content=\"Als f\u00fchrende Shopper-Marketing-Agentur konzipiert und schafft Globe unvergessliche Markenerlebnisse \ud83e\udd84 langfristige Kundenbindung\" \/>\n<meta name=\"robots\" content=\"noindex, follow\" \/>\n<meta property=\"og:locale\" content=\"fr_FR\" \/>\n<meta property=\"og:type\" content=\"article\" \/>\n<meta property=\"og:title\" content=\"Die Promotion Agentur f\u00fcr Markenaktivierung \u25b6 Globe Group\" \/>\n<meta property=\"og:description\" content=\"Als f\u00fchrende Shopper-Marketing-Agentur konzipiert und schafft Globe unvergessliche Markenerlebnisse \ud83e\udd84 langfristige Kundenbindung\" \/>\n<meta property=\"og:url\" content=\"https:\/\/www.globe-shopper.fr\/de\/\" \/>\n<meta property=\"og:site_name\" content=\"Globe Groupe\" \/>\n<meta property=\"article:modified_time\" content=\"2022-05-02T12:30:04+00:00\" \/>\n<meta name=\"twitter:card\" content=\"summary_large_image\" \/>\n<meta name=\"twitter:label1\" content=\"Dur\u00e9e de lecture est.\" \/>\n\t<meta name=\"twitter:data1\" content=\"2 minutes\" \/>\n<script type=\"application\/ld+json\" class=\"yoast-schema-graph\">{\"@context\":\"https:\/\/schema.org\",\"@graph\":[{\"@type\":\"WebPage\",\"@id\":\"https:\/\/www.globe-shopper.fr\/de\/\",\"url\":\"https:\/\/www.globe-shopper.fr\/de\/\",\"name\":\"Die Promotion Agentur f\u00fcr Markenaktivierung \u25b6 Globe Group\",\"isPartOf\":{\"@id\":\"https:\/\/www.globe-shopper.fr\/fr\/#website\"},\"datePublished\":\"2018-10-29T10:50:51+00:00\",\"dateModified\":\"2022-05-02T12:30:04+00:00\",\"description\":\"Als f\u00fchrende Shopper-Marketing-Agentur konzipiert und schafft Globe unvergessliche Markenerlebnisse \ud83e\udd84 langfristige Kundenbindung\",\"breadcrumb\":{\"@id\":\"https:\/\/www.globe-shopper.fr\/de\/#breadcrumb\"},\"inLanguage\":\"fr-FR\",\"potentialAction\":[{\"@type\":\"ReadAction\",\"target\":[\"https:\/\/www.globe-shopper.fr\/de\/\"]}]},{\"@type\":\"BreadcrumbList\",\"@id\":\"https:\/\/www.globe-shopper.fr\/de\/#breadcrumb\",\"itemListElement\":[{\"@type\":\"ListItem\",\"position\":1,\"name\":\"Home\",\"item\":\"https:\/\/www.globe-shopper.fr\/de\/ese-de\/\"},{\"@type\":\"ListItem\",\"position\":2,\"name\":\"Startseite (old)\"}]},{\"@type\":\"WebSite\",\"@id\":\"https:\/\/www.globe-shopper.fr\/fr\/#website\",\"url\":\"https:\/\/www.globe-shopper.fr\/fr\/\",\"name\":\"Globe Groupe\",\"description\":\"Effective Shopper Experience\",\"publisher\":{\"@id\":\"https:\/\/www.globe-shopper.fr\/fr\/#organization\"},\"potentialAction\":[{\"@type\":\"SearchAction\",\"target\":{\"@type\":\"EntryPoint\",\"urlTemplate\":\"https:\/\/www.globe-shopper.fr\/fr\/?s={search_term_string}\"},\"query-input\":\"required name=search_term_string\"}],\"inLanguage\":\"fr-FR\"},{\"@type\":\"Organization\",\"@id\":\"https:\/\/www.globe-shopper.fr\/fr\/#organization\",\"name\":\"Groupe Globe\",\"url\":\"https:\/\/www.globe-shopper.fr\/fr\/\",\"logo\":{\"@type\":\"ImageObject\",\"inLanguage\":\"fr-FR\",\"@id\":\"https:\/\/www.globe-shopper.fr\/fr\/#\/schema\/logo\/image\/\",\"url\":\"https:\/\/www.globe-shopper.fr\/wp-content\/uploads\/2021\/08\/globe-groupe.png\",\"contentUrl\":\"https:\/\/www.globe-shopper.fr\/wp-content\/uploads\/2021\/08\/globe-groupe.png\",\"width\":1269,\"height\":1024,\"caption\":\"Groupe Globe\"},\"image\":{\"@id\":\"https:\/\/www.globe-shopper.fr\/fr\/#\/schema\/logo\/image\/\"},\"sameAs\":[\"https:\/\/www.instagram.com\/globe_deutschland\/\",\"https:\/\/www.linkedin.com\/company\/globe-group-deutschland\/\"]}]}<\/script>\n<!-- \/ Yoast SEO plugin. -->","yoast_head_json":{"title":"Die Promotion Agentur f\u00fcr Markenaktivierung \u25b6 Globe Group","description":"Als f\u00fchrende Shopper-Marketing-Agentur konzipiert und schafft Globe unvergessliche Markenerlebnisse \ud83e\udd84 langfristige Kundenbindung","robots":{"index":"noindex","follow":"follow"},"og_locale":"fr_FR","og_type":"article","og_title":"Die Promotion Agentur f\u00fcr Markenaktivierung \u25b6 Globe Group","og_description":"Als f\u00fchrende Shopper-Marketing-Agentur konzipiert und schafft Globe unvergessliche Markenerlebnisse \ud83e\udd84 langfristige Kundenbindung","og_url":"https:\/\/www.globe-shopper.fr\/de\/","og_site_name":"Globe Groupe","article_modified_time":"2022-05-02T12:30:04+00:00","twitter_card":"summary_large_image","twitter_misc":{"Dur\u00e9e de lecture est.":"2 minutes"},"schema":{"@context":"https:\/\/schema.org","@graph":[{"@type":"WebPage","@id":"https:\/\/www.globe-shopper.fr\/de\/","url":"https:\/\/www.globe-shopper.fr\/de\/","name":"Die Promotion Agentur f\u00fcr Markenaktivierung \u25b6 Globe Group","isPartOf":{"@id":"https:\/\/www.globe-shopper.fr\/fr\/#website"},"datePublished":"2018-10-29T10:50:51+00:00","dateModified":"2022-05-02T12:30:04+00:00","description":"Als f\u00fchrende Shopper-Marketing-Agentur konzipiert und schafft Globe unvergessliche Markenerlebnisse \ud83e\udd84 langfristige Kundenbindung","breadcrumb":{"@id":"https:\/\/www.globe-shopper.fr\/de\/#breadcrumb"},"inLanguage":"fr-FR","potentialAction":[{"@type":"ReadAction","target":["https:\/\/www.globe-shopper.fr\/de\/"]}]},{"@type":"BreadcrumbList","@id":"https:\/\/www.globe-shopper.fr\/de\/#breadcrumb","itemListElement":[{"@type":"ListItem","position":1,"name":"Home","item":"https:\/\/www.globe-shopper.fr\/de\/ese-de\/"},{"@type":"ListItem","position":2,"name":"Startseite (old)"}]},{"@type":"WebSite","@id":"https:\/\/www.globe-shopper.fr\/fr\/#website","url":"https:\/\/www.globe-shopper.fr\/fr\/","name":"Globe Groupe","description":"Effective Shopper Experience","publisher":{"@id":"https:\/\/www.globe-shopper.fr\/fr\/#organization"},"potentialAction":[{"@type":"SearchAction","target":{"@type":"EntryPoint","urlTemplate":"https:\/\/www.globe-shopper.fr\/fr\/?s={search_term_string}"},"query-input":"required name=search_term_string"}],"inLanguage":"fr-FR"},{"@type":"Organization","@id":"https:\/\/www.globe-shopper.fr\/fr\/#organization","name":"Groupe Globe","url":"https:\/\/www.globe-shopper.fr\/fr\/","logo":{"@type":"ImageObject","inLanguage":"fr-FR","@id":"https:\/\/www.globe-shopper.fr\/fr\/#\/schema\/logo\/image\/","url":"https:\/\/www.globe-shopper.fr\/wp-content\/uploads\/2021\/08\/globe-groupe.png","contentUrl":"https:\/\/www.globe-shopper.fr\/wp-content\/uploads\/2021\/08\/globe-groupe.png","width":1269,"height":1024,"caption":"Groupe Globe"},"image":{"@id":"https:\/\/www.globe-shopper.fr\/fr\/#\/schema\/logo\/image\/"},"sameAs":["https:\/\/www.instagram.com\/globe_deutschland\/","https:\/\/www.linkedin.com\/company\/globe-group-deutschland\/"]}]}},"_links":{"self":[{"href":"https:\/\/www.globe-shopper.fr\/de\/wp-json\/wp\/v2\/pages\/4271"}],"collection":[{"href":"https:\/\/www.globe-shopper.fr\/de\/wp-json\/wp\/v2\/pages"}],"about":[{"href":"https:\/\/www.globe-shopper.fr\/de\/wp-json\/wp\/v2\/types\/page"}],"author":[{"embeddable":true,"href":"https:\/\/www.globe-shopper.fr\/de\/wp-json\/wp\/v2\/users\/1"}],"replies":[{"embeddable":true,"href":"https:\/\/www.globe-shopper.fr\/de\/wp-json\/wp\/v2\/comments?post=4271"}],"version-history":[{"count":24,"href":"https:\/\/www.globe-shopper.fr\/de\/wp-json\/wp\/v2\/pages\/4271\/revisions"}],"predecessor-version":[{"id":7612,"href":"https:\/\/www.globe-shopper.fr\/de\/wp-json\/wp\/v2\/pages\/4271\/revisions\/7612"}],"wp:attachment":[{"href":"https:\/\/www.globe-shopper.fr\/de\/wp-json\/wp\/v2\/media?parent=4271"}],"curies":[{"name":"wp","href":"https:\/\/api.w.org\/{rel}","templated":true}]}}